{"id":6582,"date":"2025-08-23T21:00:00","date_gmt":"2025-08-23T18:00:00","guid":{"rendered":"https:\/\/mustila.fi\/?page_id=6582"},"modified":"2025-08-23T22:57:34","modified_gmt":"2025-08-23T19:57:34","slug":"taimi-ja-siemenmyynti","status":"publish","type":"page","link":"https:\/\/mustila.fi\/ru\/taimi-ja-siemenmyynti\/","title":{"rendered":"Taimi- ja siemenmyynti"},"content":{"rendered":"\n<p>Jo yli sadan vuoden ajan on Arboretum Mustila etsinyt ja kokeillut ilmastossamme kest\u00e4vi\u00e4 ulkomaisia kasvikantoja. Mustilan siemenhinnaston runko ovat Arboretumin parhaista metsik\u00f6ist\u00e4 ja koeistutuksista ker\u00e4tyt siemenet. Valikoimaa on t\u00e4ydennetty muilla hyv\u00e4ksi havaituilla kotimaisilla lis\u00e4ysl\u00e4hteill\u00e4 sek\u00e4 ulkomailta hankituilla uusilla koesiemenerill\u00e4.<\/p>\n\n\n\n<p>Vaikka Arboretum ei ole varsinainen taimitarha, siell\u00e4 kasvatetaan runsaasti taimia koeistutuksia varten. Suurimmista erist\u00e4 myyd\u00e4\u00e4n taimia my\u00f6s harrastajille, jotta uudet kasvit saataisiin laajempaan kokeiluun. Pyrimme my\u00f6s pit\u00e4m\u00e4\u00e4n jatkuvasti valikoimassa niit\u00e4 Arboretumissa hyvin menestyneit\u00e4 puita ja pensaita, joita ei juuri miss\u00e4\u00e4n muualla ole myynniss\u00e4. T\u00e4llaisia ovat esimerkiksi monet vaahtera- ja pihtalajit. Myyt\u00e4v\u00e4t taimet ovat enimm\u00e4kseen pieni\u00e4 tai keskikokoisia kenno- ja astiataimia.&nbsp;<\/p>\n\n\n\n<h3 class=\"wp-block-heading\"><a href=\"https:\/\/mustila.fi\/siemenhinnasto\">Siemenhinnasto<\/a><\/h3>\n\n\n\n<h3 class=\"wp-block-heading\"><a href=\"https:\/\/mustila.fi\/taimimyynti\">Taimimyynti<\/a><\/h3>\n\n\n\n<h3 class=\"wp-block-heading\">Tilaukset:\u00a0<a href=\"https:\/\/mustila.fi\/ota_yhteytta\/\">Arboretumin toimistosta<\/a>. Taimimyynti my\u00f6s itsepoimintana Puistokahvilalta.<\/h3>\n","protected":false},"excerpt":{"rendered":"<p>Jo yli sadan vuoden ajan on Arboretum Mustila etsinyt ja kokeillut ilmastossamme kest\u00e4vi\u00e4 ulkomaisia kasvikantoja. Mustilan siemenhinnaston runko ovat Arboretumin parhaista metsik\u00f6ist\u00e4 ja koeistutuksista ker\u00e4tyt siemenet. Valikoimaa on t\u00e4ydennetty muilla hyv\u00e4ksi havaituilla kotimaisilla lis\u00e4ysl\u00e4hteill\u00e4 sek\u00e4 ulkomailta hankituilla uusilla koesiemenerill\u00e4. Vaikka Arboretum ei ole varsinainen taimitarha, siell\u00e4 kasvatetaan runsaasti taimia koeistutuksia varten. Suurimmista erist\u00e4 myyd\u00e4\u00e4n taimia [&hellip;]<\/p>\n","protected":false},"author":9,"featured_media":0,"parent":0,"menu_order":0,"comment_status":"closed","ping_status":"closed","template":"","meta":{"iawp_total_views":10574,"footnotes":""},"class_list":["post-6582","page","type-page","status-publish","hentry"],"_links":{"self":[{"href":"https:\/\/mustila.fi\/ru\/wp-json\/wp\/v2\/pages\/6582","targetHints":{"allow":["GET"]}}],"collection":[{"href":"https:\/\/mustila.fi\/ru\/wp-json\/wp\/v2\/pages"}],"about":[{"href":"https:\/\/mustila.fi\/ru\/wp-json\/wp\/v2\/types\/page"}],"author":[{"embeddable":true,"href":"https:\/\/mustila.fi\/ru\/wp-json\/wp\/v2\/users\/9"}],"replies":[{"embeddable":true,"href":"https:\/\/mustila.fi\/ru\/wp-json\/wp\/v2\/comments?post=6582"}],"version-history":[{"count":0,"href":"https:\/\/mustila.fi\/ru\/wp-json\/wp\/v2\/pages\/6582\/revisions"}],"wp:attachment":[{"href":"https:\/\/mustila.fi\/ru\/wp-json\/wp\/v2\/media?parent=6582"}],"curies":[{"name":"wp","href":"https:\/\/api.w.org\/{rel}","templated":true}]}}