{"id":6584,"date":"2026-03-31T12:00:00","date_gmt":"2026-03-31T09:00:00","guid":{"rendered":"https:\/\/mustila.fi\/?page_id=6584"},"modified":"2026-03-31T12:03:09","modified_gmt":"2026-03-31T09:03:09","slug":"siemenhinnasto","status":"publish","type":"page","link":"https:\/\/mustila.fi\/ru\/siemenhinnasto\/","title":{"rendered":"Siemenhinnasto"},"content":{"rendered":"\n<p>Jo yli 120 vuoden ajan on Arboretum Mustila etsinyt ja kokeillut ilmastossamme kest\u00e4vi\u00e4 ulkomaisia kasvikantoja. Mustilan siemenhinnaston runko ovat arboretumin parhaista metsik\u00f6ist\u00e4 ja koeistutuksista ker\u00e4tyt siemenet. Valikoimaa on t\u00e4ydennetty muilla hyv\u00e4ksi havaituilla kotimaisilla lis\u00e4ysl\u00e4hteill\u00e4 sek\u00e4 ulkomailta Suomea muistuttavilta ilmastoalueilta ker\u00e4tyill\u00e4 koesiemenerill\u00e4..<\/p>\n\n\n\n<h3 class=\"wp-block-heading\"><a href=\"https:\/\/mustila.fi\/wp-content\/uploads\/2026\/03\/siemenhinnasto-31-03-2026.pdf\" data-type=\"link\" data-id=\"https:\/\/mustila.fi\/wp-content\/uploads\/2025\/12\/siemenhinnasto-22-12-2025.pdf\">SIEMENHINNASTO ja tilausohjeet<\/a>\u00a0(p\u00e4ivitetty 31.3.2026)<\/h3>\n\n\n\n<p>Please click <span style=\"text-decoration: underline;\"><strong><a href=\"https:\/\/mustila.fi\/wp-cohttps:\/\/mustila.fi\/wp-content\/uploads\/2026\/03\/seed-list-31-03-2026.pdf\">here<\/a><\/strong><\/span> for the seed list in English (updated 31st March 2026).<\/p>\n\n\n\n<p><strong>Siemenrekisteri ja avain siemenkoodeihin ladattavissa <a href=\"https:\/\/mustila.fi\/siemenrekisteri\/\">t\u00e4ll\u00e4 sivulla<\/a>.<\/strong><\/p>\n\n\n\n<p><\/p>\n\n\n\n<div class=\"wp-block-file\"><a id=\"wp-block-file--media-c2a96a34-19e4-4e49-a5ac-13045c527126\" href=\"https:\/\/mustila.fi\/wp-content\/uploads\/2026\/03\/siemenhinnasto-31-03-2026.pdf\">siemenhinnasto 31-03-2026<\/a><a href=\"https:\/\/mustila.fi\/wp-content\/uploads\/2026\/03\/siemenhinnasto-31-03-2026.pdf\" class=\"wp-block-file__button wp-element-button\" download aria-describedby=\"wp-block-file--media-c2a96a34-19e4-4e49-a5ac-13045c527126\">Lataa<\/a><\/div>\n\n\n\n<div class=\"wp-block-file\"><a id=\"wp-block-file--media-de1d0d17-07fb-4b29-b54e-7acaebcb511e\" href=\"https:\/\/mustila.fi\/wp-content\/uploads\/2026\/03\/seed-list-31-03-2026.pdf\">seed list 31-03-2026<\/a><a href=\"https:\/\/mustila.fi\/wp-content\/uploads\/2026\/03\/seed-list-31-03-2026.pdf\" class=\"wp-block-file__button wp-element-button\" download aria-describedby=\"wp-block-file--media-de1d0d17-07fb-4b29-b54e-7acaebcb511e\">Lataa<\/a><\/div>\n","protected":false},"excerpt":{"rendered":"<p>Jo yli 120 vuoden ajan on Arboretum Mustila etsinyt ja kokeillut ilmastossamme kest\u00e4vi\u00e4 ulkomaisia kasvikantoja. Mustilan siemenhinnaston runko ovat arboretumin parhaista metsik\u00f6ist\u00e4 ja koeistutuksista ker\u00e4tyt siemenet. Valikoimaa on t\u00e4ydennetty muilla hyv\u00e4ksi havaituilla kotimaisilla lis\u00e4ysl\u00e4hteill\u00e4 sek\u00e4 ulkomailta Suomea muistuttavilta ilmastoalueilta ker\u00e4tyill\u00e4 koesiemenerill\u00e4.. SIEMENHINNASTO ja tilausohjeet\u00a0(p\u00e4ivitetty 31.3.2026) Please click here for the seed list in English (updated [&hellip;]<\/p>\n","protected":false},"author":9,"featured_media":0,"parent":0,"menu_order":0,"comment_status":"closed","ping_status":"closed","template":"","meta":{"iawp_total_views":7085,"footnotes":""},"class_list":["post-6584","page","type-page","status-publish","hentry"],"_links":{"self":[{"href":"https:\/\/mustila.fi\/ru\/wp-json\/wp\/v2\/pages\/6584","targetHints":{"allow":["GET"]}}],"collection":[{"href":"https:\/\/mustila.fi\/ru\/wp-json\/wp\/v2\/pages"}],"about":[{"href":"https:\/\/mustila.fi\/ru\/wp-json\/wp\/v2\/types\/page"}],"author":[{"embeddable":true,"href":"https:\/\/mustila.fi\/ru\/wp-json\/wp\/v2\/users\/9"}],"replies":[{"embeddable":true,"href":"https:\/\/mustila.fi\/ru\/wp-json\/wp\/v2\/comments?post=6584"}],"version-history":[{"count":0,"href":"https:\/\/mustila.fi\/ru\/wp-json\/wp\/v2\/pages\/6584\/revisions"}],"wp:attachment":[{"href":"https:\/\/mustila.fi\/ru\/wp-json\/wp\/v2\/media?parent=6584"}],"curies":[{"name":"wp","href":"https:\/\/api.w.org\/{rel}","templated":true}]}}