{"id":6588,"date":"2024-04-24T06:00:00","date_gmt":"2024-04-24T06:00:00","guid":{"rendered":"https:\/\/mustila.fi\/?page_id=6588"},"modified":"2025-04-24T23:52:14","modified_gmt":"2025-04-24T23:52:14","slug":"siementen-kasittely-ja-kylvo","status":"publish","type":"page","link":"https:\/\/mustila.fi\/ru\/siementen-kasittely-ja-kylvo\/","title":{"rendered":"Siementen k\u00e4sittely ja kylv\u00f6"},"content":{"rendered":"\n<p><strong>Monet puuvartisten kasvien siemenet vaativat erilaisia k\u00e4sittelyit\u00e4 it\u00e4\u00e4kseen. <\/strong>Mustilassa hankitun kokemuksen ja ker\u00e4tyn tiedon pohjalta valmisteilla on Mustilan kasvatusoppaat -sarjassa siemenkasvatusopas, joka tulee pit\u00e4m\u00e4\u00e4n sis\u00e4ll\u00e4\u00e4n ohjeet kaikkien Suomessa j\u00e4rjellisen rajoissa mahdollisten puuvartisten kasvien id\u00e4tyksest\u00e4. Sen valmistumista odotellessa&#8230;<\/p>\n\n\n\n<p>&#8230; <strong>suosittelemme eritt\u00e4in l\u00e4mpim\u00e4sti tutustumista alla oleviin kylv\u00f6ohjeisiin ennen siementen kylv\u00e4mist\u00e4!\u00a0My\u00f6s istuttamista varten olemme koonneet lyhyen ohjeistuksen.<\/strong><\/p>\n\n\n\n<p><\/p>\n\n\n\n<div class=\"wp-block-file\"><a id=\"wp-block-file--media-4ea2f337-74f4-4bf7-ba0c-3b58ebaef785\" href=\"http:\/\/mustila.fi\/wp-content\/uploads\/2024\/02\/kylvoohjeet-2024.pdf\">kylv\u00f6ohjeet 2024<\/a><a href=\"http:\/\/mustila.fi\/wp-content\/uploads\/2024\/02\/kylvoohjeet-2024.pdf\" class=\"wp-block-file__button wp-element-button\" download aria-describedby=\"wp-block-file--media-4ea2f337-74f4-4bf7-ba0c-3b58ebaef785\">Lataa<\/a><\/div>\n\n\n\n<p><\/p>\n\n\n\n<p><a href=\"https:\/\/mustila.fi\/wp-content\/uploads\/2023\/09\/istutusohje_perusasiat.pdf\" data-type=\"attachment\" data-id=\"17705\">istutusohje_perusasiat.pdf<\/a><\/p>\n\n\n\n<p><a href=\"\/wp-content\/uploads\/2023\/09\/rhododendron_kylvo_ja_kasvatus_2016.pdf\">rhododendron_kylvo_ja_kasvatus_2016.pdf<\/a><\/p>\n\n\n\n<p><\/p>\n","protected":false},"excerpt":{"rendered":"<p>Monet puuvartisten kasvien siemenet vaativat erilaisia k\u00e4sittelyit\u00e4 it\u00e4\u00e4kseen. Mustilassa hankitun kokemuksen ja ker\u00e4tyn tiedon pohjalta valmisteilla on Mustilan kasvatusoppaat -sarjassa siemenkasvatusopas, joka tulee pit\u00e4m\u00e4\u00e4n sis\u00e4ll\u00e4\u00e4n ohjeet kaikkien Suomessa j\u00e4rjellisen rajoissa mahdollisten puuvartisten kasvien id\u00e4tyksest\u00e4. Sen valmistumista odotellessa&#8230; &#8230; suosittelemme eritt\u00e4in l\u00e4mpim\u00e4sti tutustumista alla oleviin kylv\u00f6ohjeisiin ennen siementen kylv\u00e4mist\u00e4!\u00a0My\u00f6s istuttamista varten olemme koonneet lyhyen ohjeistuksen. istutusohje_perusasiat.pdf [&hellip;]<\/p>\n","protected":false},"author":9,"featured_media":0,"parent":0,"menu_order":0,"comment_status":"closed","ping_status":"closed","template":"","meta":{"iawp_total_views":487,"footnotes":""},"class_list":["post-6588","page","type-page","status-publish","hentry"],"_links":{"self":[{"href":"https:\/\/mustila.fi\/ru\/wp-json\/wp\/v2\/pages\/6588","targetHints":{"allow":["GET"]}}],"collection":[{"href":"https:\/\/mustila.fi\/ru\/wp-json\/wp\/v2\/pages"}],"about":[{"href":"https:\/\/mustila.fi\/ru\/wp-json\/wp\/v2\/types\/page"}],"author":[{"embeddable":true,"href":"https:\/\/mustila.fi\/ru\/wp-json\/wp\/v2\/users\/9"}],"replies":[{"embeddable":true,"href":"https:\/\/mustila.fi\/ru\/wp-json\/wp\/v2\/comments?post=6588"}],"version-history":[{"count":0,"href":"https:\/\/mustila.fi\/ru\/wp-json\/wp\/v2\/pages\/6588\/revisions"}],"wp:attachment":[{"href":"https:\/\/mustila.fi\/ru\/wp-json\/wp\/v2\/media?parent=6588"}],"curies":[{"name":"wp","href":"https:\/\/api.w.org\/{rel}","templated":true}]}}