{"id":6603,"date":"2025-10-08T10:40:00","date_gmt":"2025-10-08T07:40:00","guid":{"rendered":"https:\/\/mustila.fi\/?page_id=6603"},"modified":"2025-10-08T10:43:18","modified_gmt":"2025-10-08T07:43:18","slug":"puistokahvila","status":"publish","type":"page","link":"https:\/\/mustila.fi\/ru\/puistokahvila\/","title":{"rendered":"Puistokahvila"},"content":{"rendered":"\n<figure class=\"wp-block-image\"><img decoding=\"async\" src=\"\/wp-content\/uploads\/tiedostot\/kahvila_2.jpg\" alt=\"Kahvila\"\/><\/figure>\n\n\n\n<h3 class=\"wp-block-heading\">Puistokahvila<\/h3>\n\n\n\n<p>Heti pys\u00e4k\u00f6intialueelta alkavan m\u00e4en rinteess\u00e4 sijaitsee vanha viljamakasiini, johon rakennettu tunnelmallinen Puistokahvila palvelee puiston vieraita toukokuun alusta syyskuun loppuun sek\u00e4 lokakuun kahtena ensimm\u00e4isen\u00e4 viikonloppuna. Aukioloajat l\u00f6yd\u00e4t <a href=\"https:\/\/mustila.fi\/aukioloajat-ja-paasymaksut\/\"><strong>aukiolosivulta<\/strong><\/a>. Talvikautena (lokakuun puoliv\u00e4list\u00e4 huhtikuun loppuun) kahvila on suljettu.\u00a0<\/p>\n\n\n\n<p>Kahvilan tarjonnan ydin ovat omassa keitti\u00f6ss\u00e4 k\u00e4sin leivotut ja paistetut leivonnaiset. Lis\u00e4ksi kahvilasta voi ostaa makeisia, j\u00e4\u00e4tel\u00f6\u00e4 ja virvoitusjuomia. Kes\u00e4-, hein\u00e4- ja elokuussa kahvilassa on joka p\u00e4iv\u00e4 lounasaikaan tarjolla p\u00e4iv\u00e4n keitto&nbsp;hintaan 8,00 \u20ac. Ryhmille voi erikseen sopien tilata runsaamman lounaan, p\u00e4iv\u00e4llisen tai kahvituksen, my\u00f6s kahvilan aukioloaikojen ulkopuolella. Kahvilan tuotto k\u00e4ytet\u00e4\u00e4n arboretumin hoitoon ja kehitt\u00e4miseen.&nbsp;<\/p>\n\n\n\n<p>Kahvilan yl\u00e4kerta on mahdollista varata esimerkiksi kokous- tai luentotilaksi tai juhlatilaisuutta varten. Sinne mahtuu mukavasti asettumaan noin 25 henke\u00e4, lis\u00e4tilat mukaanlukien enemm\u00e4nkin. Suurempia juhlatilaisuuksia varten k\u00e4ytett\u00e4viss\u00e4 on Tallinvintin museo (vetoisuus 80 henke\u00e4) tai jokin useista mahdollisista katetuista tai kattamattomista ulkotiloista (katso tarkemmin sivulta <a href=\"https:\/\/mustila.fi\/haat-ja-juhlat-mustilassa\/\">H\u00e4\u00e4t ja muut juhlat<\/a>).  <\/p>\n\n\n\n<p>Puistokahvilasta voi ostaa my\u00f6s:<\/p>\n\n\n\n<ul class=\"wp-block-list\">\n<li>Harvinaisten kasvien taimia (siementilaukset mieluiten <a href=\"https:\/\/mustila.fi\/siemenhinnasto\/\">ennakkotilauksena tai postitse<\/a>)<\/li>\n\n\n\n<li>Puutarhakirjallisuutta ja kasvitieteellisi\u00e4 julkaisuja<\/li>\n\n\n\n<li>Postikortteja ja muistoesineit\u00e4 (esim. jalopuiset leikkuulaudat)<\/li>\n<\/ul>\n\n\n\n<p><\/p>\n","protected":false},"excerpt":{"rendered":"<p>Puistokahvila Heti pys\u00e4k\u00f6intialueelta alkavan m\u00e4en rinteess\u00e4 sijaitsee vanha viljamakasiini, johon rakennettu tunnelmallinen Puistokahvila palvelee puiston vieraita toukokuun alusta syyskuun loppuun sek\u00e4 lokakuun kahtena ensimm\u00e4isen\u00e4 viikonloppuna. Aukioloajat l\u00f6yd\u00e4t aukiolosivulta. Talvikautena (lokakuun puoliv\u00e4list\u00e4 huhtikuun loppuun) kahvila on suljettu.\u00a0 Kahvilan tarjonnan ydin ovat omassa keitti\u00f6ss\u00e4 k\u00e4sin leivotut ja paistetut leivonnaiset. Lis\u00e4ksi kahvilasta voi ostaa makeisia, j\u00e4\u00e4tel\u00f6\u00e4 ja virvoitusjuomia. [&hellip;]<\/p>\n","protected":false},"author":9,"featured_media":0,"parent":0,"menu_order":0,"comment_status":"closed","ping_status":"closed","template":"","meta":{"iawp_total_views":2392,"footnotes":""},"class_list":["post-6603","page","type-page","status-publish","hentry"],"_links":{"self":[{"href":"https:\/\/mustila.fi\/ru\/wp-json\/wp\/v2\/pages\/6603","targetHints":{"allow":["GET"]}}],"collection":[{"href":"https:\/\/mustila.fi\/ru\/wp-json\/wp\/v2\/pages"}],"about":[{"href":"https:\/\/mustila.fi\/ru\/wp-json\/wp\/v2\/types\/page"}],"author":[{"embeddable":true,"href":"https:\/\/mustila.fi\/ru\/wp-json\/wp\/v2\/users\/9"}],"replies":[{"embeddable":true,"href":"https:\/\/mustila.fi\/ru\/wp-json\/wp\/v2\/comments?post=6603"}],"version-history":[{"count":0,"href":"https:\/\/mustila.fi\/ru\/wp-json\/wp\/v2\/pages\/6603\/revisions"}],"wp:attachment":[{"href":"https:\/\/mustila.fi\/ru\/wp-json\/wp\/v2\/media?parent=6603"}],"curies":[{"name":"wp","href":"https:\/\/api.w.org\/{rel}","templated":true}]}}