{"id":6606,"date":"2023-07-28T08:05:12","date_gmt":"2023-07-28T08:05:12","guid":{"rendered":"https:\/\/mustila.fi\/?page_id=6606"},"modified":"2026-03-01T16:46:11","modified_gmt":"2026-03-01T14:46:11","slug":"opastukset-ryhmille","status":"publish","type":"page","link":"https:\/\/mustila.fi\/ru\/opastukset-ryhmille\/","title":{"rendered":"Opastukset ryhmille"},"content":{"rendered":"\n<p>J\u00e4rjest\u00e4mme ryhmille opastettuja kierroksia arboretumissa. Opastuksen sis\u00e4lt\u00f6 ja kesto voidaan sopia ryhm\u00e4n toiveiden mukaan. Tavallisesti opastus on runsaan tunnin mittainen ja vajaan kilometrin pituinen k\u00e4vely puiston keskeisimmill\u00e4 alueilla, vuodenajasta riippuen Atsalearinteell\u00e4, Alppiruusulaaksossa, Havuterassilla ja\/tai P\u00e4hkin\u00e4rinteess\u00e4. Opastus on mahdollinen suomeksi, ruotsiksi tai englanniksi. Oppaana toimii arboretumin huippuasiantuntija.<\/p>\n\n\n\n<p>Alle puolentoista tunnin opastuksesta ryhm\u00e4t maksavat\u00a0<strong><a href=\"https:\/\/mustila.fi\/aukioloajat-ja-paasymaksut\/\" data-type=\"page\" data-id=\"6596\">arboretumin p\u00e4\u00e4symaksujen<\/a><\/strong>\u00a0lis\u00e4ksi\u00a0<strong>arkisin\u00a070 euroa \/\u00a0opas<\/strong>,\u00a0<strong>viikonloppuisin ja<\/strong>\u00a0<strong>pyh\u00e4p\u00e4ivin\u00e4 90 euroa \/\u00a0opas<\/strong>. Oppilas- ja koululaisryhm\u00e4t sek\u00e4 pidemm\u00e4t erikoisopastukset hinnoittelemme sopimuksen mukaan.\u00a0<\/p>\n\n\n\n<p>Opastuksen yhteyteen voi tilata kahvituksen tai aterian.<\/p>\n","protected":false},"excerpt":{"rendered":"<p>J\u00e4rjest\u00e4mme ryhmille opastettuja kierroksia arboretumissa. Opastuksen sis\u00e4lt\u00f6 ja kesto voidaan sopia ryhm\u00e4n toiveiden mukaan. Tavallisesti opastus on runsaan tunnin mittainen ja vajaan kilometrin pituinen k\u00e4vely puiston keskeisimmill\u00e4 alueilla, vuodenajasta riippuen Atsalearinteell\u00e4, Alppiruusulaaksossa, Havuterassilla ja\/tai P\u00e4hkin\u00e4rinteess\u00e4. Opastus on mahdollinen suomeksi, ruotsiksi tai englanniksi. Oppaana toimii arboretumin huippuasiantuntija. Alle puolentoista tunnin opastuksesta ryhm\u00e4t maksavat\u00a0arboretumin p\u00e4\u00e4symaksujen\u00a0lis\u00e4ksi\u00a0arkisin\u00a070 euroa \/\u00a0opas,\u00a0viikonloppuisin [&hellip;]<\/p>\n","protected":false},"author":2,"featured_media":0,"parent":0,"menu_order":0,"comment_status":"closed","ping_status":"closed","template":"","meta":{"iawp_total_views":125,"footnotes":""},"class_list":["post-6606","page","type-page","status-publish","hentry"],"_links":{"self":[{"href":"https:\/\/mustila.fi\/ru\/wp-json\/wp\/v2\/pages\/6606","targetHints":{"allow":["GET"]}}],"collection":[{"href":"https:\/\/mustila.fi\/ru\/wp-json\/wp\/v2\/pages"}],"about":[{"href":"https:\/\/mustila.fi\/ru\/wp-json\/wp\/v2\/types\/page"}],"author":[{"embeddable":true,"href":"https:\/\/mustila.fi\/ru\/wp-json\/wp\/v2\/users\/2"}],"replies":[{"embeddable":true,"href":"https:\/\/mustila.fi\/ru\/wp-json\/wp\/v2\/comments?post=6606"}],"version-history":[{"count":0,"href":"https:\/\/mustila.fi\/ru\/wp-json\/wp\/v2\/pages\/6606\/revisions"}],"wp:attachment":[{"href":"https:\/\/mustila.fi\/ru\/wp-json\/wp\/v2\/media?parent=6606"}],"curies":[{"name":"wp","href":"https:\/\/api.w.org\/{rel}","templated":true}]}}