{"id":6612,"date":"2025-04-24T06:00:00","date_gmt":"2025-04-24T06:00:00","guid":{"rendered":"https:\/\/mustila.fi\/?page_id=6612"},"modified":"2025-04-24T22:41:24","modified_gmt":"2025-04-24T22:41:24","slug":"opasteet-ja-opaskirja","status":"publish","type":"page","link":"https:\/\/mustila.fi\/ru\/opasteet-ja-opaskirja\/","title":{"rendered":"Opasteet ja opaskirja"},"content":{"rendered":"\n<h3 class=\"wp-block-heading\">Opaskirja ja opasteet omatoimista retkeily\u00e4 varten<\/h3>\n\n\n\n<p>120 hehtaarin laajuisessa arboretumissa on mahdollista retkeill\u00e4 omatoimisesti vaikka useita p\u00e4ivi\u00e4. Omatoimista tutustumista varten satoja eri kasveja on merkitty&nbsp;<strong>nimikyltein<\/strong>. Ensikertalaisia varten on merkitty viitoin kolme eripituista, helposti seurattavaa&nbsp;<strong>retkeilyreitti\u00e4&nbsp;<\/strong>(punainen reitti 1,5 km, keltainen reitti 2,5 km ja sininen reitti 3 km) sek\u00e4 kysymysrasteja sis\u00e4lt\u00e4v\u00e4&nbsp;<strong>luontopolku<\/strong>, joiden lis\u00e4ksi on vapaasti kuljettavana kymmeni\u00e4&nbsp;<strong>pikkupolkuja<\/strong>.<\/p>\n\n\n\n<p>Arboretumin vuonna 2011 valmistunut\u00a0<strong>opaskirja\u00a0<\/strong>on loppunut ja sis\u00e4ll\u00f6llisesti osin vanhentunut. Uuden laitoksen toimittamiseen ei valitettavasti t\u00e4ll\u00e4 hetkell\u00e4 ole resursseja. Vanhoja opaskirjoja ja kohdeselostekirjasia on ladattavissa <a href=\"https:\/\/mustila.fi\/mustila-kirjallisuutta\/\">t\u00e4ll\u00e4 sivulla<\/a>. <\/p>\n\n\n\n<p>P\u00e4ivitettyj\u00e4 opasteita odotellessa Puistokahvilalla on jaossa\u00a0<strong>kauden kasvit -karttoja<\/strong>, joiden avulla retkeilij\u00e4 l\u00f6yt\u00e4\u00e4 nopeasti kunkin ajankohdan k\u00e4rkin\u00e4ht\u00e4vyydet. Teknologisesti suuntautuneempia matkailijoita varten on valmistettu\u00a0<a href=\"\/kasvit\"><strong>500 t\u00e4rkeimm\u00e4n kasvin kuvaukset<\/strong><\/a>, jotka ovat luettavissa nettisivuiltamme my\u00f6s maastossa \u00e4lypuhelimen avulla hy\u00f6dynt\u00e4en nimikyltteihin liitettyj\u00e4 ns. QR-koodeja.\u00a0<\/p>\n","protected":false},"excerpt":{"rendered":"<p>Opaskirja ja opasteet omatoimista retkeily\u00e4 varten 120 hehtaarin laajuisessa arboretumissa on mahdollista retkeill\u00e4 omatoimisesti vaikka useita p\u00e4ivi\u00e4. Omatoimista tutustumista varten satoja eri kasveja on merkitty&nbsp;nimikyltein. Ensikertalaisia varten on merkitty viitoin kolme eripituista, helposti seurattavaa&nbsp;retkeilyreitti\u00e4&nbsp;(punainen reitti 1,5 km, keltainen reitti 2,5 km ja sininen reitti 3 km) sek\u00e4 kysymysrasteja sis\u00e4lt\u00e4v\u00e4&nbsp;luontopolku, joiden lis\u00e4ksi on vapaasti kuljettavana kymmeni\u00e4&nbsp;pikkupolkuja. [&hellip;]<\/p>\n","protected":false},"author":9,"featured_media":0,"parent":0,"menu_order":0,"comment_status":"closed","ping_status":"closed","template":"","meta":{"iawp_total_views":336,"footnotes":""},"class_list":["post-6612","page","type-page","status-publish","hentry"],"_links":{"self":[{"href":"https:\/\/mustila.fi\/ru\/wp-json\/wp\/v2\/pages\/6612","targetHints":{"allow":["GET"]}}],"collection":[{"href":"https:\/\/mustila.fi\/ru\/wp-json\/wp\/v2\/pages"}],"about":[{"href":"https:\/\/mustila.fi\/ru\/wp-json\/wp\/v2\/types\/page"}],"author":[{"embeddable":true,"href":"https:\/\/mustila.fi\/ru\/wp-json\/wp\/v2\/users\/9"}],"replies":[{"embeddable":true,"href":"https:\/\/mustila.fi\/ru\/wp-json\/wp\/v2\/comments?post=6612"}],"version-history":[{"count":0,"href":"https:\/\/mustila.fi\/ru\/wp-json\/wp\/v2\/pages\/6612\/revisions"}],"wp:attachment":[{"href":"https:\/\/mustila.fi\/ru\/wp-json\/wp\/v2\/media?parent=6612"}],"curies":[{"name":"wp","href":"https:\/\/api.w.org\/{rel}","templated":true}]}}