{"id":6638,"date":"2023-07-28T08:22:06","date_gmt":"2023-07-28T08:22:06","guid":{"rendered":"https:\/\/mustila.fi\/?page_id=6638"},"modified":"2023-07-28T08:22:08","modified_gmt":"2023-07-28T08:22:08","slug":"kukintakalenteri","status":"publish","type":"page","link":"https:\/\/mustila.fi\/ru\/kukintakalenteri\/","title":{"rendered":"Kukintakalenteri"},"content":{"rendered":"\n<p>T\u00e4m\u00e4 lista on hy\u00f6dyksi niille jotka suunnittelevat retke\u00e4 arboretumiin tai haluavat tiet\u00e4\u00e4 mit\u00e4 on n\u00e4ht\u00e4v\u00e4\u00e4 jonain tiettyn\u00e4 ajankohtana.&nbsp;Luettelossa olevilla puilla ja pensailla on suhteessa muihin ja vuodenaikaan erityisen n\u00e4ytt\u00e4v\u00e4 kukinta useimpina vuosina. Puistossa on toki muutakin n\u00e4ht\u00e4v\u00e4\u00e4. Aikataulu on suurpiirteinen ja vaihtelee vuosittain ja s\u00e4ist\u00e4 riippuen.<\/p>\n\n\n\n<h3 class=\"wp-block-heading\">Ensimm\u00e4iset kev\u00e4tkukkijat (huhtikuun lopulla)<\/h3>\n\n\n\n<p><em>Chionodoxa forbesii<\/em>, kirjokev\u00e4tt\u00e4hti<br><em>Chionodoxa luciliae<\/em>, isokev\u00e4tt\u00e4hti<br><em>Corylus avellana<\/em>, p\u00e4hkin\u00e4pensas<br><em>Daphne mezereum<\/em>, lehton\u00e4si\u00e4<br><em>Helleborus niger<\/em>, jouluruusu<br><em>Leucojum vernum<\/em>, kev\u00e4tkello<br><em>Petasites japonicus<\/em>, japaninruttojuuri<\/p>\n\n\n\n<h3 class=\"wp-block-heading\">Ennen lehtien puhkeamista (toukokuun alussa)<\/h3>\n\n\n\n<p><em>Cornus mas<\/em>, punamarjakanukka<br><em>Forsythia ovata<\/em>, koreanonnenpensas<br><em>Anemone hepatica<\/em>, sinivuokko<br><em>Anemone nemorosa<\/em>, valkovuokko<br><em>Anemone ranunculoides<\/em>, keltavuokko<br><em>Corydalis cava<\/em>, etel\u00e4nkiurunkannus<br><em>Corydalis solida<\/em>, pystykiurunkannus<br><em>Lysichiton americanus<\/em>, keltamajavankaali<br><em>Rhododendron aureum<\/em>, ohotanalppiruusu<\/p>\n\n\n\n<h3 class=\"wp-block-heading\">Toukokuun puoliv\u00e4liss\u00e4<\/h3>\n\n\n\n<p><em>Acer platanoides<\/em>, mets\u00e4vaahtera<br><em>Amelanchier laevis<\/em>, sirotuomipihlaja<br><em>Anemone nemorosa<\/em>&nbsp;&#8216;Alba Plena&#8217;, kerrottu valkovuokko<br><em>Corydalis nobilis<\/em>, jalokiurunkannus<br><em>Glaudidium palmatum<\/em>, sinik\u00e4mmen<br><em>Magnolia kobus<\/em>, japaninmagnolia<br><em>Prunus avium<\/em>, imel\u00e4kirsikka<br><em>Prunus nipponica&nbsp;<\/em>var.&nbsp;<em>kurilensis<\/em>, kuriilienkirsikka<br><em>Prunus sargentii<\/em>, rusokirsikka<br><em>Rhododendron canadense<\/em>, kanadanatsalea<br><em>Rhododendron dauricum<\/em>, dahurianalppiruusu<br><em>Rhododendron<\/em>&nbsp;&#8216;Elviira&#8217;, alppiruusu<br><em>Soldanella montana<\/em>, alppikello<\/p>\n\n\n\n<h3 class=\"wp-block-heading\">Toukokuun lopulla<\/h3>\n\n\n\n<p><em>Amelanchier alnifolia<\/em>, marjatuomipihlaja<br><em>Claytonia sibirica<\/em>, alaskankleitonia (kukinta jatkuu jossain m\u00e4\u00e4rin l\u00e4pi kes\u00e4n)<br><em>Crataegus,<\/em>&nbsp;orapihlajat<br><em>Malus,&nbsp;<\/em>omenapuut<br><em>Paeonia anomala<\/em>, kuolanpioni<br><em>Phyllodoce caerulea<\/em>, kurjenkanerva<br><em>Pieris floribunda<\/em>, kellovaivero<br><em>Prunus padus<\/em>, tuomi<br><em>Prunus pensylvanica<\/em>, pilvikirsikka<br><em>Rhododendron albrechtii<\/em>, keisariatsalea<br><em>Rhododendron x fraseri<\/em>, kev\u00e4tatsalea<br><em>Rhododendron<\/em>&nbsp;&#8216;P. J. Metzitt&#8217;, alppiruusu<br><em>Rhododendron schlippenbachii<\/em>, kuningasatsalea<br><em>Rhododendron vaseyi<\/em>, perhosatsalea<br><em>Trillium grandiflorum<\/em>, kolmilehti<br><em>Viburnum lantanoides (V. alnifolium)<\/em>, hurtanheisi<\/p>\n\n\n\n<h3 class=\"wp-block-heading\">Atsalea-aikaan (kes\u00e4kuun 1. ja 2. viikko)<\/h3>\n\n\n\n<p><em>Glaucidium palmatum<\/em>, sinik\u00e4mme<br><em>Rheum palmatum<\/em>&nbsp;var.<em>&nbsp;tanguticum<\/em>, punakoristeraparperit<br><em>Rhododendron<\/em>&nbsp;&#8216;Boule de Neige&#8217;, alppiruusu<br><em>Rhododendron&nbsp;<\/em>hybr., useimmat atsaleat, varsinkin atsalearinteen risteym\u00e4<br><em>Rhododendron&nbsp;<\/em>hybr., aikaiset keltaiset alppiruusut ja&nbsp;<em>williamsianum<\/em>-risteym\u00e4t<br><em>Syringa<\/em>, useimmat sireenit<br><em>Tiarella cordifolia<\/em>, r\u00f6nsytiarella<\/p>\n\n\n\n<h3 class=\"wp-block-heading\">Alppiruusuaikaan (kes\u00e4kuun 2. ja 3. viikko)<\/h3>\n\n\n\n<p><em>Actinidia kolomikta<\/em>, kiinanlaikkuk\u00f6ynn\u00f6s<br><em>Clintonia umbellulata<\/em>, sarjaklintonia<br><em>Lilium martagon<\/em>, varjolilja<br><em>Paeonia obovata<\/em>, amurinpioni<br><em>Rhododendron<\/em>, useimmat alppiruusut<br><em>Rhododendron<\/em>, my\u00f6h\u00e4isemm\u00e4t atsaleat<\/p>\n\n\n\n<h3 class=\"wp-block-heading\">Juhannuksen j\u00e4lkeen<\/h3>\n\n\n\n<p><em>Cornus alternifolia<\/em>, pagodikanukkan<br><em>Hemerocallis esculenta<\/em>, komeap\u00e4iv\u00e4nlilja<br><em>Hydrangea anomala&nbsp;<\/em>ssp.&nbsp;<em>petiolaris<\/em>, k\u00f6ynn\u00f6shortensia<br><em>Magnolia sieboldii<\/em>, pensasmagnolia<br><em>Prunus serotina<\/em>, kiiltotuomiu<br><em>Rhododendron arborescens<\/em>, siloatsalea<br><em>Rhododendron brachycarpum&nbsp;<\/em>var.<em>&nbsp;brachycarpum<\/em>, japaninalppiruusu<br><em>Rhododendron maximum<\/em>, appalakkienalppiruus<\/p>\n\n\n\n<h3 class=\"wp-block-heading\">Hein\u00e4kuussa<\/h3>\n\n\n\n<p><em>Cladrastis kentukea<\/em>, lakkipuu (kukkii yleens\u00e4 joka toinen vuosi)<br><em>Hydrangea bretschneideri<\/em>, kes\u00e4hortensia<br><em>Kalmia angustifolia<\/em>, kapealehtikalmia<br><em>Maackia amurensis<\/em>, maakkia<br><em>Rhododendron viscosum<\/em>, tuoksuatsalea<br><em>Sambucus nigra<\/em>, mustaselja<br><em>Syringa reticulata<\/em>, likusterisyreeni<br><em>Tripterygium regelii<\/em>, siipik\u00f6ynn\u00f6s<\/p>\n\n\n\n<h3 class=\"wp-block-heading\">Loppukes\u00e4ll\u00e4<\/h3>\n\n\n\n<p><em>Clethra alnifolia<\/em>, tuoksukletra<br><em>Hydrangea bretschneideri<\/em>&nbsp;&#8216;Bougie&#8217;, kerrottu kes\u00e4hortensia<br><em>Hydrangea paniculata<\/em>&nbsp;&#8216;Mustila&#8217;, mustilanhortensiaa<br><em>Hydrangea serrata<\/em>, safiirihortensia<br><em>Hypericum prolificum<\/em>, pensaskuisma<br><em>Sambucus canadensis<\/em>, kanadanselja<br><em>Sambucus ebulus<\/em>, ruohoselja<\/p>\n\n\n\n<h3 class=\"wp-block-heading\">My\u00f6h\u00e4\u00e4n syksyll\u00e4<\/h3>\n\n\n\n<p><em>Claytonia sibirica<\/em>, alaskankleitonia (syyskukinta)<br><em>Colchicum autumnale<\/em>, syysmyrkkylilja<br><em>Crocus speciosus<\/em>, syyssahrami<br><em>Hamamelis virginiana<\/em>, amerikantaikap\u00e4hk\u00e4n\u00e4<\/p>\n","protected":false},"excerpt":{"rendered":"<p>T\u00e4m\u00e4 lista on hy\u00f6dyksi niille jotka suunnittelevat retke\u00e4 arboretumiin tai haluavat tiet\u00e4\u00e4 mit\u00e4 on n\u00e4ht\u00e4v\u00e4\u00e4 jonain tiettyn\u00e4 ajankohtana.&nbsp;Luettelossa olevilla puilla ja pensailla on suhteessa muihin ja vuodenaikaan erityisen n\u00e4ytt\u00e4v\u00e4 kukinta useimpina vuosina. Puistossa on toki muutakin n\u00e4ht\u00e4v\u00e4\u00e4. Aikataulu on suurpiirteinen ja vaihtelee vuosittain ja s\u00e4ist\u00e4 riippuen. Ensimm\u00e4iset kev\u00e4tkukkijat (huhtikuun lopulla) Chionodoxa forbesii, kirjokev\u00e4tt\u00e4htiChionodoxa luciliae, isokev\u00e4tt\u00e4htiCorylus [&hellip;]<\/p>\n","protected":false},"author":2,"featured_media":0,"parent":0,"menu_order":0,"comment_status":"closed","ping_status":"closed","template":"","meta":{"iawp_total_views":929,"footnotes":""},"class_list":["post-6638","page","type-page","status-publish","hentry"],"_links":{"self":[{"href":"https:\/\/mustila.fi\/ru\/wp-json\/wp\/v2\/pages\/6638","targetHints":{"allow":["GET"]}}],"collection":[{"href":"https:\/\/mustila.fi\/ru\/wp-json\/wp\/v2\/pages"}],"about":[{"href":"https:\/\/mustila.fi\/ru\/wp-json\/wp\/v2\/types\/page"}],"author":[{"embeddable":true,"href":"https:\/\/mustila.fi\/ru\/wp-json\/wp\/v2\/users\/2"}],"replies":[{"embeddable":true,"href":"https:\/\/mustila.fi\/ru\/wp-json\/wp\/v2\/comments?post=6638"}],"version-history":[{"count":0,"href":"https:\/\/mustila.fi\/ru\/wp-json\/wp\/v2\/pages\/6638\/revisions"}],"wp:attachment":[{"href":"https:\/\/mustila.fi\/ru\/wp-json\/wp\/v2\/media?parent=6638"}],"curies":[{"name":"wp","href":"https:\/\/api.w.org\/{rel}","templated":true}]}}