{"id":6648,"date":"2023-07-28T08:28:05","date_gmt":"2023-07-28T08:28:05","guid":{"rendered":"https:\/\/mustila.fi\/?page_id=6648"},"modified":"2023-09-26T16:17:13","modified_gmt":"2023-09-26T16:17:13","slug":"muut_kohteet_ja_palvelut","status":"publish","type":"page","link":"https:\/\/mustila.fi\/ru\/muut_kohteet_ja_palvelut\/","title":{"rendered":"Muut kohteet ja palvelut"},"content":{"rendered":"\n<figure class=\"wp-block-image\"><img decoding=\"async\" src=\"\/wp-content\/uploads\/tiedostot\/piha-aita_mustilassa.jpg\" alt=\"piha-aita_mustilassa.jpg\"\/><\/figure>\n\n\n\n<figure class=\"wp-block-image\"><img decoding=\"async\" src=\"\/wp-content\/uploads\/tiedostot\/taimitarhat_vaaka200x43.gif\" alt=\"Muut kohteet ja palvelut\"\/><\/figure>\n\n\n\n<figure class=\"wp-block-image\"><img decoding=\"async\" src=\"\/wp-content\/uploads\/tiedostot\/viini_vaaka200x27.gif\" alt=\"Muut kohteet ja palvelut\"\/><\/figure>\n\n\n\n<figure class=\"wp-block-image\"><img decoding=\"async\" src=\"\/wp-content\/uploads\/tiedostot\/green8080.png\" alt=\"Muut kohteet ja palvelut\"\/><\/figure>\n\n\n\n<p><strong>Mustilassa toimivat my\u00f6s:<\/strong><\/p>\n\n\n\n<p><a href=\"http:\/\/www.mustilaviini.fi\/\" target=\"_blank\" rel=\"noopener\"><\/a>&nbsp; &nbsp;&#8212; Viinitila, viinimyym\u00e4l\u00e4 ja tilausravintola<\/p>\n\n\n\n<p>&nbsp; &#8212; on nykyisin&nbsp;<a href=\"https:\/\/www.mustilapuutarha.fi\/\" target=\"_blank\" rel=\"noopener\"><strong>Mustila puutarha<\/strong><\/a><\/p>\n\n\n\n<p><strong><a href=\"http:\/\/www.piikajarenki.fi\/\" target=\"_blank\" rel=\"noopener\">Piika ja Renki<\/a><\/strong>&nbsp;&nbsp;&nbsp;&nbsp;&nbsp; &#8212;&nbsp; Kahvila, k\u00e4sity\u00f6myym\u00e4l\u00e4 ja taiden\u00e4yttely<\/p>\n\n\n\n<p><a href=\"https:\/\/mustila.fi\/muut_kohteet_ja_palvelut\/#Ruoka\">Ruokapaikkoja l\u00e4hiseudulla \u00bb<\/a><\/p>\n\n\n\n<p><a href=\"https:\/\/mustila.fi\/muut_kohteet_ja_palvelut\/#Majoitus\">Majoitusta l\u00e4hiseudulla \u00bb<\/a><\/p>\n\n\n\n<p><a href=\"https:\/\/mustila.fi\/muut_kohteet_ja_palvelut\/#Elimaki\">Opastetut kierrokset ja retket Elim\u00e4ell\u00e4 \u00bb<\/a><\/p>\n\n\n\n<p><a href=\"https:\/\/mustila.fi\/muut_kohteet_ja_palvelut\/#Matkailukohteet\">Muita vierailukohteita l\u00e4hiseudulla \u00bb<\/a><\/p>\n\n\n\n<h3 class=\"wp-block-heading\"><a><\/a>Ruokapaikkoja l\u00e4hiseudulla<\/h3>\n\n\n\n<p>Neste K Alppiruusu: toistaiseksi suljettuna.<\/p>\n\n\n\n<p>Ravintola Taksv\u00e4rkki, Loviisantie 2, Elim\u00e4en kirkonkyl\u00e4, puh. 040 5069271<\/p>\n\n\n\n<p>Ravintola Pepperoni, Vanhamaantie 12, Elim\u00e4en kirkonkyl\u00e4, puh. 040 1835141<\/p>\n\n\n\n<p>Moision kartano, Elim\u00e4ki &#8212; toiminta valitettavasti p\u00e4\u00e4ttynyt 2020.<\/p>\n\n\n\n<p><a href=\"https:\/\/www.k-ruoka.fi\/kauppa\/neste-k-pukaron-paroni\" target=\"_blank\" rel=\"noopener\">Nesta K Pukaron Paroni<\/a>, Lapinj\u00e4rvi &#8212; K:n keitti\u00f6, Kotipizza, Burger King<\/p>\n\n\n\n<p><a href=\"https:\/\/visitkouvola.fi\/fi\/palveluhakemisto\/ruoka-ja-juoma\" target=\"_blank\" rel=\"noopener\">Kouvolan Matkailu<\/a>, muita ruokailumahdollisuuksia Kouvolan seudulla<br>&nbsp;<\/p>\n\n\n\n<h3 class=\"wp-block-heading\" id=\"Majoitus\"><a><\/a>Majoitusta l\u00e4hiseudulla<a href=\"http:\/\/www.tripadvisor.fi\/Hotels-g784762-Kouvola_Southern_Finland-Hotels.html\" target=\"_blank\" rel=\"noopener\"><\/a><\/h3>\n\n\n\n<p>Moision kartano, Elim\u00e4ki&nbsp; &#8212; toiminta valitettavasti p\u00e4\u00e4ttynyt 2020.<\/p>\n\n\n\n<p><a href=\"https:\/\/fi.soiniitynkartano.net\/\" target=\"_blank\" rel=\"noopener\">Soiniityn kartano<\/a>, Elim\u00e4ki.<\/p>\n\n\n\n<p><a href=\"https:\/\/www.tolkkilankartano.fi\/\" target=\"_blank\" rel=\"noopener\">Tolkkilan kartano<\/a>, Koria<\/p>\n\n\n\n<p><a href=\"http:\/\/www.hotellihanhi.com\/\" target=\"_blank\" rel=\"noopener\">Hotelli Hanhi<\/a>, Lapinj\u00e4rvi<\/p>\n\n\n\n<p><a href=\"https:\/\/www.perheniemi.com\/\" target=\"_blank\" rel=\"noopener\">Perheniemen evankelinen opisto<\/a>, Iitin S\u00e4\u00e4skj\u00e4rvell\u00e4<\/p>\n\n\n\n<p><a href=\"http:\/\/www.yli-kaitala.com\/\" target=\"_blank\" rel=\"noopener\">Yli-Kaitalan lomam\u00f6kit<\/a>, Iitin Ly\u00f6ttil\u00e4ss\u00e4<\/p>\n\n\n\n<p><a href=\"https:\/\/visitkouvola.fi\/fi\/palveluhakemisto\/majoituspalvelut\" target=\"_blank\" rel=\"noopener\">Kouvolan Matkailu<\/a>, muita majoitusmahdollisuuksia Kouvolan seudulla<\/p>\n\n\n\n<h3 class=\"wp-block-heading\"><a><\/a>Opastetut kierrokset ja retket Elim\u00e4ell\u00e4<\/h3>\n\n\n\n<p>Opasvaraukset ja Elim\u00e4ki-paketit: Elim\u00e4en Oppaat, Maria Tigerstedt, puh. 0400-539 273, fax 05-377 7440 (my\u00f6s iltaisin)<br>&nbsp;<\/p>\n\n\n\n<h3 class=\"wp-block-heading\"><a><\/a>Muita vierailukohteita l\u00e4hiseudulla<\/h3>\n\n\n\n<p><a href=\"http:\/\/www.puistojenkotka.fi\/\" target=\"_blank\" rel=\"noopener\">Puistojen Kotka<\/a><\/p>\n\n\n\n<p><a href=\"http:\/\/www.eijasgarden.fi\/\" target=\"_blank\" rel=\"noopener\">Eija&#8217;s Garden<\/a>, Ahvenkoski (Kotka)<\/p>\n\n\n\n<p><a href=\"http:\/\/www.stromforsinruukki.fi\/\" target=\"_blank\" rel=\"noopener\">Str\u00f6mforsin ruukki<\/a>, Ruotsinpyht\u00e4\u00e4<\/p>\n\n\n\n<p><a href=\"http:\/\/lansi-kymenkulttuuritie.fi\/\" target=\"_blank\" rel=\"noopener\">L\u00e4nsi-Kymen kultturitie<\/a>&nbsp;Loviisa &#8212; Ruotsinpyht\u00e4\u00e4 &#8212; Elim\u00e4ki &#8212; Iitti<\/p>\n\n\n\n<p><a href=\"http:\/\/www.verla.fi\/\" target=\"_blank\" rel=\"noopener\">Verlan tehdasmuseo ja ruukkialue<\/a><\/p>\n\n\n\n<p><a href=\"http:\/\/www.luontoon.fi\/repovesi\" target=\"_blank\" rel=\"noopener\">Repoveden kansallispuisto<\/a><\/p>\n\n\n\n<p><a href=\"http:\/\/www.visitkouvola.fi\/\" target=\"_blank\" rel=\"noopener\">Kouvolan matkailu<\/a>, lis\u00e4tietoa matkailukohteista ja palveluista Kouvolan seudulla<\/p>\n\n\n\n<p><a href=\"https:\/\/www.visitlapinjarvi.com\/\" target=\"_blank\" rel=\"noopener\">Matkailukohteita Lapinj\u00e4rvell\u00e4<\/a><\/p>\n\n\n\n<p><a href=\"https:\/\/www.iitti.fi\/visitiitti\" target=\"_blank\" rel=\"noopener\">Matkailukohteita Iitiss\u00e4<\/a><\/p>\n\n\n\n<p><a href=\"https:\/\/www.visitkotkahamina.fi\/\" target=\"_blank\" rel=\"noopener\">Kotka, Hamina, Loviisa<\/a><\/p>\n","protected":false},"excerpt":{"rendered":"<p>Mustilassa toimivat my\u00f6s: &nbsp; &nbsp;&#8212; Viinitila, viinimyym\u00e4l\u00e4 ja tilausravintola &nbsp; &#8212; on nykyisin&nbsp;Mustila puutarha Piika ja Renki&nbsp;&nbsp;&nbsp;&nbsp;&nbsp; &#8212;&nbsp; Kahvila, k\u00e4sity\u00f6myym\u00e4l\u00e4 ja taiden\u00e4yttely Ruokapaikkoja l\u00e4hiseudulla \u00bb Majoitusta l\u00e4hiseudulla \u00bb Opastetut kierrokset ja retket Elim\u00e4ell\u00e4 \u00bb Muita vierailukohteita l\u00e4hiseudulla \u00bb Ruokapaikkoja l\u00e4hiseudulla Neste K Alppiruusu: toistaiseksi suljettuna. Ravintola Taksv\u00e4rkki, Loviisantie 2, Elim\u00e4en kirkonkyl\u00e4, puh. 040 5069271 Ravintola [&hellip;]<\/p>\n","protected":false},"author":2,"featured_media":0,"parent":0,"menu_order":0,"comment_status":"closed","ping_status":"closed","template":"","meta":{"iawp_total_views":285,"footnotes":""},"class_list":["post-6648","page","type-page","status-publish","hentry"],"_links":{"self":[{"href":"https:\/\/mustila.fi\/ru\/wp-json\/wp\/v2\/pages\/6648","targetHints":{"allow":["GET"]}}],"collection":[{"href":"https:\/\/mustila.fi\/ru\/wp-json\/wp\/v2\/pages"}],"about":[{"href":"https:\/\/mustila.fi\/ru\/wp-json\/wp\/v2\/types\/page"}],"author":[{"embeddable":true,"href":"https:\/\/mustila.fi\/ru\/wp-json\/wp\/v2\/users\/2"}],"replies":[{"embeddable":true,"href":"https:\/\/mustila.fi\/ru\/wp-json\/wp\/v2\/comments?post=6648"}],"version-history":[{"count":0,"href":"https:\/\/mustila.fi\/ru\/wp-json\/wp\/v2\/pages\/6648\/revisions"}],"wp:attachment":[{"href":"https:\/\/mustila.fi\/ru\/wp-json\/wp\/v2\/media?parent=6648"}],"curies":[{"name":"wp","href":"https:\/\/api.w.org\/{rel}","templated":true}]}}