{"id":17345,"date":"2023-09-26T12:58:53","date_gmt":"2023-09-26T09:58:53","guid":{"rendered":"https:\/\/mustila.fi\/arboretum\/"},"modified":"2023-09-26T13:04:44","modified_gmt":"2023-09-26T13:04:44","slug":"arboretum","status":"publish","type":"page","link":"https:\/\/mustila.fi\/sv\/arboretum\/","title":{"rendered":"Arboretum Mustila"},"content":{"rendered":"\n<p>Arboretum Mustila i Elim\u00e4ki \u00e4r Finlands \u00e4ldsta och st\u00f6rsta arboretum eller planterade tr\u00e4dsamling. Statsr\u00e5det A.F Tigerstedt grundade arboretet \u00e5r 1902 och allt sedan dess har man provodlat inhemska och utl\u00e4ndska h\u00e4rdiga tr\u00e4dslag i forskningssyfte i skogsdungar och den unika skogstr\u00e4dg\u00e5rden. Arboretum Mustila \u00e4r s\u00e4rskilt k\u00e4nt f\u00f6r sina exotiska barrtr\u00e4d samt f\u00f6r de hundratals alprosor och azaleor som blommar i juni. Arboretet tillhandah\u00e5ller fr\u00f6er och plantor av k\u00f6ldt\u00e5liga buskar och tr\u00e4d till f\u00f6rs\u00e4ljning.<\/p>\n","protected":false},"excerpt":{"rendered":"<p>Arboretum Mustila i Elim\u00e4ki \u00e4r Finlands \u00e4ldsta och st\u00f6rsta arboretum eller planterade tr\u00e4dsamling. Statsr\u00e5det A.F Tigerstedt grundade arboretet \u00e5r 1902 och allt sedan dess har man provodlat inhemska och utl\u00e4ndska h\u00e4rdiga tr\u00e4dslag i forskningssyfte i skogsdungar och den unika skogstr\u00e4dg\u00e5rden. Arboretum Mustila \u00e4r s\u00e4rskilt k\u00e4nt f\u00f6r sina exotiska barrtr\u00e4d samt f\u00f6r de hundratals alprosor och [&hellip;]<\/p>\n","protected":false},"author":2,"featured_media":0,"parent":0,"menu_order":0,"comment_status":"closed","ping_status":"closed","template":"","meta":{"iawp_total_views":275,"footnotes":""},"class_list":["post-17345","page","type-page","status-publish","hentry"],"_links":{"self":[{"href":"https:\/\/mustila.fi\/sv\/wp-json\/wp\/v2\/pages\/17345","targetHints":{"allow":["GET"]}}],"collection":[{"href":"https:\/\/mustila.fi\/sv\/wp-json\/wp\/v2\/pages"}],"about":[{"href":"https:\/\/mustila.fi\/sv\/wp-json\/wp\/v2\/types\/page"}],"author":[{"embeddable":true,"href":"https:\/\/mustila.fi\/sv\/wp-json\/wp\/v2\/users\/2"}],"replies":[{"embeddable":true,"href":"https:\/\/mustila.fi\/sv\/wp-json\/wp\/v2\/comments?post=17345"}],"version-history":[{"count":0,"href":"https:\/\/mustila.fi\/sv\/wp-json\/wp\/v2\/pages\/17345\/revisions"}],"wp:attachment":[{"href":"https:\/\/mustila.fi\/sv\/wp-json\/wp\/v2\/media?parent=17345"}],"curies":[{"name":"wp","href":"https:\/\/api.w.org\/{rel}","templated":true}]}}