{"id":17393,"date":"2023-09-26T16:12:48","date_gmt":"2023-09-26T16:12:48","guid":{"rendered":"https:\/\/mustila.fi\/?page_id=17393"},"modified":"2023-09-26T16:12:56","modified_gmt":"2023-09-26T16:12:56","slug":"pyoratuolilla_arboretumiin","status":"publish","type":"page","link":"https:\/\/mustila.fi\/sv\/pyoratuolilla_arboretumiin\/","title":{"rendered":"Py\u00f6r\u00e4tuolilla arboretumiin"},"content":{"rendered":"\n<figure class=\"wp-block-image\"><img decoding=\"async\" src=\"\/wp-content\/uploads\/tiedostot\/rilli_muokattu.jpg\" alt=\"Polkuja testannut Rilli antoi kunnostetulle py\u00f6r\u00e4tuolireitille kouluarvosanan 9,5.\"\/><\/figure>\n\n\n\n<p>&nbsp;Posted by&nbsp;Arboretum&nbsp;on Wednesday, 4 July 2012<\/p>\n\n\n\n<p>Arboretumin kauneimpia alueita voi nyt tulla ihailemaan my\u00f6s py\u00f6r\u00e4tuolilla tai rollaattorilla kulkien. Keskeisimpien alueiden l\u00e4pi on kunnostettu polkujen leveytt\u00e4 ja kantavuutta lis\u00e4\u00e4m\u00e4ll\u00e4 noin kilometrin pituinen reitti.<\/p>\n\n\n\n<p>Mustilan maasto on vaihtelevaa, mik\u00e4 on syyt\u00e4 ottaa huomioon ennen vierailua. Avustajan mukaan ottaminen on suositeltavaa erityisesti ty\u00f6nnett\u00e4ville py\u00f6r\u00e4tuolimalleille. Retkelle on hyv\u00e4 varata seikkailumielt\u00e4 ja riitt\u00e4v\u00e4sti aikaa my\u00f6s ev\u00e4stauoille, sill\u00e4 reitin varrella on paljon n\u00e4ht\u00e4v\u00e4\u00e4.<\/p>\n\n\n\n<p>Varsinaisen py\u00f6r\u00e4tuolireitin lis\u00e4ksi alueen l\u00e4pi kulkee yhteens\u00e4 noin 10 kilometrin pituinen polkuverkosto. Leveimm\u00e4t polut ja huoltotiet sopivat hyvin maastokelpoisilla py\u00f6r\u00e4tuoleilla kulkeville vierailijoille.<\/p>\n\n\n\n<h3 class=\"wp-block-heading\">Pys\u00e4k\u00f6inti alueella<\/h3>\n\n\n\n<p>Liikuntarajoitteisille sallitaan tilap\u00e4inen pys\u00e4k\u00f6inti arboretumin toimiston pihalla. Alueella on kuitenkin ajankohdasta riippuen hyvin rajallisesti tilaa. Onkin toivottavaa, ett\u00e4 aluetta k\u00e4ytet\u00e4\u00e4n l\u00e4hinn\u00e4 vierailijoiden kyydist\u00e4 j\u00e4tt\u00e4miseen, ja pidempiaikainen pys\u00e4k\u00f6inti tapahtuu arboretumin pys\u00e4k\u00f6intialueella.&nbsp;<\/p>\n\n\n\n<h3 class=\"wp-block-heading\">Lippujen osto<\/h3>\n\n\n\n<p>P\u00e4\u00e4syliput ostetaan Puistokahvilasta, joka sijaitsee toimiston vieress\u00e4. Kahvilaan ei ole t\u00e4ll\u00e4 hetkell\u00e4 p\u00e4\u00e4sy\u00e4 py\u00f6r\u00e4tuolilla, mutta puiston henkil\u00f6kunta avustaa tarvittaessa ostoksissa. Avustajan p\u00e4\u00e4sylippu on aina ilmainen.&nbsp;<\/p>\n\n\n\n<h3 class=\"wp-block-heading\">Puistokahvila ja taimimyym\u00e4l\u00e4<\/h3>\n\n\n\n<p>Puistokahvilan ulkopuolella on useita p\u00f6yti\u00e4, joiden \u00e4\u00e4reen sopii istumaan py\u00f6r\u00e4tuolillakin. Kahvilan sis\u00e4tiloihin ei ole t\u00e4ll\u00e4 hetkell\u00e4 p\u00e4\u00e4sy\u00e4 py\u00f6r\u00e4tuolilla, mutta puiston henkil\u00f6kunta avustaa tarvittaessa kahvilan tuotteiden ja taimien ostossa.&nbsp;<\/p>\n\n\n\n<h3 class=\"wp-block-heading\">Py\u00f6r\u00e4tuolireitin ominaisuudet<\/h3>\n\n\n\n<p>Puistoon on kunnostettu uusi py\u00f6r\u00e4tuolireitti, joka l\u00e4htee Puistokahvilan edest\u00e4. Reitin pituus on noin 1 km tai 400 m riippuen reittivalinnasta. Lyhyempi reitti kulkee Alppuruusulaakson l\u00e4pi palaten Puistokahvilalle; pidempi reitti jatkaa Atsalearinteelle ja sielt\u00e4 takaisin Puistokahvilalle.&nbsp;<\/p>\n\n\n\n<p>Polkuja on levennetty, ja niiden kantavuutta parannettu tiivistetyll\u00e4 murskeella. Polkujen pohja on leveydelt\u00e4\u00e4n noin metrin. Tiivist\u00e4misen j\u00e4lkeen murskeesta rakennettu polku kest\u00e4\u00e4 painavammankin s\u00e4hk\u00f6py\u00f6r\u00e4tuolin.<\/p>\n\n\n\n<p>My\u00f6s k\u00e4\u00e4ntymiseen ja lev\u00e4ht\u00e4miseen sopivia tasanteita on lis\u00e4tty s\u00e4\u00e4nn\u00f6llisin v\u00e4limatkoin reitin varrelle. Py\u00f6r\u00e4tuolireitti on merkitty maastoon oranssis\u00e4vyisin kyltein.&nbsp;<\/p>\n\n\n\n<h3 class=\"wp-block-heading\">Esteet\u00f6n puucee<\/h3>\n\n\n\n<p>Alueelta l\u00f6ytyy my\u00f6s rampillinen puucee, joka on sis\u00e4lt\u00e4 tilava mahdollistaen k\u00e4\u00e4ntymisen py\u00f6r\u00e4tuolilla. Esteet\u00f6n puucee l\u00f6ytyy arboretumin pys\u00e4k\u00f6intipaikan vierest\u00e4.&nbsp;<\/p>\n\n\n\n<h3 class=\"wp-block-heading\">Lis\u00e4tiedot<\/h3>\n\n\n\n<p>Puh: 05-3776678<br>S\u00e4hk\u00f6posti: arboretum@mustila.fi<\/p>\n","protected":false},"excerpt":{"rendered":"<p>&nbsp;Posted by&nbsp;Arboretum&nbsp;on Wednesday, 4 July 2012 Arboretumin kauneimpia alueita voi nyt tulla ihailemaan my\u00f6s py\u00f6r\u00e4tuolilla tai rollaattorilla kulkien. Keskeisimpien alueiden l\u00e4pi on kunnostettu polkujen leveytt\u00e4 ja kantavuutta lis\u00e4\u00e4m\u00e4ll\u00e4 noin kilometrin pituinen reitti. Mustilan maasto on vaihtelevaa, mik\u00e4 on syyt\u00e4 ottaa huomioon ennen vierailua. Avustajan mukaan ottaminen on suositeltavaa erityisesti ty\u00f6nnett\u00e4ville py\u00f6r\u00e4tuolimalleille. Retkelle on hyv\u00e4 varata [&hellip;]<\/p>\n","protected":false},"author":2,"featured_media":0,"parent":0,"menu_order":0,"comment_status":"closed","ping_status":"closed","template":"","meta":{"iawp_total_views":11,"footnotes":""},"class_list":["post-17393","page","type-page","status-publish","hentry"],"_links":{"self":[{"href":"https:\/\/mustila.fi\/sv\/wp-json\/wp\/v2\/pages\/17393","targetHints":{"allow":["GET"]}}],"collection":[{"href":"https:\/\/mustila.fi\/sv\/wp-json\/wp\/v2\/pages"}],"about":[{"href":"https:\/\/mustila.fi\/sv\/wp-json\/wp\/v2\/types\/page"}],"author":[{"embeddable":true,"href":"https:\/\/mustila.fi\/sv\/wp-json\/wp\/v2\/users\/2"}],"replies":[{"embeddable":true,"href":"https:\/\/mustila.fi\/sv\/wp-json\/wp\/v2\/comments?post=17393"}],"version-history":[{"count":0,"href":"https:\/\/mustila.fi\/sv\/wp-json\/wp\/v2\/pages\/17393\/revisions"}],"wp:attachment":[{"href":"https:\/\/mustila.fi\/sv\/wp-json\/wp\/v2\/media?parent=17393"}],"curies":[{"name":"wp","href":"https:\/\/api.w.org\/{rel}","templated":true}]}}