{"id":17412,"date":"2023-07-03T11:22:59","date_gmt":"2023-07-03T11:22:59","guid":{"rendered":"https:\/\/mustila.fi\/kasviesittely\/"},"modified":"2023-09-26T20:52:33","modified_gmt":"2023-09-26T20:52:33","slug":"plantor-sv","status":"publish","type":"page","link":"https:\/\/mustila.fi\/sv\/plantor-sv\/","title":{"rendered":"Plantor"},"content":{"rendered":"\t\t<div data-elementor-type=\"wp-page\" data-elementor-id=\"17412\" class=\"elementor elementor-17412 elementor-1405\" data-elementor-post-type=\"page\">\n\t\t\t\t<div class=\"elementor-element elementor-element-82b0c53 e-flex e-con-boxed e-con e-parent\" data-id=\"82b0c53\" data-element_type=\"container\" data-e-type=\"container\" data-settings=\"{&quot;background_background&quot;:&quot;classic&quot;,&quot;jet_parallax_layout_list&quot;:[]}\">\n\t\t\t\t\t<div class=\"e-con-inner\">\n\t\t\t\t\t<\/div>\n\t\t\t\t<\/div>\n\t\t<div class=\"elementor-element elementor-element-115b0d3 e-flex e-con-boxed e-con e-parent\" data-id=\"115b0d3\" data-element_type=\"container\" data-e-type=\"container\" data-settings=\"{&quot;jet_parallax_layout_list&quot;:[]}\">\n\t\t\t\t\t<div class=\"e-con-inner\">\n\t\t\t\t<div class=\"elementor-element elementor-element-ae6d5a0 elementor-widget elementor-widget-text-editor\" data-id=\"ae6d5a0\" data-element_type=\"widget\" data-e-type=\"widget\" data-widget_type=\"text-editor.default\">\n\t\t\t\t<div class=\"elementor-widget-container\">\n\t\t\t\t\t\t\t\t\t<p>I Arboretum Mustila v\u00e4xer \u00f6ver 100 arter av barrtr\u00e4d och omkring 200 arter l\u00f6vtr\u00e4d samt hundratals buskar och perenner. Vi har valt ut 500 v\u00e4xter som vi har beskrivit f\u00f6r v\u00e5ra bes\u00f6kare p\u00e5 webben och i parken. V\u00e4xterna \u00e4r f\u00f6rsedda med namnskyltar.<\/p>\t\t\t\t\t\t\t\t<\/div>\n\t\t\t\t<\/div>\n\t\t\t\t<div class=\"elementor-element elementor-element-66aa732 elementor-align-center elementor-mobile-align-justify elementor-widget elementor-widget-button\" data-id=\"66aa732\" data-element_type=\"widget\" data-e-type=\"widget\" data-widget_type=\"button.default\">\n\t\t\t\t<div class=\"elementor-widget-container\">\n\t\t\t\t\t\t\t\t\t<div class=\"elementor-button-wrapper\">\n\t\t\t\t\t<a class=\"elementor-button elementor-button-link elementor-size-lg\" href=\"\/sv\/forord_till_vaxtbeskrivningarna\/\">\n\t\t\t\t\t\t<span class=\"elementor-button-content-wrapper\">\n\t\t\t\t\t\t<span class=\"elementor-button-icon\">\n\t\t\t\t<i aria-hidden=\"true\" class=\"fas fa-long-arrow-alt-right\"><\/i>\t\t\t<\/span>\n\t\t\t\t\t\t\t\t\t<span class=\"elementor-button-text\">F\u00f6rord till v\u00e4xtbeskrivningarna<\/span>\n\t\t\t\t\t<\/span>\n\t\t\t\t\t<\/a>\n\t\t\t\t<\/div>\n\t\t\t\t\t\t\t\t<\/div>\n\t\t\t\t<\/div>\n\t\t\t\t\t<\/div>\n\t\t\t\t<\/div>\n\t\t<div class=\"elementor-element elementor-element-53a90a9 e-flex e-con-boxed e-con e-parent\" data-id=\"53a90a9\" data-element_type=\"container\" data-e-type=\"container\" data-settings=\"{&quot;jet_parallax_layout_list&quot;:[]}\">\n\t\t\t\t\t<div class=\"e-con-inner\">\n\t\t\t\t<div class=\"elementor-element elementor-element-8c29b9c elementor-cta--layout-image-left elementor-cta--mobile-layout-image-above elementor-cta--skin-classic elementor-animated-content elementor-bg-transform elementor-bg-transform-zoom-in elementor-widget elementor-widget-call-to-action\" data-id=\"8c29b9c\" data-element_type=\"widget\" data-e-type=\"widget\" data-widget_type=\"call-to-action.default\">\n\t\t\t\t<div class=\"elementor-widget-container\">\n\t\t\t\t\t\t\t<a class=\"elementor-cta\" href=\"\/kasvilajit\/havupuut\/\">\n\t\t\t\t\t<div class=\"elementor-cta__bg-wrapper\">\n\t\t\t\t<div class=\"elementor-cta__bg elementor-bg\" style=\"background-image: url(https:\/\/mustila.fi\/wp-content\/uploads\/2023\/07\/larix_kaempferi_kapyoksa-2.jpg);\" role=\"img\" aria-label=\"larix_kaempferi_kapyoksa\"><\/div>\n\t\t\t\t<div class=\"elementor-cta__bg-overlay\"><\/div>\n\t\t\t<\/div>\n\t\t\t\t\t\t\t<div class=\"elementor-cta__content\">\n\t\t\t\t\n\t\t\t\t\t\t\t\t\t<h2 class=\"elementor-cta__title elementor-cta__content-item elementor-content-item\">\n\t\t\t\t\t\tBarrtr\u00e4d\t\t\t\t\t<\/h2>\n\t\t\t\t\n\t\t\t\t\t\t\t\t\t<div class=\"elementor-cta__description elementor-cta__content-item elementor-content-item\">\n\t\t\t\t\t\tI Arboretum Mustila v\u00e4xer \u00f6ver 100 arter barrtr\u00e4d. De mest f\u00f6rekommande sl\u00e4ktena av barrtr\u00e4d \u00e4r\t\t\t\t\t<\/div>\n\t\t\t\t\n\t\t\t\t\t\t\t\t\t<div class=\"elementor-cta__button-wrapper elementor-cta__content-item elementor-content-item \">\n\t\t\t\t\t<span class=\"elementor-cta__button elementor-button elementor-size-\">\n\t\t\t\t\t\t\u00d6ppna l\u00e4nken\t\t\t\t\t<\/span>\n\t\t\t\t\t<\/div>\n\t\t\t\t\t\t\t<\/div>\n\t\t\t\t\t\t<\/a>\n\t\t\t\t\t\t<\/div>\n\t\t\t\t<\/div>\n\t\t\t\t<div class=\"elementor-element elementor-element-cde1ef1 elementor-cta--layout-image-left elementor-cta--mobile-layout-image-above elementor-cta--skin-classic elementor-animated-content elementor-bg-transform elementor-bg-transform-zoom-in elementor-widget elementor-widget-call-to-action\" data-id=\"cde1ef1\" data-element_type=\"widget\" data-e-type=\"widget\" data-widget_type=\"call-to-action.default\">\n\t\t\t\t<div class=\"elementor-widget-container\">\n\t\t\t\t\t\t\t<a class=\"elementor-cta\" href=\"\/kasvilajit\/lehtipuut-ja-pensaat\/\">\n\t\t\t\t\t<div class=\"elementor-cta__bg-wrapper\">\n\t\t\t\t<div class=\"elementor-cta__bg elementor-bg\" style=\"background-image: url(https:\/\/mustila.fi\/wp-content\/uploads\/2023\/07\/acer_palmatum_ssp_amoenum_1-1.jpg);\" role=\"img\" aria-label=\"acer_palmatum_ssp_amoenum_1\"><\/div>\n\t\t\t\t<div class=\"elementor-cta__bg-overlay\"><\/div>\n\t\t\t<\/div>\n\t\t\t\t\t\t\t<div class=\"elementor-cta__content\">\n\t\t\t\t\n\t\t\t\t\t\t\t\t\t<h2 class=\"elementor-cta__title elementor-cta__content-item elementor-content-item\">\n\t\t\t\t\t\tL\u00f6vtr\u00e4d och buskar\t\t\t\t\t<\/h2>\n\t\t\t\t\n\t\t\t\t\t\t\t\t\t<div class=\"elementor-cta__description elementor-cta__content-item elementor-content-item\">\n\t\t\t\t\t\tI Arboretum Mustila v\u00e4xer omkring 200 l\u00f6vtr\u00e4dsarter och hundratals buskar av vilka vi endast presenterar ett begr\u00e4nsat antal. Vi har tagit med de l\u00f6vtr\u00e4d, buskar och vedartade rankor som mest f\u00f6rekommer i parken samt ytterligare ett antal rariteter och intressanta f\u00f6rs\u00f6ksv\u00e4xter.\n\nL\u00f6vtr\u00e4d och buskar sl\u00e4ktesvis i alfabetisk ordning:\t\t\t\t\t<\/div>\n\t\t\t\t\n\t\t\t\t\t\t\t\t\t<div class=\"elementor-cta__button-wrapper elementor-cta__content-item elementor-content-item \">\n\t\t\t\t\t<span class=\"elementor-cta__button elementor-button elementor-size-\">\n\t\t\t\t\t\t\u00d6ppna l\u00e4nken\t\t\t\t\t<\/span>\n\t\t\t\t\t<\/div>\n\t\t\t\t\t\t\t<\/div>\n\t\t\t\t\t\t<\/a>\n\t\t\t\t\t\t<\/div>\n\t\t\t\t<\/div>\n\t\t\t\t<div class=\"elementor-element elementor-element-ca4cd0f elementor-cta--layout-image-left elementor-cta--mobile-layout-image-above elementor-cta--skin-classic elementor-animated-content elementor-bg-transform elementor-bg-transform-zoom-in elementor-widget elementor-widget-call-to-action\" data-id=\"ca4cd0f\" data-element_type=\"widget\" data-e-type=\"widget\" data-widget_type=\"call-to-action.default\">\n\t\t\t\t<div class=\"elementor-widget-container\">\n\t\t\t\t\t\t\t<a class=\"elementor-cta\" href=\"\/kasvilajit\/rhododendron\/\">\n\t\t\t\t\t\t\t<div class=\"elementor-cta__content\">\n\t\t\t\t\n\t\t\t\t\t\t\t\t\t<h2 class=\"elementor-cta__title elementor-cta__content-item elementor-content-item\">\n\t\t\t\t\t\tAlprosor och azaleor\t\t\t\t\t<\/h2>\n\t\t\t\t\n\t\t\t\t\t\t\t\t\t<div class=\"elementor-cta__description elementor-cta__content-item elementor-content-item\">\n\t\t\t\t\t\tBeroende p\u00e5 r\u00e4knes\u00e4ttet inneh\u00e5ller sl\u00e4ktet Rhododendron ca tusen naturenliga arter inklusive alprosor, azaleor och skvattram. Skvattram tillf\u00f6rdes sl\u00e4ktet p\u00e5 1990 -talet. I sydv\u00e4stra Kina och Himalaja v\u00e4xer upp till niohundra olika arter av alprosor allt fr\u00e5n l\u00e5ga risartade markt\u00e4ckare till \u00f6ver trettiometer h\u00f6ga tr\u00e4d. De v\u00e4xter som har vant sig vid traktens milda klimat trivs \u00e4nd\u00e5 inte p\u00e5 n\u00e5gra f\u00e5 undantag n\u00e4r i Finland. De alprosor som trivs b\u00e4st i Arboretum Mustila kommer fr\u00e5n omr\u00e5den vars klimat motsvarar v\u00e5rt finska klimat med ett klart begr\u00e4nsat v\u00e4xturval.\t\t\t\t\t<\/div>\n\t\t\t\t\n\t\t\t\t\t\t\t\t\t<div class=\"elementor-cta__button-wrapper elementor-cta__content-item elementor-content-item \">\n\t\t\t\t\t<span class=\"elementor-cta__button elementor-button elementor-size-\">\n\t\t\t\t\t\t\u00d6ppna l\u00e4nken\t\t\t\t\t<\/span>\n\t\t\t\t\t<\/div>\n\t\t\t\t\t\t\t<\/div>\n\t\t\t\t\t\t<\/a>\n\t\t\t\t\t\t<\/div>\n\t\t\t\t<\/div>\n\t\t\t\t<div class=\"elementor-element elementor-element-b4c50b8 elementor-cta--layout-image-left elementor-cta--mobile-layout-image-above elementor-cta--skin-classic elementor-animated-content elementor-bg-transform elementor-bg-transform-zoom-in elementor-widget elementor-widget-call-to-action\" data-id=\"b4c50b8\" data-element_type=\"widget\" data-e-type=\"widget\" data-widget_type=\"call-to-action.default\">\n\t\t\t\t<div class=\"elementor-widget-container\">\n\t\t\t\t\t\t\t<a class=\"elementor-cta\" href=\"\/kasvilajit\/ruohovartiset\/\">\n\t\t\t\t\t\t\t<div class=\"elementor-cta__content\">\n\t\t\t\t\n\t\t\t\t\t\t\t\t\t<h2 class=\"elementor-cta__title elementor-cta__content-item elementor-content-item\">\n\t\t\t\t\t\t\u00d6rtartade v\u00e4xter\t\t\t\t\t<\/h2>\n\t\t\t\t\n\t\t\t\t\t\t\t\t\t<div class=\"elementor-cta__description elementor-cta__content-item elementor-content-item\">\n\t\t\t\t\t\tDe \u00f6rtartade v\u00e4xterna \u00f6vervintrar oftast under eller intill markytan. Blad och skott f\u00f6rtvinar till vintern och v\u00e4xer upp igen till sommaren. De \u00f6rtartade v\u00e4xterna indelas i ett\u00e5ringar, tv\u00e5-\u00e5ringar eller fler\u00e5riga v\u00e4xter beroende p\u00e5 antalet v\u00e4xtperioder. Fler\u00e5riga \u00f6rtartade v\u00e4xter kallas perenner.\t\t\t\t\t<\/div>\n\t\t\t\t\n\t\t\t\t\t\t\t\t\t<div class=\"elementor-cta__button-wrapper elementor-cta__content-item elementor-content-item \">\n\t\t\t\t\t<span class=\"elementor-cta__button elementor-button elementor-size-\">\n\t\t\t\t\t\t\u00d6ppna l\u00e4nken\t\t\t\t\t<\/span>\n\t\t\t\t\t<\/div>\n\t\t\t\t\t\t\t<\/div>\n\t\t\t\t\t\t<\/a>\n\t\t\t\t\t\t<\/div>\n\t\t\t\t<\/div>\n\t\t\t\t\t<\/div>\n\t\t\t\t<\/div>\n\t\t\t\t<\/div>\n\t\t","protected":false},"excerpt":{"rendered":"<p>I Arboretum Mustila v\u00e4xer \u00f6ver 100 arter av barrtr\u00e4d och omkring 200 arter l\u00f6vtr\u00e4d samt hundratals buskar och perenner. Vi har valt ut 500 v\u00e4xter som vi har beskrivit f\u00f6r v\u00e5ra bes\u00f6kare p\u00e5 webben och i parken. V\u00e4xterna \u00e4r f\u00f6rsedda med namnskyltar. F\u00f6rord till v\u00e4xtbeskrivningarna Barrtr\u00e4d I Arboretum Mustila v\u00e4xer \u00f6ver 100 arter barrtr\u00e4d. De [&hellip;]<\/p>\n","protected":false},"author":2,"featured_media":0,"parent":0,"menu_order":0,"comment_status":"closed","ping_status":"closed","template":"elementor_header_footer","meta":{"iawp_total_views":1,"footnotes":""},"class_list":["post-17412","page","type-page","status-publish","hentry"],"_links":{"self":[{"href":"https:\/\/mustila.fi\/sv\/wp-json\/wp\/v2\/pages\/17412","targetHints":{"allow":["GET"]}}],"collection":[{"href":"https:\/\/mustila.fi\/sv\/wp-json\/wp\/v2\/pages"}],"about":[{"href":"https:\/\/mustila.fi\/sv\/wp-json\/wp\/v2\/types\/page"}],"author":[{"embeddable":true,"href":"https:\/\/mustila.fi\/sv\/wp-json\/wp\/v2\/users\/2"}],"replies":[{"embeddable":true,"href":"https:\/\/mustila.fi\/sv\/wp-json\/wp\/v2\/comments?post=17412"}],"version-history":[{"count":0,"href":"https:\/\/mustila.fi\/sv\/wp-json\/wp\/v2\/pages\/17412\/revisions"}],"wp:attachment":[{"href":"https:\/\/mustila.fi\/sv\/wp-json\/wp\/v2\/media?parent=17412"}],"curies":[{"name":"wp","href":"https:\/\/api.w.org\/{rel}","templated":true}]}}