{"id":17415,"date":"2025-09-08T17:10:00","date_gmt":"2025-09-08T14:10:00","guid":{"rendered":"https:\/\/mustila.fi\/?page_id=17415"},"modified":"2025-09-08T17:11:27","modified_gmt":"2025-09-08T14:11:27","slug":"ota_yhteytta","status":"publish","type":"page","link":"https:\/\/mustila.fi\/sv\/ota_yhteytta\/","title":{"rendered":"Ota yhteytt\u00e4"},"content":{"rendered":"\n<p>Vastaamme mielell\u00e4mme kysymyksiisi. Jos haluat ottaa meihin yhteytt\u00e4, tule k\u00e4ym\u00e4\u00e4n toimistolla, kirjoita, soita tai l\u00e4het\u00e4 s\u00e4hk\u00f6postia. Alla olevalla lomakkeella voit l\u00e4hett\u00e4\u00e4 meille kysymyksen, tarjouspyynn\u00f6n tai palautetta.<\/p>\n\n\n\n<p><strong>K\u00e4ynti- ja postiosoite:<\/strong><\/p>\n\n\n\n<p>Arboretum Mustila<br>Mustilantie 57<br>47200 Elim\u00e4ki<\/p>\n\n\n\n<p>Puh: 05-3776678<br>S\u00e4hk\u00f6posti: arboretum@mustila.fi<\/p>\n\n\n\n<p><strong>Henkil\u00f6kunta:<\/strong><br>Jukka Reinikainen, mets\u00e4nhoitaja, toiminnanjohtaja<br>Jaakko Saarinen, FM, kokoelmavastaava<br>Kimmo V. Kuusisto, puutarhuri, puistovastaava<br>Aleksi Peltotalo, taimistop\u00e4\u00e4llikk\u00f6, taimimyyntivastaava<br>Tuomas Laitinen, puistoty\u00f6ntekij\u00e4, talonmies<br>kausity\u00f6ntekij\u00e4t<\/p>\n\n\n\n<p>Aukioloajat, p\u00e4\u00e4symaksut, tapahtumat, kartat ja muuta puistovieraille t\u00e4rke\u00e4\u00e4 tietoa:&nbsp;<a href=\"https:\/\/mustila.fi\/aukioloajat-ja-paasymaksut\/\" data-type=\"page\" data-id=\"6596\">Vierailijoille<\/a>.<\/p>\n\n\n\n<p>Vastaukset tavallisimpiin kysymyksiin kukinnasta, puistossa liikkumisesta ja monesta muusta asiasta:&nbsp;<a href=\"https:\/\/mustila.fi\/usein_kysyttyja_kysymyksia\/\" data-type=\"page\" data-id=\"6636\">Usein kysytty\u00e4<\/a>.<\/p>\n\n\n\n<p>Tietoa Arboretumin taimi- ja siementarjonnasta sek\u00e4 tilausohjeet:&nbsp;<a href=\"https:\/\/mustila.fi\/taimi-ja-siemenmyynti\/\" data-type=\"page\" data-id=\"6582\">Taimi- ja siemenmyynti<\/a>.<\/p>\n\n\n\n<div style=\"height:25px\" aria-hidden=\"true\" class=\"wp-block-spacer\"><\/div>\n\n\n\n<p><\/p>\n\n\n\n<h2 class=\"wp-block-heading\">Yhteydenottolomake<\/h2>\n\n\n<div class=\"jet-fb-form-block\" data-is-block=\"jet-forms\/form-block\"><style id=\"jet-form-builder-17418-inline-css\"><\/style><form  class=\"jet-form-builder layout-column submit-type-reload\" action=\"https:\/\/mustila.fi\/sv\/wp-json\/wp\/v2\/pages\/17415\/?5rYlob=pJLzNFD0Yi&amp;method=reload\" method=\"POST\" data-form-id=\"17418\" data-layout=\"column\" enctype=\"multipart\/form-data\" novalidate=\"null\" ssr_validation_method=\"rest\">\r\n<input type=\"hidden\" name=\"_jfb_current_render_states[]\" value=\"DEFAULT.STATE\" data-jfb-sync \/><input type=\"hidden\" class=\"jet-form-builder__field hidden-field\" name=\"_jet_engine_booking_form_id\" data-field-name=\"_jet_engine_booking_form_id\" value=\"17418\">\n<input type=\"hidden\" class=\"jet-form-builder__field hidden-field\" name=\"_jet_engine_refer\" data-field-name=\"_jet_engine_refer\" value=\"https:\/\/mustila.fi\/sv\/wp-json\/wp\/v2\/pages\/17415\/\">\n<input type=\"hidden\" class=\"jet-form-builder__field hidden-field\" name=\"__queried_post_id\" data-field-name=\"__queried_post_id\" value=\"17415\">\n\n<input type=\"hidden\" class=\"jet-form-builder__field hidden-field\" name=\"post_id\" data-field-name=\"post_id\" data-jfb-sync=\"null\" value=\"17415\">\n\n\n\n<div  class=\"jet-form-builder-row field-type-text-field\" >\n<div class=\"jet-form-builder__label\">\r\n<div class=\"jet-form-builder__label-text\">Nimesi<\/div><\/div><div class=\"jet-form-builder__field-wrap\">\n\t\t\t\t<input name=\"nimi\" id=\"nimi\" type=\"text\" data-field-name=\"nimi\" class=\"jet-form-builder__field text-field\" data-jfb-sync=\"null\" autocomplete=\"off_IzJXxh3f\">\n\t\t\t\t\t<\/div>\n<\/div>\n\n<div  class=\"jet-form-builder-row field-type-text-field\" >\n<div class=\"jet-form-builder__label\">\r\n<div class=\"jet-form-builder__label-text\">S\u00e4hk\u00f6postiosoitteesi<\/div><\/div><div class=\"jet-form-builder__field-wrap\">\n\t\t\t\t<input name=\"sahkopostiosoitteesi\" id=\"sahkopostiosoitteesi\" type=\"email\" data-field-name=\"sahkopostiosoitteesi\" class=\"jet-form-builder__field text-field\" data-jfb-sync=\"null\" autocomplete=\"off_4YfsjUEW\">\n\t\t\t\t\t<\/div>\n<\/div>\n\n<div  class=\"jet-form-builder-row field-type-select-field wp-block-jet-forms-select-field\">\n<div class=\"jet-form-builder__label\">\r\n<div class=\"jet-form-builder__label-text\">Asia koskee<\/div><\/div><div class=\"jet-form-builder__field-wrap\">\n\t<select class=\"jet-form-builder__field select-field\" name=\"asia_koskee\" data-field-name=\"asia_koskee\" id=\"asia_koskee\" data-jfb-sync=\"null\">\n\t\t<option value=\"Palautetta\" >Palautetta<\/option><option value=\"Arboretum Mustilalle tarjouspyynt\u00f6\" >Arboretum Mustilalle tarjouspyynt\u00f6<\/option><option value=\"Tilauspalvelut ryhmille\" >Tilauspalvelut ryhmille<\/option><option value=\"Siemenet tilaustiedustelu\" >Siemenet tilaustiedustelu<\/option><option value=\"Siemenet\" >Siemenet<\/option><option value=\"Taimet\" >Taimet<\/option><option value=\"Muu kysymys\" >Muu kysymys<\/option>\t<\/select>\n<\/div>\n<\/div>\n\n<div  class=\"jet-form-builder-row field-type-textarea-field\" >\n<div class=\"jet-form-builder__label\">\r\n<div class=\"jet-form-builder__label-text\">Viesti<\/div><\/div><div class=\"jet-form-builder__field-wrap\">\n\t\t<textarea class=\"jet-form-builder__field textarea-field\" name=\"viesti\" data-field-name=\"viesti\" id=\"viesti\" data-jfb-sync=\"null\"><\/textarea>\n\t<\/div>\n<\/div>\n\n<input type=\"hidden\" class=\"captcha-token\" name=\"_captcha_token\" value=\"\"\/><div  class=\"jet-form-builder-row field-type-submit-field\" >\n\t<div data-type=\"submit\" class=\"jet-form-builder__action-button-wrapper jet-form-builder__submit-wrap\">\n\t<button class=\"jet-form-builder__action-button jet-form-builder__submit submit-type-reload\" type=\"submit\">L\u00c4HET\u00c4 VIESTI<\/button>\n\t<\/div>\n\t\n<\/div>\t<div class=\"jet-form-builder-messages-wrap\" data-form-id=\"17418\"><\/div>\n<\/form>\n<\/div>","protected":false},"excerpt":{"rendered":"<p>Vastaamme mielell\u00e4mme kysymyksiisi. Jos haluat ottaa meihin yhteytt\u00e4, tule k\u00e4ym\u00e4\u00e4n toimistolla, kirjoita, soita tai l\u00e4het\u00e4 s\u00e4hk\u00f6postia. Alla olevalla lomakkeella voit l\u00e4hett\u00e4\u00e4 meille kysymyksen, tarjouspyynn\u00f6n tai palautetta. K\u00e4ynti- ja postiosoite: Arboretum MustilaMustilantie 5747200 Elim\u00e4ki Puh: 05-3776678S\u00e4hk\u00f6posti: arboretum@mustila.fi Henkil\u00f6kunta:Jukka Reinikainen, mets\u00e4nhoitaja, toiminnanjohtajaJaakko Saarinen, FM, kokoelmavastaavaKimmo V. Kuusisto, puutarhuri, puistovastaavaAleksi Peltotalo, taimistop\u00e4\u00e4llikk\u00f6, taimimyyntivastaavaTuomas Laitinen, puistoty\u00f6ntekij\u00e4, talonmieskausity\u00f6ntekij\u00e4t Aukioloajat, p\u00e4\u00e4symaksut, [&hellip;]<\/p>\n","protected":false},"author":12,"featured_media":0,"parent":0,"menu_order":0,"comment_status":"closed","ping_status":"closed","template":"","meta":{"iawp_total_views":2467,"footnotes":""},"class_list":["post-17415","page","type-page","status-publish","hentry"],"_links":{"self":[{"href":"https:\/\/mustila.fi\/sv\/wp-json\/wp\/v2\/pages\/17415","targetHints":{"allow":["GET"]}}],"collection":[{"href":"https:\/\/mustila.fi\/sv\/wp-json\/wp\/v2\/pages"}],"about":[{"href":"https:\/\/mustila.fi\/sv\/wp-json\/wp\/v2\/types\/page"}],"author":[{"embeddable":true,"href":"https:\/\/mustila.fi\/sv\/wp-json\/wp\/v2\/users\/12"}],"replies":[{"embeddable":true,"href":"https:\/\/mustila.fi\/sv\/wp-json\/wp\/v2\/comments?post=17415"}],"version-history":[{"count":0,"href":"https:\/\/mustila.fi\/sv\/wp-json\/wp\/v2\/pages\/17415\/revisions"}],"wp:attachment":[{"href":"https:\/\/mustila.fi\/sv\/wp-json\/wp\/v2\/media?parent=17415"}],"curies":[{"name":"wp","href":"https:\/\/api.w.org\/{rel}","templated":true}]}}