{"id":17484,"date":"2023-09-26T19:00:27","date_gmt":"2023-09-26T19:00:27","guid":{"rendered":"https:\/\/mustila.fi\/?page_id=17484"},"modified":"2023-09-26T19:00:38","modified_gmt":"2023-09-26T19:00:38","slug":"2_quercus_macrocarpa","status":"publish","type":"page","link":"https:\/\/mustila.fi\/sv\/2_quercus_macrocarpa\/","title":{"rendered":"Ulsike 1992: 2. Quercus macrocarpa &#8211; takiaistammi"},"content":{"rendered":"\n<p><em><small>Ulkomaisten kasvilajien menestymistutkimuksessa eli Ulsike-projektissa laadittiin vuosien 1992-1997 koelajeista kuvaukset. T\u00e4m\u00e4n sivun tiedot koskevat siten tietty\u00e4 koesiemener\u00e4\u00e4 ja ovat saattaneet p\u00e4ivitty\u00e4 mm. Ulsike-projektista saatujen kokemusten perusteella.<\/small><\/em><\/p>\n\n\n\n<p>koe-er\u00e4n tunnus: K09-91-149<\/p>\n\n\n\n<p>alkuper\u00e4: Guelph, Ontario, Kanada, 43 31 N x 80 15 W. 348 m.m.p.y.<br><br>Kotoisin Pohjois-Amerikan keski- ja koillisosista rajoittuen pohjoisessa Manitoban etel\u00e4osaan, id\u00e4ss\u00e4 Quebecin etel\u00e4osaan, etel\u00e4ss\u00e4 Kentuckyyn ja Missouriin tehden h\u00e4mm\u00e4stytt\u00e4v\u00e4n harppauksen aina Meksikonlahdelle saakka Teksasissa. L\u00e4nness\u00e4 kasvualue seuraa karkeasti Colorado-jokea. Takiaistammi on Pohjois-Amerikan yli 70 tammilajista kaikkein laajimmalle levinnyt. Se kuuluu ns. valkotammiin, kuten kotoinen tammemmekin, eli sen hedelm\u00e4 kypsyy samana kasvukautena.<br><br>Takiaistammi on suurimpia ja majesteettisimpia Pohjois-Amerikan tammista. Parhailla kasvupaikoilla se saattaa kasvaa jopa 50 m korkeaksi. Kanadassa se j\u00e4\u00e4 pienemm\u00e4ksi s\u00e4ilytt\u00e4en silti tunnusomaisen ulkomuotonsa. Poiketen kotimaisesta tammesta, joka lienee jaloista lehtipuistamme kasvupaikkansa suhteen kaikkein vaatimattomin, hakeutuu takiaistammi mieluiten syv\u00e4multaisille, ravinteikkaille maille.<br><br>Lehdet puhkeavat verraten my\u00f6h\u00e4\u00e4n. Ne ovat n. 15 cm pitk\u00e4t, tummanvihre\u00e4t ja yl\u00e4pinnaltaan heikosti kiilt\u00e4v\u00e4t. Tunnusomainen piirre on lehden alaosan syv\u00e4uurteisuus, joka saattaa vaihdella alkuper\u00e4n ja kasvupaikan mukaan huomattavastikin. Syysv\u00e4ri on keltainen tai ruskea. Hedelm\u00e4 on terho, jopa 3 cm mittainen ja suurikokoisin Pohjois-Amerikassa tavattavilla tammilla. Sen sanotaan olevan herkullinen. Takiaistammen tieteellisess\u00e4 nimess\u00e4 oleva &#8221;<em>macrocarpa<\/em>&#8221; tarkoittaa suurihedelm\u00e4ist\u00e4.<br><br>Kotimaassaan se on merkitt\u00e4vimpi\u00e4 lehtipuita, ja sen teollinen k\u00e4ytt\u00f6 on laajaa. Er\u00e4s sen erikoisk\u00e4ytt\u00f6muoto on (l\u00e4hinn\u00e4) alkoholijuomien s\u00e4ilytykseen k\u00e4ytetyt tammitynnyrit. Se on my\u00f6s merkitt\u00e4v\u00e4 koriste- ja suojaistutuspuu, koska sen kasvutapa on kaunis ja saasteidensietokyky erinomainen. Puu on pitk\u00e4ik\u00e4inen ja eritt\u00e4in kest\u00e4v\u00e4 tuholaisia ja sienitauteja vastaan. Sen sanotaan olevan helppo lis\u00e4t\u00e4 siemenest\u00e4 sek\u00e4 siirtoistuttaa toisin kuin kotimainen tammemme.<br><br>Siemen tulisi kylv\u00e4\u00e4 v\u00e4litt\u00f6m\u00e4sti. Tammen siemenell\u00e4 ei juuri ole alkiolepoa, joten sit\u00e4 ei voi s\u00e4ilytt\u00e4\u00e4 pitk\u00e4\u00e4n. T\u00e4m\u00e4 siemener\u00e4 on tullut maahan syksyll\u00e4 1991 ja sit\u00e4 on keinotekoisesti pidetty kylm\u00e4ss\u00e4, pime\u00e4ss\u00e4 paikassa kosteaan v\u00e4liaineeseen sekoitettuna. Kuten it\u00e4neist\u00e4 terhoista voi havaita, it\u00e4mist\u00e4 ei ole voitu pys\u00e4ytt\u00e4\u00e4, vaan ainoastaan hidastaa. Kylvett\u00e4ess\u00e4 siemen tulisi asettaa lappeelleen noin 2-3 cm syvyyteen.Tammi muodostaa nopeasti voimakkaan juuren, joten kylv\u00f6 suositellaan teht\u00e4v\u00e4ksi riitt\u00e4v\u00e4n syv\u00e4\u00e4n kasvualustaan. Sirkkataimi on kookas. Jyrsij\u00e4- ja hallansuojista tulisi huolehtia taimikasvatuksen aikana.<br><br>Takiaistammi j\u00e4\u00e4nee 12-17 m korkeaksi maassamme. Siemener\u00e4 ei valitettavasti edusta meid\u00e4n kannaltamme parasta mahdollista alkuper\u00e4\u00e4. N\u00e4inollen t\u00e4m\u00e4n siemener\u00e4n menestymisvy\u00f6hyke lienee I-II. Paremmalla alkuper\u00e4ll\u00e4 takiaistammen voi olettaa menestyv\u00e4n jopa vy\u00f6hykkeell\u00e4 III. Nyt kokeiltava siemener\u00e4 antaa kuitenkin t\u00e4rke\u00e4\u00e4 tietoa lajin ominaisuuksista ja siirtomahdollisuuksista.<\/p>\n\n\n\n<h2 class=\"wp-block-heading\">Kasvin perustiedot<\/h2>\n\n\n\n<p>SukuQuercusLajiMacrocarpa<\/p>\n\n\n\n<h2 class=\"wp-block-heading\">Keywords<\/h2>\n\n\n\n<ul class=\"wp-block-list\">\n<li>Ulsike<\/li>\n\n\n\n<li>1992<\/li>\n\n\n\n<li>Quercus<\/li>\n\n\n\n<li>Quercus macrocarpa<\/li>\n<\/ul>\n","protected":false},"excerpt":{"rendered":"<p>Ulkomaisten kasvilajien menestymistutkimuksessa eli Ulsike-projektissa laadittiin vuosien 1992-1997 koelajeista kuvaukset. T\u00e4m\u00e4n sivun tiedot koskevat siten tietty\u00e4 koesiemener\u00e4\u00e4 ja ovat saattaneet p\u00e4ivitty\u00e4 mm. Ulsike-projektista saatujen kokemusten perusteella. koe-er\u00e4n tunnus: K09-91-149 alkuper\u00e4: Guelph, Ontario, Kanada, 43 31 N x 80 15 W. 348 m.m.p.y. Kotoisin Pohjois-Amerikan keski- ja koillisosista rajoittuen pohjoisessa Manitoban etel\u00e4osaan, id\u00e4ss\u00e4 Quebecin etel\u00e4osaan, etel\u00e4ss\u00e4 [&hellip;]<\/p>\n","protected":false},"author":2,"featured_media":0,"parent":0,"menu_order":0,"comment_status":"closed","ping_status":"closed","template":"","meta":{"iawp_total_views":15,"footnotes":""},"class_list":["post-17484","page","type-page","status-publish","hentry"],"_links":{"self":[{"href":"https:\/\/mustila.fi\/sv\/wp-json\/wp\/v2\/pages\/17484","targetHints":{"allow":["GET"]}}],"collection":[{"href":"https:\/\/mustila.fi\/sv\/wp-json\/wp\/v2\/pages"}],"about":[{"href":"https:\/\/mustila.fi\/sv\/wp-json\/wp\/v2\/types\/page"}],"author":[{"embeddable":true,"href":"https:\/\/mustila.fi\/sv\/wp-json\/wp\/v2\/users\/2"}],"replies":[{"embeddable":true,"href":"https:\/\/mustila.fi\/sv\/wp-json\/wp\/v2\/comments?post=17484"}],"version-history":[{"count":0,"href":"https:\/\/mustila.fi\/sv\/wp-json\/wp\/v2\/pages\/17484\/revisions"}],"wp:attachment":[{"href":"https:\/\/mustila.fi\/sv\/wp-json\/wp\/v2\/media?parent=17484"}],"curies":[{"name":"wp","href":"https:\/\/api.w.org\/{rel}","templated":true}]}}