{"id":17498,"date":"2023-09-26T19:04:56","date_gmt":"2023-09-26T19:04:56","guid":{"rendered":"https:\/\/mustila.fi\/?page_id=17498"},"modified":"2023-09-26T19:04:58","modified_gmt":"2023-09-26T19:04:58","slug":"ulsike-1992-6-carya-ovata-liuskahikkori-valkohikkori","status":"publish","type":"page","link":"https:\/\/mustila.fi\/sv\/ulsike-1992-6-carya-ovata-liuskahikkori-valkohikkori\/","title":{"rendered":"Ulsike 1992: 6. Carya ovata &#8211; liuskahikkori, valkohikkori"},"content":{"rendered":"\n<p><em><small>Ulkomaisten kasvilajien menestymistutkimuksessa eli Ulsike-projektissa laadittiin vuosien 1992-1997 koelajeista kuvaukset. T\u00e4m\u00e4n sivun tiedot koskevat siten tietty\u00e4 koesiemener\u00e4\u00e4 ja ovat saattaneet p\u00e4ivitty\u00e4 mm. Ulsike-projektista saatujen kokemusten perusteella.<\/small><\/em><\/p>\n\n\n\n<p>koe-er\u00e4n tunnus: K09-91-175<\/p>\n\n\n\n<p>alkuper\u00e4: Waterloo Region, Ontario, Kanada 43 17&#8217;N x 80 17&#8217;W, 260 m. m.p.y.<br><br>Kotoisin Pohjois-Amerikan it\u00e4osasta levinneisyysalueen rajoittuessa pohjoisessa Ontarion etel\u00e4osaan, id\u00e4ss\u00e4 Atlantiin, etel\u00e4ss\u00e4 Alabaman pohjoisosiin ja l\u00e4nness\u00e4 preeriaan. Vaikka liuskahikkorin luontainen levinneisyysalue onkin samankaltainen kuin karvashikkorilla, se ei ole yht\u00e4 laajalle levinnyt, mutta sit\u00e4 viljell\u00e4\u00e4n runsaasti herkullisten p\u00e4hkin\u00f6iden vuoksi ja viljelyss\u00e4 on my\u00f6s jalostettuja lajikkeita. Liuskahikkori on sukua pekaanihikkorille (<em>C. illinoensis<\/em>), jonka hedelm\u00e4, pekaanip\u00e4hkin\u00e4 lienee tuttu mm. j\u00e4\u00e4tel\u00f6n mausteena. Hikkorien englanninkielinen nimi &#8217;hickory&#8217; tulee intiaanien liuskahikkorin p\u00e4hkin\u00f6ist\u00e4 keitt\u00e4m\u00e4ll\u00e4 saadusta ruuasta &#8221;pawcohiccora&#8221;.<br><br>Liuskahikkori hakeutuu kotiseudullaan kosteille, ravinteikkaille niittymaille, mutta viljeltyn\u00e4 sit\u00e4 voidaan kasvattaa karummillakin mailla. Se on hidaskasvuinen ja pitk\u00e4ik\u00e4inen saavuttaen 20 &#8211; 30 m korkeuden ja yli 300 vuoden i\u00e4n. Sen kasvutapa poikkeaa karvashikkorista, eik\u00e4 se ole koristepuuna suosittu ep\u00e4s\u00e4\u00e4nn\u00f6llisen olemuksensa vuoksi. Lehdet ovat kerrannaiset, yleens\u00e4 5 &#8211; lehdykk\u00e4iset, 8 -18 cm pitk\u00e4t, p\u00e4\u00e4lt\u00e4 kiilt\u00e4v\u00e4n kellanvihre\u00e4t. Kotiseudullaan lehdet saavat kauniin, kullanruskean syysv\u00e4rin. Puun kaarna on vanhemmiten liuskoittunutta ja halkeilevaa. Hedelm\u00e4 on taloudellisesti merkitt\u00e4v\u00e4, sy\u00f6t\u00e4v\u00e4 p\u00e4hkin\u00e4, joka kypsyy syys-lokakuussa.<br><br>Liuskahikkori on paitsi merkitt\u00e4v\u00e4 hedelm\u00e4puu my\u00f6s haluttua sahateollisuudessa. Sen taipuisa, sitke\u00e4 puuaines on hikkoreista kaikkein kest\u00e4vint\u00e4. Puuta hy\u00f6dynnet\u00e4\u00e4n ty\u00f6kalu- ja urheiluv\u00e4lineteollisuudessa. Kuten muutkin hikkorit, liuskahikkori on erinomaista polttoainetta. Sen kuoresta voidaan valmistaa keltaista v\u00e4riainetta.<br><br>Siemen on saanut 60 vrk. kylm\u00e4k\u00e4sittelyn ennen pakkaamista, ja tulisi kylv\u00e4\u00e4 v\u00e4litt\u00f6m\u00e4sti n. 2 cm syvyyteen, koska siemenen it\u00e4misprosessi on k\u00e4ynnistynyt. Siemen it\u00e4\u00e4 hitaammin kuin karvashikkorin siemen, ja saattaa vaatia yli 50 vrk. id\u00e4tysajan. It\u00e4mist\u00e4 voidaan nopeuttaa suorittamalla id\u00e4tys l\u00e4mpim\u00e4ss\u00e4, n. 20 &#8211; 25 asteessa, t\u00e4ll\u00f6in taimi koulutetaan v\u00e4hitellen ulkoilmaan. Taimi vaatii ehdottomasti hallasuojauksen. Se muodostaa eritt\u00e4in kookkaan juuren, joka on otettava huomioon valmistettaessa kylv\u00f6alustaa, jolta vaaditaan v\u00e4hint\u00e4\u00e4n 20 cm syvyys. Jatkokasvatusalustan tulisi olla paahteelta ja hallalta suojattu, mielell\u00e4\u00e4n verhokasvien ymp\u00e4r\u00f6im\u00e4. Taimi on jyrsij\u00f6iden suosiossa ja nuorena eritt\u00e4in hallanarka, joten ns. taimisuojan k\u00e4ytt\u00f6 on perusteltua. It\u00e4vyys n. 60 &#8211; 70%. Merkitt\u00e4v\u00e4 ongelma hikkoreiden viljelyss\u00e4 tullee olemaan kasvin hidas it\u00e4minen, joka saattaa viivytt\u00e4\u00e4 muutenkin eritt\u00e4in kylm\u00e4naran kasvin tuleentumista ja siten my\u00f6s talvenkestoa.<br><br>Liuskahikkorin oletetaan menestyv\u00e4n vain maamme lounaisimmissa osissa, vy\u00f6hykesuositus Ia. Puu saattaa menestyess\u00e4\u00e4n saavuttaa 6 -8 m korkeuden. Siemener\u00e4 on ker\u00e4tty aivan kasvin luontaisen menestymisalueen pohjoisosasta luonnonvaraisista puista.<\/p>\n\n\n\n<h2 class=\"wp-block-heading\">Kasvin perustiedot<\/h2>\n\n\n\n<p>SukuCaryaLajiOvata<\/p>\n\n\n\n<h2 class=\"wp-block-heading\">Keywords<\/h2>\n\n\n\n<ul class=\"wp-block-list\">\n<li>Ulsike<\/li>\n\n\n\n<li>1992<\/li>\n\n\n\n<li>Lehtipuut ja -pensaat<\/li>\n\n\n\n<li>Carya<\/li>\n\n\n\n<li>Carya ovata<\/li>\n<\/ul>\n","protected":false},"excerpt":{"rendered":"<p>Ulkomaisten kasvilajien menestymistutkimuksessa eli Ulsike-projektissa laadittiin vuosien 1992-1997 koelajeista kuvaukset. T\u00e4m\u00e4n sivun tiedot koskevat siten tietty\u00e4 koesiemener\u00e4\u00e4 ja ovat saattaneet p\u00e4ivitty\u00e4 mm. Ulsike-projektista saatujen kokemusten perusteella. koe-er\u00e4n tunnus: K09-91-175 alkuper\u00e4: Waterloo Region, Ontario, Kanada 43 17&#8217;N x 80 17&#8217;W, 260 m. m.p.y. Kotoisin Pohjois-Amerikan it\u00e4osasta levinneisyysalueen rajoittuessa pohjoisessa Ontarion etel\u00e4osaan, id\u00e4ss\u00e4 Atlantiin, etel\u00e4ss\u00e4 Alabaman pohjoisosiin [&hellip;]<\/p>\n","protected":false},"author":2,"featured_media":0,"parent":0,"menu_order":0,"comment_status":"closed","ping_status":"closed","template":"","meta":{"iawp_total_views":85,"footnotes":""},"class_list":["post-17498","page","type-page","status-publish","hentry"],"_links":{"self":[{"href":"https:\/\/mustila.fi\/sv\/wp-json\/wp\/v2\/pages\/17498","targetHints":{"allow":["GET"]}}],"collection":[{"href":"https:\/\/mustila.fi\/sv\/wp-json\/wp\/v2\/pages"}],"about":[{"href":"https:\/\/mustila.fi\/sv\/wp-json\/wp\/v2\/types\/page"}],"author":[{"embeddable":true,"href":"https:\/\/mustila.fi\/sv\/wp-json\/wp\/v2\/users\/2"}],"replies":[{"embeddable":true,"href":"https:\/\/mustila.fi\/sv\/wp-json\/wp\/v2\/comments?post=17498"}],"version-history":[{"count":0,"href":"https:\/\/mustila.fi\/sv\/wp-json\/wp\/v2\/pages\/17498\/revisions"}],"wp:attachment":[{"href":"https:\/\/mustila.fi\/sv\/wp-json\/wp\/v2\/media?parent=17498"}],"curies":[{"name":"wp","href":"https:\/\/api.w.org\/{rel}","templated":true}]}}