{"id":17499,"date":"2023-09-26T19:05:14","date_gmt":"2023-09-26T19:05:14","guid":{"rendered":"https:\/\/mustila.fi\/?page_id=17499"},"modified":"2023-09-26T19:05:16","modified_gmt":"2023-09-26T19:05:16","slug":"ulsike-1992-7-carya-cordiformis-karvashikkori","status":"publish","type":"page","link":"https:\/\/mustila.fi\/sv\/ulsike-1992-7-carya-cordiformis-karvashikkori\/","title":{"rendered":"Ulsike 1992: 7. Carya cordiformis &#8211; karvashikkori"},"content":{"rendered":"\n<p><em><small>Ulkomaisten kasvilajien menestymistutkimuksessa eli Ulsike-projektissa laadittiin vuosien 1992-1997 koelajeista kuvaukset. T\u00e4m\u00e4n sivun tiedot koskevat siten tietty\u00e4 koesiemener\u00e4\u00e4 ja ovat saattaneet p\u00e4ivitty\u00e4 mm. Ulsike-projektista saatujen kokemusten perusteella.<\/small><\/em><\/p>\n\n\n\n<p>koer\u00e4n tunnus: K09-91-176<\/p>\n\n\n\n<p>alkuper\u00e4: Waterloo Region, Ontario, Kanada 43 17&#8217;N x 80 17&#8217;W, 260 m.m.p.y.<br><br>Kotoisin Pohjois-Amerikan it\u00e4osasta levinneisyysalueen rajoittuessa Ontarion etel\u00e4osan lehtovy\u00f6hykkeeseen, id\u00e4ss\u00e4 Atlantiin, etel\u00e4ss\u00e4 Floridan pohjoisosiin ja l\u00e4nness\u00e4 preerian it\u00e4reunaan. Maapallolta tunnetaan n. 20 hikkorilajia, joista vain 2 Pohjois-Amerikan ulkopuolelta. Karvashikkori on yksi 3-4 hikkorista, joita voidaan ajatella viljelt\u00e4v\u00e4n maassamme ja n\u00e4ist\u00e4 todenn\u00e4k\u00f6isesti kest\u00e4vin.<br><br>Karvashikkori kasvaa kotiseudullaan l\u00e4hinn\u00e4 kosteilla, ravinteikkailla suistomailla. Se on hidaskasvuisina pidetyist\u00e4 hikkoreista nopeakasvuisin saavuttaen yleisesti 20-25 m korkeuden; paikallisesti jopa 40 m korkeuden. Puu muodostaa leve\u00e4n, tammenkaltaisen latvuksen ja on paljon k\u00e4ytetty koristepuu. Sen lehdet ovat kerrannaiset, yleens\u00e4 7-lehdykk\u00e4iset, 15-25 cm pitk\u00e4t, p\u00e4\u00e4lt\u00e4 tumman kellanvihre\u00e4t. Niiden syysv\u00e4ri on keltainen. Hedelm\u00e4 on eritt\u00e4in karvas, sy\u00f6t\u00e4v\u00e4ksi kelpaamaton p\u00e4hkin\u00e4, joka kypsyy lokakuussa.<br><br>Kotiseudullaan karvashikkori on merkitt\u00e4v\u00e4 puu teollisuudelle. Sen hyvin lahonkest\u00e4v\u00e4 puuaines on on haluttua sahatavaraa, jota kest\u00e4vyytens\u00e4 takia suositaan mm. urheiluv\u00e4lineteollisuudessa. Karvashikkori on USA:n ja Kanadan merkitt\u00e4vin lihan savustukseen k\u00e4ytetty puu, joka antaa ruoalle erinomaisen aromin (true hickory smoke flavor). Se on my\u00f6s erinomainen l\u00e4mm\u00f6nl\u00e4hde so. polttopuu. Uudisasukkaat ovat k\u00e4ytt\u00e4neet karvashikkorin p\u00e4hkin\u00f6ist\u00e4 puristettua \u00f6ljy\u00e4 lampuissa polttoaineena sek\u00e4 iholle hierottuna reumal\u00e4\u00e4kkeen\u00e4.<br><br>Siemen on saanut 60 vrk kylm\u00e4k\u00e4sittelyn ennen pakkaamista, ja se tulisi kylv\u00e4\u00e4 v\u00e4litt\u00f6m\u00e4sti n. 2 cm syvyyteen, koska siemenen it\u00e4misprosessi on k\u00e4ynnistynyt. Siemen it\u00e4\u00e4 hitaasti ja saattaa vaatia 40-50 vrk id\u00e4tysajan. It\u00e4mist\u00e4 voidaan nopeuttaa id\u00e4tt\u00e4m\u00e4ll\u00e4 l\u00e4mpim\u00e4ss\u00e4 n. 20-25 asteessa. T\u00e4m\u00e4n j\u00e4lkeen taimi koulutetaan v\u00e4hitellen ulkoilmaan. Taimi vaatii ehdottomasti suojauksen hallalta. Se muodostaa eritt\u00e4in kookkaan juuren, joka on otettava huomioon kylv\u00f6alustaa valmistettaessa. Jatkokasvatusalustan tulisi olla paahteelta ja hallalta suojattu, mielell\u00e4\u00e4n verhokasvien ymp\u00e4r\u00f6im\u00e4. Taimi on jyrsij\u00f6iden suosiossa ja nuorena eritt\u00e4in hallanarka, joten ns. kasvuputken k\u00e4ytt\u00f6 on suositeltavaa. It\u00e4vyys 60 %.<br><br>Karvashikkorin oletetaan menestyv\u00e4n valitettavasti vain maamme lounaisimmissa osissa, vy\u00f6hykesuositus Ia. Puu saattaa menestyess\u00e4\u00e4n saavuttaa 8-10 m korkeuden. Siemener\u00e4 on ker\u00e4tty aivan kasvin luontaisen menestymisalueen pohjoisosasta luonnonvaraisista puista.<\/p>\n\n\n\n<h2 class=\"wp-block-heading\">Kasvin perustiedot<\/h2>\n\n\n\n<p>SukuCaryaLajiCordiformis<\/p>\n\n\n\n<h2 class=\"wp-block-heading\">Keywords<\/h2>\n\n\n\n<ul class=\"wp-block-list\">\n<li>Ulsike<\/li>\n\n\n\n<li>1992<\/li>\n<\/ul>\n","protected":false},"excerpt":{"rendered":"<p>Ulkomaisten kasvilajien menestymistutkimuksessa eli Ulsike-projektissa laadittiin vuosien 1992-1997 koelajeista kuvaukset. T\u00e4m\u00e4n sivun tiedot koskevat siten tietty\u00e4 koesiemener\u00e4\u00e4 ja ovat saattaneet p\u00e4ivitty\u00e4 mm. Ulsike-projektista saatujen kokemusten perusteella. koer\u00e4n tunnus: K09-91-176 alkuper\u00e4: Waterloo Region, Ontario, Kanada 43 17&#8217;N x 80 17&#8217;W, 260 m.m.p.y. Kotoisin Pohjois-Amerikan it\u00e4osasta levinneisyysalueen rajoittuessa Ontarion etel\u00e4osan lehtovy\u00f6hykkeeseen, id\u00e4ss\u00e4 Atlantiin, etel\u00e4ss\u00e4 Floridan pohjoisosiin ja [&hellip;]<\/p>\n","protected":false},"author":2,"featured_media":0,"parent":0,"menu_order":0,"comment_status":"closed","ping_status":"closed","template":"","meta":{"iawp_total_views":3,"footnotes":""},"class_list":["post-17499","page","type-page","status-publish","hentry"],"_links":{"self":[{"href":"https:\/\/mustila.fi\/sv\/wp-json\/wp\/v2\/pages\/17499","targetHints":{"allow":["GET"]}}],"collection":[{"href":"https:\/\/mustila.fi\/sv\/wp-json\/wp\/v2\/pages"}],"about":[{"href":"https:\/\/mustila.fi\/sv\/wp-json\/wp\/v2\/types\/page"}],"author":[{"embeddable":true,"href":"https:\/\/mustila.fi\/sv\/wp-json\/wp\/v2\/users\/2"}],"replies":[{"embeddable":true,"href":"https:\/\/mustila.fi\/sv\/wp-json\/wp\/v2\/comments?post=17499"}],"version-history":[{"count":0,"href":"https:\/\/mustila.fi\/sv\/wp-json\/wp\/v2\/pages\/17499\/revisions"}],"wp:attachment":[{"href":"https:\/\/mustila.fi\/sv\/wp-json\/wp\/v2\/media?parent=17499"}],"curies":[{"name":"wp","href":"https:\/\/api.w.org\/{rel}","templated":true}]}}