{"id":17511,"date":"2023-09-26T19:12:15","date_gmt":"2023-09-26T19:12:15","guid":{"rendered":"https:\/\/mustila.fi\/?page_id=17511"},"modified":"2023-09-26T19:12:17","modified_gmt":"2023-09-26T19:12:17","slug":"ulsike-1992-28-pinus-ponderosa-ponderosamanty-keltamanty","status":"publish","type":"page","link":"https:\/\/mustila.fi\/sv\/ulsike-1992-28-pinus-ponderosa-ponderosamanty-keltamanty\/","title":{"rendered":"Ulsike 1992: 28. Pinus ponderosa &#8211; ponderosam\u00e4nty, keltam\u00e4nty"},"content":{"rendered":"\n<p><em><small>Ulkomaisten kasvilajien menestymistutkimuksessa eli Ulsike-projektissa laadittiin vuosien 1992-1997 koelajeista kuvaukset. T\u00e4m\u00e4n sivun tiedot koskevat siten tietty\u00e4 koesiemener\u00e4\u00e4 ja ovat saattaneet p\u00e4ivitty\u00e4 mm. Ulsike-projektista saatujen kokemusten perusteella.<\/small><\/em><\/p>\n\n\n\n<p>koe-er\u00e4n tunnus: K09-92-018<\/p>\n\n\n\n<p>alkuper\u00e4: Clinton, British Columbia, Kanada 51 05&#8217;N x 121 38&#8217;W, 940-1050 m.m.p.y<br><br>Kotoisin Pohjois-Amerikan luoteisosasta rajoittuen pohjoisessa Brittil\u00e4isen Kolumbian etel\u00e4osaan, id\u00e4ss\u00e4 Kalliovuoriin, etel\u00e4ss\u00e4 Meksikon vuoristo-osiin sek\u00e4 l\u00e4nness\u00e4 Kalifornian rannikkovuoriin. Eritt\u00e4in laajalle levinnyt laji, josta erotetaan joskus kolme eri muotoa, nimitt\u00e4in var.&nbsp;<em>ponderosa<\/em>, Tyynen valtameren muoto, var.&nbsp;<em>scopulorum&nbsp;<\/em>Kalliovuorilta, jota koe-er\u00e4 edustaa sek\u00e4 var.&nbsp;<em>arizonica<\/em>&nbsp;Arizonan etel\u00e4osista ja Meksikosta.<br><br>Ponderosam\u00e4nty kasvaa erilaisilla mailla, mutta suosii rinteit\u00e4 ja vuoristoja 500-2000 korkeuteen, jopa yli 3000 metriin. Se muodostaa parhailla kasvupaikoilla puhtaita, puistomaisia metsik\u00f6it\u00e4, mutta esiintyy my\u00f6s yhdess\u00e4 muiden lajien, l\u00e4hinn\u00e4 douglaskuusen (<em>Pseudotsuga menziesii<\/em>) kanssa. Ponderosam\u00e4nty saavuttaa yleisesti 40 m korkeuden ja jopa 500 vuoden i\u00e4n kotiseudullaan. Puu on ilmiasultaan kotoisen m\u00e4ntymme kaltainen karsien kasvupaikastaan riippuen noin puolet oksistaan paljastaen suoran, l\u00e4hes mustan runkonsa. Vanhemmilla puilla kaarna muuttuu kanelinruskeaksi. Puu olisi menestyess\u00e4\u00e4n ainoa meill\u00e4 kyseeseen tuleva kolmineulasm\u00e4nty. Joskus neulaset esiintyv\u00e4t my\u00f6s pareittain. Ne ovat poikkeuksellisen pitki\u00e4, jopa 25 cm mittaisia. Hedelm\u00e4 on k\u00e4py, joka kypsyy syksyll\u00e4 ja siemenet varisevat talven kuluessa. Siemen muistuttaa ulkoasultaan ja kooltaan l\u00e4hinn\u00e4 makedonianm\u00e4nnyn (<em>Pinus peuce<\/em>) siement\u00e4.<br><br>Ponderosam\u00e4nty on alueen t\u00e4rkein sahapuu yhdess\u00e4 douglaskuusen kanssa. Sit\u00e4 k\u00e4ytet\u00e4\u00e4n kaikkeen rakentamiseen sis\u00e4- ja ulkok\u00e4yt\u00f6ss\u00e4. Sen kaarnan sanotaan vanhemmiten tuoksuvan voimakkaasti vaniljalta, kuten sen l\u00e4hisukulaisen, jeffreynm\u00e4nnynkin (<em>Pinus jeffreyi<\/em>) kaarna. Suomessa ponderosam\u00e4nnyn viljely on systemaattisesti ep\u00e4onnistunut osin todenn\u00e4k\u00f6isesti sopimattoman alkuper\u00e4n, osin lajin arkuuden taimivaiheen sienitaudeille, takia. Menestyess\u00e4\u00e4n ponderosam\u00e4nty olisi tervetullut lis\u00e4 maamme havupuuvalikoimaan.<br><br>Kyseinen siemener\u00e4 saapui maahan koe-erist\u00e4 viimeisen\u00e4 ehtien nipin napin mukaan kokeiluun. T\u00e4st\u00e4 johtuen siemen ei ole saanut tarvittavaa 45-60 vrk. kylm\u00e4stratifiointia ja it\u00e4nee vasta kylv\u00f6\u00e4 seuraavana kev\u00e4\u00e4n\u00e4. Mik\u00e4li siement\u00e4 liotetaan vedess\u00e4 24 &#8211; 48 tuntia ja kylvet\u00e4\u00e4n v\u00e4litt\u00f6m\u00e4sti ulos tai kylv\u00f6s vied\u00e4\u00e4n j\u00e4\u00e4kaappiolosuhteita vastaavaan ymp\u00e4rist\u00f6\u00f6n v\u00e4hint\u00e4\u00e4n kuukaudeksi, it\u00e4\u00e4 siemen kuluvana vuonna. Lopullinen it\u00e4mistulos saavutettaneen kuitenkin seuraavana kes\u00e4n\u00e4. Ponderosam\u00e4nty kest\u00e4\u00e4 sirkkataimena kovempaa kuumuutta ja kuivuutta kuin muut m\u00e4nnyt. Siemen voidaankin halutessa kylv\u00e4\u00e4 enemm\u00e4n hiekkaa sis\u00e4lt\u00e4v\u00e4lle kylv\u00f6alustalle, jolloin se taimetuttuaan on mahdollisesti v\u00e4hemm\u00e4n alttiina taimipoltteelle. Taimia on syyt\u00e4 tarkkailla, ja mik\u00e4li havaitaan juurenniskastaan m\u00e4d\u00e4ntyneit\u00e4 taimia, tulee ne yhdess\u00e4 saastuneen kasvualustan kanssa h\u00e4vitt\u00e4\u00e4, ja terveet taimet koulia uudelle kasvualustalle. Runsasta kastelua on syyt\u00e4 v\u00e4ltt\u00e4\u00e4, valoa taimet siet\u00e4v\u00e4t hyvin ja mielell\u00e4\u00e4n.<br><br>Ponderosam\u00e4nnyn oletetaan kest\u00e4v\u00e4n maamme etel\u00e4osissa, mahdollisesti vy\u00f6hykkeell\u00e4 III. Puu saavuttanee menestyess\u00e4\u00e4n meill\u00e4 n. 10 m korkeuden. Siemener\u00e4 on ker\u00e4tty kasvin luontaisen menestymisalueen \u00e4\u00e4rimm\u00e4isest\u00e4 pohjoisosasta verraten mantereiselta alueelta luonnonvaraisista puista.<\/p>\n\n\n\n<h2 class=\"wp-block-heading\">Kasvin perustiedot<\/h2>\n\n\n\n<p>SukuPinusLajiPonderosa<\/p>\n\n\n\n<h2 class=\"wp-block-heading\">Keywords<\/h2>\n\n\n\n<ul class=\"wp-block-list\">\n<li>Ulsike<\/li>\n\n\n\n<li>1992<\/li>\n\n\n\n<li>Pinus<\/li>\n\n\n\n<li>Pinus ponderosa<\/li>\n<\/ul>\n","protected":false},"excerpt":{"rendered":"<p>Ulkomaisten kasvilajien menestymistutkimuksessa eli Ulsike-projektissa laadittiin vuosien 1992-1997 koelajeista kuvaukset. T\u00e4m\u00e4n sivun tiedot koskevat siten tietty\u00e4 koesiemener\u00e4\u00e4 ja ovat saattaneet p\u00e4ivitty\u00e4 mm. Ulsike-projektista saatujen kokemusten perusteella. koe-er\u00e4n tunnus: K09-92-018 alkuper\u00e4: Clinton, British Columbia, Kanada 51 05&#8217;N x 121 38&#8217;W, 940-1050 m.m.p.y Kotoisin Pohjois-Amerikan luoteisosasta rajoittuen pohjoisessa Brittil\u00e4isen Kolumbian etel\u00e4osaan, id\u00e4ss\u00e4 Kalliovuoriin, etel\u00e4ss\u00e4 Meksikon vuoristo-osiin sek\u00e4 [&hellip;]<\/p>\n","protected":false},"author":2,"featured_media":0,"parent":0,"menu_order":0,"comment_status":"closed","ping_status":"closed","template":"","meta":{"iawp_total_views":52,"footnotes":""},"class_list":["post-17511","page","type-page","status-publish","hentry"],"_links":{"self":[{"href":"https:\/\/mustila.fi\/sv\/wp-json\/wp\/v2\/pages\/17511","targetHints":{"allow":["GET"]}}],"collection":[{"href":"https:\/\/mustila.fi\/sv\/wp-json\/wp\/v2\/pages"}],"about":[{"href":"https:\/\/mustila.fi\/sv\/wp-json\/wp\/v2\/types\/page"}],"author":[{"embeddable":true,"href":"https:\/\/mustila.fi\/sv\/wp-json\/wp\/v2\/users\/2"}],"replies":[{"embeddable":true,"href":"https:\/\/mustila.fi\/sv\/wp-json\/wp\/v2\/comments?post=17511"}],"version-history":[{"count":0,"href":"https:\/\/mustila.fi\/sv\/wp-json\/wp\/v2\/pages\/17511\/revisions"}],"wp:attachment":[{"href":"https:\/\/mustila.fi\/sv\/wp-json\/wp\/v2\/media?parent=17511"}],"curies":[{"name":"wp","href":"https:\/\/api.w.org\/{rel}","templated":true}]}}