{"id":17515,"date":"2023-09-26T19:14:43","date_gmt":"2023-09-26T19:14:43","guid":{"rendered":"https:\/\/mustila.fi\/?page_id=17515"},"modified":"2023-09-26T19:14:44","modified_gmt":"2023-09-26T19:14:44","slug":"ulsike-1992-10-11-abies-amabilis-purppurapihta","status":"publish","type":"page","link":"https:\/\/mustila.fi\/sv\/ulsike-1992-10-11-abies-amabilis-purppurapihta\/","title":{"rendered":"Ulsike 1992: 10.-11. Abies amabilis &#8211; purppurapihta"},"content":{"rendered":"\n<p><em><small>Ulkomaisten kasvilajien menestymistutkimuksessa eli Ulsike-projektissa laadittiin vuosien 1992-1997 koelajeista kuvaukset. T\u00e4m\u00e4n sivun tiedot koskevat siten tietty\u00e4 koesiemener\u00e4\u00e4 ja ovat saattaneet p\u00e4ivitty\u00e4 mm. Ulsike-projektista saatujen kokemusten perusteella.<\/small><\/em><\/p>\n\n\n\n<p>koe-er\u00e4n tunnus: K09-91-113 tai K09-89-001<\/p>\n\n\n\n<p>alkuper\u00e4: Falls Lake, British Columbia, Kanada 49 37 N x 121 41 W, 1245 m.m.p.y.<br>tai Arboretum Mustila, Elim\u00e4ki, 60 44&#8217;N x 26 29&#8217;E, 60 m.m.p.y.<br><br>Kotoisin Pohjois-Amerikan l\u00e4nsiosasta rajoittuen pohjoisessa Alaskan etel\u00e4isimp\u00e4\u00e4n osaan, id\u00e4ss\u00e4 Kaskadivuoristoon, etel\u00e4ss\u00e4 Oregonin pohjoisosiin sek\u00e4 l\u00e4nness\u00e4 Tyyneen valtamereen. Purppurapihta on varsin mereinen laji, jonka luontainen levinneisyysalue seuraa Pohjois-Amerikan l\u00e4nsirannikkoa. Sen menestyminen maassamme kertoo A. F. Tigerstedtin tienneen hyvin siemenalkuper\u00e4n merkityksen etenkin mereisten lajien yhteydess\u00e4, koska esim. Ruotsissa purppurapihdan ei katsota menestyv\u00e4n lainkaan ja sit\u00e4 ei edes mainita sik\u00e4l\u00e4isess\u00e4 kasvikirjallisuudessa. Mustilassa purppurapihta on menestynyt hyvin.<br><br>Purppurapihta hakeutuu kotiseudullaan kosteisiin laaksoihin ja vuorenrinteille, joissa se kasvaa yhdess\u00e4 douglaskuusen, valkokuusen, engelmanninkuusen ym. alueelle tyypillisten havupuiden kanssa. Purppurapihta ei juuri muodosta puhtaita metsik\u00f6it\u00e4. Se saavuttaa kasvupaikasta riippuen kotiseudullaan 25-35 m korkeuden ja n. 200 vuoden i\u00e4n. Purppurapihtaa pidet\u00e4\u00e4n kauneimpana jalokuusena, sen tieteellinen nimi &#8221;<em>amabilis<\/em>&#8221; tarkoittaa ihastuttavaa. Puun olemus onkin poikkeuksellisen vieh\u00e4tt\u00e4v\u00e4, neulasisto on tuuhea, neulasten v\u00e4ri p\u00e4\u00e4lt\u00e4 kauniin syv\u00e4nvihre\u00e4, alta hopeanhohtoinen. Sen kasvutapa on s\u00e4\u00e4nn\u00f6llisen t\u00e4ydellinen; se ik\u00e4\u00e4nkuin huokuu levollisuutta. Lokakuussa kypsyv\u00e4t purppurans\u00e4vyiset k\u00e4vyt tuovat oman vieh\u00e4tt\u00e4v\u00e4n lis\u00e4ns\u00e4 t\u00e4h\u00e4n havupuiden prinsessaan. K\u00e4vyt puhkeavat<em>&nbsp;Abies<\/em>-suvulle tyypillisesti puun latvaosiiin.<br><br>Purppurapihta on t\u00e4rke\u00e4 sellun raaka-aineena USA:ssa. Sen puuaines on pihdoista l\u00e4hes kest\u00e4vint\u00e4 ja kelpaa my\u00f6s sahatavaraksi. Se on usein viljelty koristepuu USA:ssa sek\u00e4 Brittein saarilla.<br><br>Jalokuusien siemen on huonosti it\u00e4v\u00e4\u00e4, eik\u00e4 purppurapihta tee poikkeusta t\u00e4ss\u00e4 suhteessa. Abies-suvun lajit tekev\u00e4t nimitt\u00e4in yleens\u00e4 siemenvuosina hyvin runsaasti siement\u00e4, joista osa on tyhj\u00e4\u00e4, so. alkio ei ole kehittynyt tai alkionkehitys on puutteellinen. N\u00e4inollen jalokuusien siementen it\u00e4vyysprosentit ovat alhaisia. Siemen ei my\u00f6sk\u00e4\u00e4n kest\u00e4 pitk\u00e4aikaista varastointia. Alhaisen it\u00e4vyysprosentin takia purppurapihdan siemeni\u00e4 on lajitelmassa paljon.<br><br>Kylv\u00f6 suositellaan teht\u00e4v\u00e4ksi ulos heti kun se on mahdollista. T\u00e4ll\u00f6in siemen ehtii saada lyhyen kylm\u00e4k\u00e4sittelyn, jolloin siemen saattaa it\u00e4\u00e4 samanaikaisesti, eik\u00e4 kasvukauden kuluessa. Ennen kylv\u00f6\u00e4 on siement\u00e4 syyt\u00e4 liottaa vedess\u00e4 1-2 vrk. Purppurapihta on hallanarka nuorena, ensimm\u00e4inen talvi tulee olemaan tulevaisuuden kannalta m\u00e4\u00e4r\u00e4\u00e4v\u00e4. Suoranaista paahdetta on v\u00e4ltett\u00e4v\u00e4 erityisesti taimivaiheessa. On syyt\u00e4 mainita, ett\u00e4 jalokuuset ovat hirvien ruokavaliossa harvinaista, mutta maittavaa herkkua.<br><br>Purppurapihdan on todettu menestyv\u00e4n kasvuvy\u00f6hykkeell\u00e4 II. T\u00e4ss\u00e4 tutkimuksessa etsit\u00e4\u00e4n sille pohjoisrajaa, sek\u00e4 verrataan Mustilan erinomaista, mutta alkuper\u00e4lt\u00e4\u00e4n tuntematonta kantaa kanadalaiseen kantaan, joka on ker\u00e4tty purppurapihdan luontaiselta esiintymisalueelta meid\u00e4n oloihimme teoreettisesti kaikkein parhaiten soveltuvalta seudulta.<\/p>\n\n\n\n<h2 class=\"wp-block-heading\">Kasvin perustiedot<\/h2>\n\n\n\n<p>SukuAbiesLajiAmabilis<\/p>\n\n\n\n<h2 class=\"wp-block-heading\">Keywords<\/h2>\n\n\n\n<ul class=\"wp-block-list\">\n<li>Ulsike<\/li>\n\n\n\n<li>1992<\/li>\n\n\n\n<li>Abies<\/li>\n\n\n\n<li>Abies amabilis<\/li>\n<\/ul>\n","protected":false},"excerpt":{"rendered":"<p>Ulkomaisten kasvilajien menestymistutkimuksessa eli Ulsike-projektissa laadittiin vuosien 1992-1997 koelajeista kuvaukset. T\u00e4m\u00e4n sivun tiedot koskevat siten tietty\u00e4 koesiemener\u00e4\u00e4 ja ovat saattaneet p\u00e4ivitty\u00e4 mm. Ulsike-projektista saatujen kokemusten perusteella. koe-er\u00e4n tunnus: K09-91-113 tai K09-89-001 alkuper\u00e4: Falls Lake, British Columbia, Kanada 49 37 N x 121 41 W, 1245 m.m.p.y.tai Arboretum Mustila, Elim\u00e4ki, 60 44&#8217;N x 26 29&#8217;E, 60 [&hellip;]<\/p>\n","protected":false},"author":2,"featured_media":0,"parent":0,"menu_order":0,"comment_status":"closed","ping_status":"closed","template":"","meta":{"iawp_total_views":7,"footnotes":""},"class_list":["post-17515","page","type-page","status-publish","hentry"],"_links":{"self":[{"href":"https:\/\/mustila.fi\/sv\/wp-json\/wp\/v2\/pages\/17515","targetHints":{"allow":["GET"]}}],"collection":[{"href":"https:\/\/mustila.fi\/sv\/wp-json\/wp\/v2\/pages"}],"about":[{"href":"https:\/\/mustila.fi\/sv\/wp-json\/wp\/v2\/types\/page"}],"author":[{"embeddable":true,"href":"https:\/\/mustila.fi\/sv\/wp-json\/wp\/v2\/users\/2"}],"replies":[{"embeddable":true,"href":"https:\/\/mustila.fi\/sv\/wp-json\/wp\/v2\/comments?post=17515"}],"version-history":[{"count":0,"href":"https:\/\/mustila.fi\/sv\/wp-json\/wp\/v2\/pages\/17515\/revisions"}],"wp:attachment":[{"href":"https:\/\/mustila.fi\/sv\/wp-json\/wp\/v2\/media?parent=17515"}],"curies":[{"name":"wp","href":"https:\/\/api.w.org\/{rel}","templated":true}]}}