{"id":17524,"date":"2023-09-26T19:16:32","date_gmt":"2023-09-26T19:16:32","guid":{"rendered":"https:\/\/mustila.fi\/?page_id=17524"},"modified":"2023-09-26T19:16:33","modified_gmt":"2023-09-26T19:16:33","slug":"ulsike-1992-16-prunus-ussuriensis-ussurinluumu","status":"publish","type":"page","link":"https:\/\/mustila.fi\/sv\/ulsike-1992-16-prunus-ussuriensis-ussurinluumu\/","title":{"rendered":"Ulsike 1992: 16. Prunus ussuriensis &#8211; ussurinluumu"},"content":{"rendered":"\n<p><em><small>Ulkomaisten kasvilajien menestymistutkimuksessa eli Ulsike-projektissa laadittiin vuosien 1992-1997 koelajeista kuvaukset. T\u00e4m\u00e4n sivun tiedot koskevat siten tietty\u00e4 koesiemener\u00e4\u00e4 ja ovat saattaneet p\u00e4ivitty\u00e4 mm. Ulsike-projektista saatujen kokemusten perusteella.<\/small><\/em><\/p>\n\n\n\n<p>koe-er\u00e4n tunnus: K09-92-007<\/p>\n\n\n\n<p>alkuper\u00e4: Habarovsk, Ven\u00e4j\u00e4 48 00&#8217;N x 135 30&#8217;E, korkeus merenpinnasta tuntematon<\/p>\n\n\n\n<p>Hyvin vaikeaselkoinen laji, jonka historiasta ei ole varmuutta. Tiedet\u00e4\u00e4n, ett\u00e4 se on ikivanha kiinalainen viljelykasvi, mutta nimell\u00e4&nbsp;<em>Prunus ussuriensis<\/em>&nbsp;ei l\u00e4nsimainen ammattikirjallisuus tunne luumuja eik\u00e4 kirsikoita &#8211; n\u00e4inollen lajille ei my\u00f6sk\u00e4\u00e4n ole nime\u00e4j\u00e4\u00e4. Hyvin l\u00e4hell\u00e4 ussurinluumua on er\u00e4s toinen laji,&nbsp;<em>Prunus salicina&nbsp;<\/em>Lindl, josta amerikkalaiset nime\u00e4v\u00e4t lajikkeen Mandshurica (<em>P. salicina<\/em>&nbsp;&#8217;Mandshurica&#8217;), josta k\u00e4ytet\u00e4\u00e4n sik\u00e4l\u00e4ist\u00e4 nime\u00e4 Ussuri Plum, ja joka vastaa ussurinluumun kuvausta. Mainittu laji on toinen vanhemmista risteytyksess\u00e4 Plumcot, &#8217;luumukoosi&#8217; &#8211; luumun ja aprikoosin risteym\u00e4 (<em>P. salicina<\/em>&nbsp;x&nbsp;<em>Armeniaca<\/em>).<\/p>\n\n\n\n<p>USA:ssa ussurinluumun tyyppist\u00e4 lajia on k\u00e4ytetty mm. perusrunkona arkoja luumulajikkeita vartettaessa. Ussurimuumu on pieni puu, kotiseudullaan n. 10 m korkea, mutta j\u00e4\u00e4nee meill\u00e4 4-5 m korkeaksi. Se kukkii lehtien puhkeamisen aikoihin pienin, valkoisin kukin. Hedelm\u00e4 on 4-7 cm, v\u00e4rilt\u00e4\u00e4n kellanvihre\u00e4, joskus vihre\u00e4npunertava luumu, joka kypsyy syyskuussa.<\/p>\n\n\n\n<p>Ussurinluumun siemen on kylm\u00e4k\u00e4sitelty ennen pakkaamista, ja tulee kylv\u00e4\u00e4 v\u00e4litt\u00f6m\u00e4sti n. 2 cm syvyyteen. Kylv\u00f6-ja jatkokasvatusalusta on suojattava jyrsij\u00f6ilt\u00e4. It\u00e4vyys n. 50%, id\u00e4tysaika n. 30 vrk.<\/p>\n\n\n\n<p>Kirjallisuus- ja kasvupaikkatietojen perusteella ussurinluumu on varsin kest\u00e4v\u00e4 laji, jonka toivotaan menestyv\u00e4n aina I &#8211; II -vy\u00f6hykkeell\u00e4. Aikaisempien viljelytietojen puuttuessa tarkkaa menestymisrajaa ei voida antaa, vaan kokeen tarkoitus on etsi\u00e4 sellaista. Siemen on ker\u00e4tty luontaiseksi mainitun alueen pohjoisosasta.<\/p>\n\n\n\n<h2 class=\"wp-block-heading\">Kasvin perustiedot<\/h2>\n\n\n\n<p>SukuPrunusLajiUssuriensis<\/p>\n\n\n\n<h2 class=\"wp-block-heading\">Keywords<\/h2>\n\n\n\n<ul class=\"wp-block-list\">\n<li>Ulsike<\/li>\n\n\n\n<li>1992<\/li>\n\n\n\n<li>Prunus<\/li>\n\n\n\n<li>Prunus ussuriensis<\/li>\n<\/ul>\n","protected":false},"excerpt":{"rendered":"<p>Ulkomaisten kasvilajien menestymistutkimuksessa eli Ulsike-projektissa laadittiin vuosien 1992-1997 koelajeista kuvaukset. T\u00e4m\u00e4n sivun tiedot koskevat siten tietty\u00e4 koesiemener\u00e4\u00e4 ja ovat saattaneet p\u00e4ivitty\u00e4 mm. Ulsike-projektista saatujen kokemusten perusteella. koe-er\u00e4n tunnus: K09-92-007 alkuper\u00e4: Habarovsk, Ven\u00e4j\u00e4 48 00&#8217;N x 135 30&#8217;E, korkeus merenpinnasta tuntematon Hyvin vaikeaselkoinen laji, jonka historiasta ei ole varmuutta. Tiedet\u00e4\u00e4n, ett\u00e4 se on ikivanha kiinalainen viljelykasvi, [&hellip;]<\/p>\n","protected":false},"author":2,"featured_media":0,"parent":0,"menu_order":0,"comment_status":"closed","ping_status":"closed","template":"","meta":{"iawp_total_views":3,"footnotes":""},"class_list":["post-17524","page","type-page","status-publish","hentry"],"_links":{"self":[{"href":"https:\/\/mustila.fi\/sv\/wp-json\/wp\/v2\/pages\/17524","targetHints":{"allow":["GET"]}}],"collection":[{"href":"https:\/\/mustila.fi\/sv\/wp-json\/wp\/v2\/pages"}],"about":[{"href":"https:\/\/mustila.fi\/sv\/wp-json\/wp\/v2\/types\/page"}],"author":[{"embeddable":true,"href":"https:\/\/mustila.fi\/sv\/wp-json\/wp\/v2\/users\/2"}],"replies":[{"embeddable":true,"href":"https:\/\/mustila.fi\/sv\/wp-json\/wp\/v2\/comments?post=17524"}],"version-history":[{"count":0,"href":"https:\/\/mustila.fi\/sv\/wp-json\/wp\/v2\/pages\/17524\/revisions"}],"wp:attachment":[{"href":"https:\/\/mustila.fi\/sv\/wp-json\/wp\/v2\/media?parent=17524"}],"curies":[{"name":"wp","href":"https:\/\/api.w.org\/{rel}","templated":true}]}}