{"id":17530,"date":"2023-09-26T19:17:49","date_gmt":"2023-09-26T19:17:49","guid":{"rendered":"https:\/\/mustila.fi\/?page_id=17530"},"modified":"2023-09-26T19:17:51","modified_gmt":"2023-09-26T19:17:51","slug":"ulsike-1992-19-20-juglans-mandshurica-mantsurianjalopahkina","status":"publish","type":"page","link":"https:\/\/mustila.fi\/sv\/ulsike-1992-19-20-juglans-mandshurica-mantsurianjalopahkina\/","title":{"rendered":"Ulsike 1992: 19.-20. Juglans mandshurica &#8211; mantsurianjalop\u00e4hkin\u00e4"},"content":{"rendered":"\n<p><em><small>Ulkomaisten kasvilajien menestymistutkimuksessa eli Ulsike-projektissa laadittiin vuosien 1992-1997 koelajeista kuvaukset. T\u00e4m\u00e4n sivun tiedot koskevat siten tietty\u00e4 koesiemener\u00e4\u00e4 ja ovat saattaneet p\u00e4ivitty\u00e4 mm. Ulsike-projektista saatujen kokemusten perusteella.<\/small><\/em><\/p>\n\n\n\n<p>koe-er\u00e4n tunnus: K09-92-004 tai K09-92-014<\/p>\n\n\n\n<p>alkuper\u00e4: Birobidjan, Ven\u00e4j\u00e4 48 30&#8217;N x 133 00&#8217;E, korkeus merenpinnasta tuntematon tai Zavmnsk, Ven\u00e4j\u00e4 50 00&#8217;N x 129 30&#8217;E, korkeus merenpinnasta tuntematon<br><br>Kotoisin Aasiasta esiintyen Kiinan it\u00e4osassa, Ven\u00e4j\u00e4n kaakkoisosassa sek\u00e4 Pohjois-Koreassa. Jalop\u00e4hkin\u00f6it\u00e4 tunnetaan maailmasta n. 15 lajia Pohjois-ja Keski-Amerikasta, Euroopasta sek\u00e4 Aasiasta. Meill\u00e4 voidaan viljell\u00e4 n\u00e4ist\u00e4 mahdollisesti viitt\u00e4, joista yksi on juuri mantsurianjalop\u00e4hkin\u00e4.<br><br>Jalop\u00e4hkin\u00e4t ovat eksoottisimpia meill\u00e4 viljeltyj\u00e4 lehtipuita pitkien, jopa yli metrin mittaisten kerrannaisten lehtiens\u00e4 vuoksi. Puu on leve\u00e4kasvuinen, usein monirunkoinen, kotiseudullaan n. 20 m korkea. Lehdet ovat kerrannaiset, 9-17-lehdykk\u00e4iset, v\u00e4rilt\u00e4\u00e4n himme\u00e4n kellanvihre\u00e4t. Hedelm\u00e4 on sy\u00f6t\u00e4v\u00e4 p\u00e4hkin\u00e4, joka kypsyy lokakuussa. Mantsurianjalop\u00e4hkin\u00e4n sukulaiset,&nbsp;<em>J. regia<\/em>&nbsp;ja<em>&nbsp;J. nigra<\/em>&nbsp;sek\u00e4<em>&nbsp;J. hindsii<\/em>&nbsp;ovat arvostettuja lajeja sy\u00f6t\u00e4vien hedelmien sek\u00e4 puuaineksen (p\u00e4hkin\u00e4puu) vuoksi.<br><br>Mantsurianjalop\u00e4hkin\u00e4 viihtyy kosteissa, runsasravinteisissa lehdoissa.<br><br>Jalop\u00e4hkin\u00f6iden siemen vaatii it\u00e4\u00e4kseen 60-120 vrk. kylm\u00e4stratifioinnin, jonka t\u00e4m\u00e4 siemener\u00e4 on saanut. N\u00e4inollen kylv\u00f6 tulisi suorittaa v\u00e4litt\u00f6m\u00e4sti n. 5 cm syvyyteen. Suositellaan kylvett\u00e4v\u00e4ksi suoraan lavaan, josta taimet voidaan koulia jatkokasvatusalustalle seuraavana kev\u00e4\u00e4n\u00e4, mik\u00e4li suojaus jyrsij\u00f6it\u00e4 vastaan on ollut riitt\u00e4v\u00e4. Taimi on isokokoinen. It\u00e4vyys n. 60 %, id\u00e4tysaika 40-50 vrk.<br><br>Mantsurianjalop\u00e4hkin\u00e4n on todettu kest\u00e4v\u00e4n III-vy\u00f6hykkeell\u00e4, jopa pohjoisempanakin. Jalop\u00e4hkin\u00e4t risteytyv\u00e4t helposti, niinp\u00e4 puhtaan siemenen saanti Suomesta voi olla vaikeaa. Koe-er\u00e4 on ilmasto-olosuhteiItaan meit\u00e4 vastaavalta alueelta, ja tarkoituksena on kokeilla puhtaan siemenen kest\u00e4vyysrajoja. Mantsurianjalop\u00e4hkin\u00e4 j\u00e4\u00e4 meill\u00e4 yleens\u00e4 6-8 m. korkeaksi. Siemener\u00e4t on ker\u00e4tty luonnonvaraisista kasveista luontaisen kasvualueen pohjoisosasta.<\/p>\n\n\n\n<h2 class=\"wp-block-heading\">Kasvin perustiedot<\/h2>\n\n\n\n<p>SukuJuglansLajiMandshurica<\/p>\n\n\n\n<h2 class=\"wp-block-heading\">Keywords<\/h2>\n\n\n\n<ul class=\"wp-block-list\">\n<li>Ulsike<\/li>\n\n\n\n<li>1992<\/li>\n\n\n\n<li>Juglans<\/li>\n\n\n\n<li>Juglans mandshurica<\/li>\n<\/ul>\n","protected":false},"excerpt":{"rendered":"<p>Ulkomaisten kasvilajien menestymistutkimuksessa eli Ulsike-projektissa laadittiin vuosien 1992-1997 koelajeista kuvaukset. T\u00e4m\u00e4n sivun tiedot koskevat siten tietty\u00e4 koesiemener\u00e4\u00e4 ja ovat saattaneet p\u00e4ivitty\u00e4 mm. Ulsike-projektista saatujen kokemusten perusteella. koe-er\u00e4n tunnus: K09-92-004 tai K09-92-014 alkuper\u00e4: Birobidjan, Ven\u00e4j\u00e4 48 30&#8217;N x 133 00&#8217;E, korkeus merenpinnasta tuntematon tai Zavmnsk, Ven\u00e4j\u00e4 50 00&#8217;N x 129 30&#8217;E, korkeus merenpinnasta tuntematon Kotoisin Aasiasta [&hellip;]<\/p>\n","protected":false},"author":2,"featured_media":0,"parent":0,"menu_order":0,"comment_status":"closed","ping_status":"closed","template":"","meta":{"iawp_total_views":44,"footnotes":""},"class_list":["post-17530","page","type-page","status-publish","hentry"],"_links":{"self":[{"href":"https:\/\/mustila.fi\/sv\/wp-json\/wp\/v2\/pages\/17530","targetHints":{"allow":["GET"]}}],"collection":[{"href":"https:\/\/mustila.fi\/sv\/wp-json\/wp\/v2\/pages"}],"about":[{"href":"https:\/\/mustila.fi\/sv\/wp-json\/wp\/v2\/types\/page"}],"author":[{"embeddable":true,"href":"https:\/\/mustila.fi\/sv\/wp-json\/wp\/v2\/users\/2"}],"replies":[{"embeddable":true,"href":"https:\/\/mustila.fi\/sv\/wp-json\/wp\/v2\/comments?post=17530"}],"version-history":[{"count":0,"href":"https:\/\/mustila.fi\/sv\/wp-json\/wp\/v2\/pages\/17530\/revisions"}],"wp:attachment":[{"href":"https:\/\/mustila.fi\/sv\/wp-json\/wp\/v2\/media?parent=17530"}],"curies":[{"name":"wp","href":"https:\/\/api.w.org\/{rel}","templated":true}]}}