{"id":17534,"date":"2023-09-26T19:18:35","date_gmt":"2023-09-26T19:18:35","guid":{"rendered":"https:\/\/mustila.fi\/?page_id=17534"},"modified":"2023-09-26T19:18:36","modified_gmt":"2023-09-26T19:18:36","slug":"ulsike-1992-22-23-schisandra-chinensis-palsamikoynnos","status":"publish","type":"page","link":"https:\/\/mustila.fi\/sv\/ulsike-1992-22-23-schisandra-chinensis-palsamikoynnos\/","title":{"rendered":"Ulsike 1992: 22.-23. Schisandra chinensis &#8211; palsamik\u00f6ynn\u00f6s"},"content":{"rendered":"\n<p><em><small>Ulkomaisten kasvilajien menestymistutkimuksessa eli Ulsike-projektissa laadittiin vuosien 1992-1997 koelajeista kuvaukset. T\u00e4m\u00e4n sivun tiedot koskevat siten tietty\u00e4 koesiemener\u00e4\u00e4 ja ovat saattaneet p\u00e4ivitty\u00e4 mm. Ulsike-projektista saatujen kokemusten perusteella.<\/small><\/em><\/p>\n\n\n\n<p>koe-er\u00e4n tunnus: K09-92-013 tai K09-92-026<\/p>\n\n\n\n<p>alkuper\u00e4: Birobidjan, Ven\u00e4j\u00e4 48 30&#8217;N x 133 00&#8217;E, korkeus merenpinnasta tuntematon<br><br>Kotoisin Aasiasta esiintyen Kiinan it\u00e4osassa, Ven\u00e4j\u00e4n kaakkoiskolkassa aina Sahalinin saarta my\u00f6ten, Japanin pohjoissaarilla sek\u00e4 Korean niemimaalla. Kuuluu&nbsp;<em>Magnoliaceae<\/em>-heimoon. Maapallolta tunnetaan 7&nbsp;<em>Schisandra<\/em>-lajia, 6 Aasiasta ja 1 Pohjois-Amerikasta. N\u00e4ist\u00e4 mahdollisesti 3 aasialaista lajia tulee kysymykseen maamme kasvuolosuhteissa, palsamik\u00f6ynn\u00f6s lienee n\u00e4ist\u00e4 t\u00e4\u00e4ll\u00e4 kest\u00e4vin.<br><br>Palsamik\u00f6ynn\u00f6s on tukeensa kiertyv\u00e4 kes\u00e4vihanta k\u00f6ynn\u00f6s. Se on tavallisesti kaksikotinen, joka merkitsee, ett\u00e4 alueella on oltava useampia yksil\u00f6it\u00e4 haluttaessa kasvin tuottavan marjoja. Palsamik\u00f6ynn\u00f6s on miellytt\u00e4v\u00e4ntuoksuinen, etenkin kes\u00e4-hein\u00e4kuussa kukkiessaan valkein, joskus vaaleanpunertavin kukin. Hedelm\u00e4 on punainen marja, joka kypsyy syyskuussa.<br><br>Palsamik\u00f6ynn\u00f6s on maassamme harvoin viljelty, mutta k\u00e4ytt\u00f6kelpoinen ja vieh\u00e4tt\u00e4v\u00e4 k\u00f6ynn\u00f6s, jonka soisi saavan sille kuuluvan sijan maamme jatkuvasti h\u00e4mm\u00e4stytt\u00e4v\u00e4n lajik\u00f6yh\u00e4ss\u00e4 puutarhakasvivalikoimassa.<br><br>Siemen on kylm\u00e4stratifioitu, joten se tulee kylv\u00e4\u00e4 v\u00e4litt\u00f6m\u00e4sti. Mik\u00e4li siemen p\u00e4\u00e4see kuivumaan v\u00e4lill\u00e4, joutuu se ns. sekundaariseen lepoon, joka on syvempi kuin varsinainen alkiolepotila ja vaikea purkaa. Siemenet tulisi kylv\u00e4\u00e4 0,5 cm syvyyteen. Taimet voidaan koulia jatkokasvatusalustalle heti, kun varsinaiset kasvulehdet ovat kehittyneet. Kes\u00e4vihannat kasvit, jotka eiv\u00e4t ole muodostaneet varteen puutunutta solukkoa, voidaan koulia jatkokasvatusalustalle sirkkalehti\u00e4 my\u00f6ten. Siemener\u00e4n my\u00f6h\u00e4isen saapumisajankohdan vuoksi id\u00e4tyskoetta ei ole tehty, it\u00e4vyyden oletetaan olevan 40-60 , id\u00e4tysaika 14-21 vrk.<br><br>Palsamik\u00f6ynn\u00f6ksen oletetaan luonnonvaraisen levinneisyytens\u00e4 perusteella menestyv\u00e4n ainakin vy\u00f6hykkeell\u00e4 II, todenn\u00e4k\u00f6isesti pohjoisempanakin. Siemener\u00e4 on ker\u00e4tty luonnonvaraisista kasveista levinneisyysalueen luoteisosasta verraten mantereiselta alueelta.<\/p>\n\n\n\n<h2 class=\"wp-block-heading\">Kasvin perustiedot<\/h2>\n\n\n\n<p>SukuSchisandraLajiChinensis<\/p>\n\n\n\n<h2 class=\"wp-block-heading\">Keywords<\/h2>\n\n\n\n<ul class=\"wp-block-list\">\n<li>Ulsike<\/li>\n\n\n\n<li>1992<\/li>\n\n\n\n<li>Schisandra<\/li>\n\n\n\n<li>Schisandra chinensis<\/li>\n<\/ul>\n","protected":false},"excerpt":{"rendered":"<p>Ulkomaisten kasvilajien menestymistutkimuksessa eli Ulsike-projektissa laadittiin vuosien 1992-1997 koelajeista kuvaukset. T\u00e4m\u00e4n sivun tiedot koskevat siten tietty\u00e4 koesiemener\u00e4\u00e4 ja ovat saattaneet p\u00e4ivitty\u00e4 mm. Ulsike-projektista saatujen kokemusten perusteella. koe-er\u00e4n tunnus: K09-92-013 tai K09-92-026 alkuper\u00e4: Birobidjan, Ven\u00e4j\u00e4 48 30&#8217;N x 133 00&#8217;E, korkeus merenpinnasta tuntematon Kotoisin Aasiasta esiintyen Kiinan it\u00e4osassa, Ven\u00e4j\u00e4n kaakkoiskolkassa aina Sahalinin saarta my\u00f6ten, Japanin pohjoissaarilla [&hellip;]<\/p>\n","protected":false},"author":2,"featured_media":0,"parent":0,"menu_order":0,"comment_status":"closed","ping_status":"closed","template":"","meta":{"iawp_total_views":18,"footnotes":""},"class_list":["post-17534","page","type-page","status-publish","hentry"],"_links":{"self":[{"href":"https:\/\/mustila.fi\/sv\/wp-json\/wp\/v2\/pages\/17534","targetHints":{"allow":["GET"]}}],"collection":[{"href":"https:\/\/mustila.fi\/sv\/wp-json\/wp\/v2\/pages"}],"about":[{"href":"https:\/\/mustila.fi\/sv\/wp-json\/wp\/v2\/types\/page"}],"author":[{"embeddable":true,"href":"https:\/\/mustila.fi\/sv\/wp-json\/wp\/v2\/users\/2"}],"replies":[{"embeddable":true,"href":"https:\/\/mustila.fi\/sv\/wp-json\/wp\/v2\/comments?post=17534"}],"version-history":[{"count":0,"href":"https:\/\/mustila.fi\/sv\/wp-json\/wp\/v2\/pages\/17534\/revisions"}],"wp:attachment":[{"href":"https:\/\/mustila.fi\/sv\/wp-json\/wp\/v2\/media?parent=17534"}],"curies":[{"name":"wp","href":"https:\/\/api.w.org\/{rel}","templated":true}]}}