{"id":17541,"date":"2023-09-26T19:19:38","date_gmt":"2023-09-26T19:19:38","guid":{"rendered":"https:\/\/mustila.fi\/?page_id=17541"},"modified":"2023-09-26T19:19:40","modified_gmt":"2023-09-26T19:19:40","slug":"ulsike-1992-27-abies-lasiocarpa-lannenpihta","status":"publish","type":"page","link":"https:\/\/mustila.fi\/sv\/ulsike-1992-27-abies-lasiocarpa-lannenpihta\/","title":{"rendered":"Ulsike 1992: 27. Abies lasiocarpa &#8211; l\u00e4nnenpihta"},"content":{"rendered":"\n<p><em><small>Ulkomaisten kasvilajien menestymistutkimuksessa eli Ulsike-projektissa laadittiin vuosien 1992-1997 koelajeista kuvaukset. T\u00e4m\u00e4n sivun tiedot koskevat siten tietty\u00e4 koesiemener\u00e4\u00e4 ja ovat saattaneet p\u00e4ivitty\u00e4 mm. Ulsike-projektista saatujen kokemusten perusteella.<\/small><\/em><\/p>\n\n\n\n<p>koe-er\u00e4n tunnus: K09-92-019<\/p>\n\n\n\n<p>alkuper\u00e4: Whitehorse, Yukon Territory, Kanada 60 45&#8217;N x 135 15&#8217;W 1100-1370 m.m.p.y.<br><br>Kotoisin Pohjois-Amerikan luoteisosasta rajoittuen pohjoisessa Alaskan it\u00e4osien satunnaisiin esiintymiin, id\u00e4ss\u00e4 Kalliovuoriin, etel\u00e4ss\u00e4 New Mexicon vuoristoon ja l\u00e4nness\u00e4 rannikkovuoristoon, l\u00e4nnenpihta on l\u00e4heist\u00e4 sukua palsamipihdalle (<em>A. balsamea<\/em>), jonka p\u00e4\u00e4asiallinen esiintym\u00e4 on Pohjois-Amerikan it\u00e4osissa. Amerikan mantereen&nbsp;<em>Abies<\/em>-lajit ovat sopeutuneet omille kasvupaikoilleen, niinp\u00e4 l\u00e4nnenpihta onkin selke\u00e4sti vuoristolaji. T\u00e4ss\u00e4 tapauksessa pohjoinen ja korkea ker\u00e4yspaikka mahdollistavat kokeessa olevan siemener\u00e4n menestymisen aina Lappia my\u00f6ten.<br><br>L\u00e4nnenpihta suosii kotiseudullaan vuoristoja esiintyen 700-2500 m korkeudessa. Muiden pihtojen tapaan se ei yleens\u00e4 muodosta puhtaita metsik\u00f6it\u00e4, vaan esiintyy yleens\u00e4 yhdess\u00e4 alueen muiden havupuiden, kuten engelmanninkuusen (<em>Picea engelmannii<\/em>), kontortam\u00e4nnyn (<em>Pinus contorta<\/em>) sek\u00e4 er\u00e4ill\u00e4 alueilla mm. l\u00e4nnenlehtikuusen (<em>Larix occidentalis<\/em>) kanssa. Puu saavuttaa yleisesti 20-35 m korkeuden ja 30-75 cm j\u00e4reyden. Ankarissa olosuhteissa aivan yl\u00e4rinteitten mets\u00e4rajalla l\u00e4nnenpihdat kasvavat aivan pensasmaisina kasvustoina.<br><br>L\u00e4nnenpihdan puuaines on useimpien pihtojen tapaan vaaleaa ja haurasta sek\u00e4 helposti lahoavaa. Niinp\u00e4 k\u00e4ytt\u00f6 rajoittuu sekund\u00e4\u00e4riseen sahatavaraan ja selluksi.&nbsp; Se myyd\u00e4\u00e4n kotiseudullaan yleens\u00e4 sekapuuna yhdess\u00e4 kasvinkumppaniensa kanssa.<br><br>Siemen on kehnosti it\u00e4vist\u00e4 jalokuusista l\u00e4hes parasta it\u00e4vyyden ollessa 30-40 %. Kylv\u00f6 suositellaan teht\u00e4v\u00e4ksi ulos heti kun se on mahdollista. T\u00e4ll\u00f6in siemen ehtii saada lyhyen kylm\u00e4k\u00e4sittelyn, joka mahdollisesti edesauttaa it\u00e4mistulosta. Ennen kylv\u00f6\u00e4 on siement\u00e4 syyt\u00e4 liottaa vedess\u00e4 1-2 vrk. Kylv\u00f6syvyys 1 cm. On syyt\u00e4 mainita, ett\u00e4 jalokuuset ovat hirvien ruokavaliossa harvinaista, mutta maittavaa herkkua. L\u00e4nnenpihta vaatii muita pihtoja enemm\u00e4n valoa, mik\u00e4 tulee ottaa huomioon valittaessa kasvupaikkaa sek\u00e4 kasvatustiheytt\u00e4.<br><br>Kokeessa oleva siemener\u00e4 edustaa l\u00e4hes pohjoisinta mahdollista alkuper\u00e4\u00e4. L\u00e4nnenpihta saavuttaa meill\u00e4 jopa 20 m korkeuden. Siemener\u00e4 on ker\u00e4tty luontaisen esiintymisalueen pohjoisosasta verraten mantereiselta alueelta luonnonvaraisista puista.<\/p>\n\n\n\n<h2 class=\"wp-block-heading\">Kasvin perustiedot<\/h2>\n\n\n\n<p>SukuAbiesLajiLasiocarpa<\/p>\n\n\n\n<h2 class=\"wp-block-heading\">Keywords<\/h2>\n\n\n\n<ul class=\"wp-block-list\">\n<li>Abies lasiocarpa<\/li>\n<\/ul>\n","protected":false},"excerpt":{"rendered":"<p>Ulkomaisten kasvilajien menestymistutkimuksessa eli Ulsike-projektissa laadittiin vuosien 1992-1997 koelajeista kuvaukset. T\u00e4m\u00e4n sivun tiedot koskevat siten tietty\u00e4 koesiemener\u00e4\u00e4 ja ovat saattaneet p\u00e4ivitty\u00e4 mm. Ulsike-projektista saatujen kokemusten perusteella. koe-er\u00e4n tunnus: K09-92-019 alkuper\u00e4: Whitehorse, Yukon Territory, Kanada 60 45&#8217;N x 135 15&#8217;W 1100-1370 m.m.p.y. Kotoisin Pohjois-Amerikan luoteisosasta rajoittuen pohjoisessa Alaskan it\u00e4osien satunnaisiin esiintymiin, id\u00e4ss\u00e4 Kalliovuoriin, etel\u00e4ss\u00e4 New Mexicon [&hellip;]<\/p>\n","protected":false},"author":2,"featured_media":0,"parent":0,"menu_order":0,"comment_status":"closed","ping_status":"closed","template":"","meta":{"iawp_total_views":8,"footnotes":""},"class_list":["post-17541","page","type-page","status-publish","hentry"],"_links":{"self":[{"href":"https:\/\/mustila.fi\/sv\/wp-json\/wp\/v2\/pages\/17541","targetHints":{"allow":["GET"]}}],"collection":[{"href":"https:\/\/mustila.fi\/sv\/wp-json\/wp\/v2\/pages"}],"about":[{"href":"https:\/\/mustila.fi\/sv\/wp-json\/wp\/v2\/types\/page"}],"author":[{"embeddable":true,"href":"https:\/\/mustila.fi\/sv\/wp-json\/wp\/v2\/users\/2"}],"replies":[{"embeddable":true,"href":"https:\/\/mustila.fi\/sv\/wp-json\/wp\/v2\/comments?post=17541"}],"version-history":[{"count":0,"href":"https:\/\/mustila.fi\/sv\/wp-json\/wp\/v2\/pages\/17541\/revisions"}],"wp:attachment":[{"href":"https:\/\/mustila.fi\/sv\/wp-json\/wp\/v2\/media?parent=17541"}],"curies":[{"name":"wp","href":"https:\/\/api.w.org\/{rel}","templated":true}]}}