{"id":17554,"date":"2023-09-26T19:27:18","date_gmt":"2023-09-26T19:27:18","guid":{"rendered":"https:\/\/mustila.fi\/?page_id=17554"},"modified":"2023-09-26T19:27:19","modified_gmt":"2023-09-26T19:27:19","slug":"ukk-2-abies-holophylla-ussurinpihta","status":"publish","type":"page","link":"https:\/\/mustila.fi\/sv\/ukk-2-abies-holophylla-ussurinpihta\/","title":{"rendered":"UKK: 2. Abies holophylla &#8211; ussurinpihta"},"content":{"rendered":"\n<h3 class=\"wp-block-heading\">Luontainen levinneisyys<\/h3>\n\n\n\n<p>Ussurinpihta on kotoisin Korean niemimaalta sek\u00e4 Koreaan rajoittuvalta Kiinan ja Ven\u00e4j\u00e4n alueelta. Sit\u00e4 kasvaa vuorilaaksoissa ja rehevill\u00e4 alarinteill\u00e4.<\/p>\n\n\n\n<h3 class=\"wp-block-heading\">Lajikuvaus<\/h3>\n\n\n\n<p>Ussurinpihta kasvaa luontaisesti jopa 35 metrin pituiseksi, mutta meill\u00e4 se j\u00e4\u00e4 t\u00e4t\u00e4 pienemm\u00e4ksi. Tiett\u00e4v\u00e4sti Suomen vanhin ussurinpihta Mustilassa on noin 22 metri\u00e4 pitk\u00e4.<\/p>\n\n\n\n<p>T\u00e4m\u00e4 pihtalaji poikkeaa suuresti ulkon\u00e4\u00f6lt\u00e4\u00e4n muista pihdoista. Sill\u00e4 on kaarnainen kuori. Oksat ovat paksuja ja j\u00e4ykki\u00e4. Ter\u00e4v\u00e4k\u00e4rkiset neulaset saavat aikaan aivan erityisen vaikutelman, joka ei oikein muistuta mit\u00e4\u00e4n toista havupuuta. Oksakulma on l\u00e4hes suora ja oksat saattavat kasvaa hyvin pitkiksi. Ruskeat, melko suuret ja tynnyrim\u00e4iset k\u00e4vyt kypsyv\u00e4t meill\u00e4 my\u00f6h\u00e4\u00e4n ja pysyv\u00e4t puissa pitk\u00e4\u00e4n. Siemen on kyps\u00e4\u00e4 ker\u00e4tt\u00e4v\u00e4ksi meill\u00e4 menestyvist\u00e4 pihtalajeista kenties viimeisen\u00e4, usein loka-marraskuun vaihteessa.<\/p>\n\n\n\n<h3 class=\"wp-block-heading\">Menestyminen sek\u00e4 viljely meill\u00e4 ja muualla<\/h3>\n\n\n\n<p>Ussurinpihta l\u00f6ydettiin vasta viime vuosisadan lopulla. Se ei koskaan ole yleistynyt puutarhoissa kenties vaikean kasvatuksensa vuoksi. Meill\u00e4 se on suuri harvinaisuus, jota kasvaa oikeastaan vain muutamissa kokoelmissa. Ussurinpihta on Suomessa menestynyt I-II-vy\u00f6hykkeill\u00e4. Muualla sit\u00e4 viljell\u00e4\u00e4n harvalukuisena Pohjois-Amerikkaa my\u00f6ten, mutta mitenk\u00e4\u00e4n yleinen se ei ole.<\/p>\n\n\n\n<h3 class=\"wp-block-heading\">K\u00e4ytt\u00f6<\/h3>\n\n\n\n<p>T\u00e4m\u00e4 upea pihtalaji sopii yksitt\u00e4ispuuksi, ryhmiin tai jopa pieneksi metsik\u00f6ksi.<\/p>\n\n\n\n<h3 class=\"wp-block-heading\">Kasvupaikkavaatimukset<\/h3>\n\n\n\n<p>Ussurinpihta on ehk\u00e4 kaikkein vaateliain meill\u00e4 menestyvist\u00e4 pihdoista kasvupaikkansa suhteen. Se vaatii hyvin ravinteikasta syv\u00e4multaista maata, joka on hikev\u00e4\u00e4 eik\u00e4 liian l\u00e4p\u00e4isev\u00e4\u00e4. Maan happamuuden suhteen se ei ole erityisen vaatelias. Ussurinpihta viihtyy valossa, mutta suoranaista paahdetta tulisi v\u00e4ltt\u00e4\u00e4. Etenkin nuoruudessaan se tarvitsee runsaasti l\u00e4mp\u00f6\u00e4.<\/p>\n\n\n\n<h3 class=\"wp-block-heading\">Lis\u00e4ys ja taimikasvatus<\/h3>\n\n\n\n<p>Ussurinpihdan siemen s\u00e4ilyy it\u00e4v\u00e4n\u00e4 vain hyvin lyhyen aikaa ja se olisi syyt\u00e4 kylv\u00e4\u00e4 viel\u00e4 keruuvuonna. Siemen hy\u00f6tyy kylm\u00e4k\u00e4sittelyst\u00e4, riitt\u00e4v\u00e4 aika lienee 30 vuorokautta, mutta siemen voidaan mainiosti kylv\u00e4\u00e4 talven alla ulos. Kylv\u00f6 pit\u00e4isi tehd\u00e4 niin, ett\u00e4 siemen peittyy noin 1 cm syvyyteen. Liian pinnassa oleva siemen tunkeutuu helposti yl\u00f6s alkeisjuuren kehittyess\u00e4, jolloin taimi k\u00e4\u00e4ntyy usein kyljelleen ja tuhoutuu.<\/p>\n\n\n\n<p>Ussurinpihta hy\u00f6tyy it\u00e4ess\u00e4\u00e4n l\u00e4mm\u00f6st\u00e4 ja optimil\u00e4mp\u00f6tila lienee +22 \u00b0C. Viile\u00e4mm\u00e4ss\u00e4 l\u00e4mp\u00f6tilassa it\u00e4minen kest\u00e4\u00e4 kauemmin eik\u00e4 siemeni\u00e4 kannatakaan id\u00e4tt\u00e4\u00e4 ulkol\u00e4mm\u00f6ss\u00e4. Mik\u00e4li taimet koulitaan kennoihin, kannattaa k\u00e4ytt\u00e4\u00e4 yht\u00e4 kokoa suurempia kennoja kuin havupuille yleens\u00e4, sill\u00e4 esimerkiksi muille pihdoille yleisesti k\u00e4ytetty &#8221;608 paperpot&#8221; on liian pieni leve\u00e4oksaista ussurinpihtaa varten.<\/p>\n\n\n\n<p>Hidaskasvuinen laji on vaikea kasvatettava, ja siit\u00e4 paleltuu kasvupisteit\u00e4 tuon tuosta ensimm\u00e4isin\u00e4 vuosina. Taimikasvatus vie kauan, sill\u00e4 ussurinpihtaa joutuu kasvattamaan pellossa 6-10 vuoteen k\u00e4ytt\u00f6tarkoituksesta riippuen. Se vaatii suojaisan paikan ja hyv\u00e4n maan. Taimet kasvavat huomattavan leveiksi oksiltaan, joten niille t\u00e4ytyy varata normaalia enemm\u00e4n tilaa.<br>&nbsp;<\/p>\n\n\n\n<h2 class=\"wp-block-heading\">Kasvin perustiedot<\/h2>\n\n\n\n<p>SukuAbiesLajiHolophylla<\/p>\n\n\n\n<h2 class=\"wp-block-heading\">Keywords<\/h2>\n\n\n\n<ul class=\"wp-block-list\">\n<li>Abies<\/li>\n\n\n\n<li>Abies holophylla<\/li>\n<\/ul>\n","protected":false},"excerpt":{"rendered":"<p>Luontainen levinneisyys Ussurinpihta on kotoisin Korean niemimaalta sek\u00e4 Koreaan rajoittuvalta Kiinan ja Ven\u00e4j\u00e4n alueelta. Sit\u00e4 kasvaa vuorilaaksoissa ja rehevill\u00e4 alarinteill\u00e4. Lajikuvaus Ussurinpihta kasvaa luontaisesti jopa 35 metrin pituiseksi, mutta meill\u00e4 se j\u00e4\u00e4 t\u00e4t\u00e4 pienemm\u00e4ksi. Tiett\u00e4v\u00e4sti Suomen vanhin ussurinpihta Mustilassa on noin 22 metri\u00e4 pitk\u00e4. T\u00e4m\u00e4 pihtalaji poikkeaa suuresti ulkon\u00e4\u00f6lt\u00e4\u00e4n muista pihdoista. Sill\u00e4 on kaarnainen kuori. [&hellip;]<\/p>\n","protected":false},"author":2,"featured_media":0,"parent":0,"menu_order":0,"comment_status":"closed","ping_status":"closed","template":"","meta":{"iawp_total_views":9,"footnotes":""},"class_list":["post-17554","page","type-page","status-publish","hentry"],"_links":{"self":[{"href":"https:\/\/mustila.fi\/sv\/wp-json\/wp\/v2\/pages\/17554","targetHints":{"allow":["GET"]}}],"collection":[{"href":"https:\/\/mustila.fi\/sv\/wp-json\/wp\/v2\/pages"}],"about":[{"href":"https:\/\/mustila.fi\/sv\/wp-json\/wp\/v2\/types\/page"}],"author":[{"embeddable":true,"href":"https:\/\/mustila.fi\/sv\/wp-json\/wp\/v2\/users\/2"}],"replies":[{"embeddable":true,"href":"https:\/\/mustila.fi\/sv\/wp-json\/wp\/v2\/comments?post=17554"}],"version-history":[{"count":0,"href":"https:\/\/mustila.fi\/sv\/wp-json\/wp\/v2\/pages\/17554\/revisions"}],"wp:attachment":[{"href":"https:\/\/mustila.fi\/sv\/wp-json\/wp\/v2\/media?parent=17554"}],"curies":[{"name":"wp","href":"https:\/\/api.w.org\/{rel}","templated":true}]}}