{"id":17568,"date":"2023-09-26T19:29:59","date_gmt":"2023-09-26T19:29:59","guid":{"rendered":"https:\/\/mustila.fi\/?page_id=17568"},"modified":"2023-09-26T19:30:05","modified_gmt":"2023-09-26T19:30:05","slug":"ukk-10-tsuga-diversifolia-japaninhemlokki","status":"publish","type":"page","link":"https:\/\/mustila.fi\/sv\/ukk-10-tsuga-diversifolia-japaninhemlokki\/","title":{"rendered":"UKK: 10. Tsuga diversifolia &#8211; japaninhemlokki"},"content":{"rendered":"\n<h3 class=\"wp-block-heading\">Luontainen levinneisyys<\/h3>\n\n\n\n<p>Kotoisin Japanista, jossa sen esiintyminen rajoittuu pohjoisessa Honshun saarelle. Kotiseuduillaan japaninhemlokki kasvaa vuoristojen alaosissa yleens\u00e4 ravinteikkailla rinteill\u00e4 mets\u00e4n aluspuuna.<\/p>\n\n\n\n<h3 class=\"wp-block-heading\">Lajikuvaus<\/h3>\n\n\n\n<p>Japaninhemlokki kasvaa luontaisesti 15-20 metrin mittaiseksi, mutta j\u00e4\u00e4 viljeltyn\u00e4 huomattavasti pienemm\u00e4ksi. Meill\u00e4 se kasvaa vain noin 5 metrin pituuteen. Japaninhemlokin neulaset ovat lyhyit\u00e4, versossa eripituisia, tasasoukkia. Ne ovat p\u00e4\u00e4lt\u00e4 hyvin tummanvihreit\u00e4 ja alta valkokuvioisia. Oksat ovat t\u00e4st\u00e4 syyst\u00e4 hyvin kauniita, kun niiss\u00e4 usein on runsaasti k\u00e4pyj\u00e4, jotka riippuvat versojen k\u00e4rjist\u00e4. K\u00e4vyt syntyv\u00e4t versojen k\u00e4rkiin ja ovat munanmuotoisia ja pieni\u00e4.<\/p>\n\n\n\n<h3 class=\"wp-block-heading\">Menestyminen sek\u00e4 viljely meill\u00e4 ja muualla<\/h3>\n\n\n\n<p>Japaninhemlokkia on viljelty meill\u00e4 aina 1910-luvulta saakka, jolloin sit\u00e4 ensi kerran saatiin Mustilan arboretumiin. Se on osoittautunut meill\u00e4 menestyvist\u00e4 hemlokeista kaikkein arimmaksi lajiksi. Se on paleltunut kovimpina talvina hieman, etenkin jos kasvupaikka ei ole sille paras mahdollinen. Suomessa sen k\u00e4ytt\u00f6 rajoittuu korkeintaan II-vy\u00f6hykkeelle. Muualla japaninhemlokkia viljell\u00e4\u00e4n melko yleisesti ja siit\u00e4 on jalostettu my\u00f6s lajikkeita.<\/p>\n\n\n\n<h3 class=\"wp-block-heading\">Kasvupaikkavaatimukset<\/h3>\n\n\n\n<p>Japaninhemlokki on vaatelias sek\u00e4 kasvupaikan viljavuuden ett\u00e4 valoisuuden mukaan. Se vaatii syv\u00e4multaista ja l\u00e4mmint\u00e4 kasvualustaa, mutta ei sied\u00e4 paahdetta, vaan viihtyy syv\u00e4ss\u00e4kin varjossa.<\/p>\n\n\n\n<h3 class=\"wp-block-heading\">K\u00e4ytt\u00f6<\/h3>\n\n\n\n<p>T\u00e4m\u00e4 pieni puu on erinomainen taustapensas varjoisiin ja suojaisiin kohteisiin. Sill\u00e4 on kaunis tummanvihre\u00e4 lehv\u00e4st\u00f6, joka muodostuu tiiviiksi. Sit\u00e4 voi k\u00e4ytt\u00e4\u00e4 ryhmiss\u00e4 ehk\u00e4 mieluummin kuin yksitt\u00e4ispuuna.<\/p>\n\n\n\n<h3 class=\"wp-block-heading\">Lis\u00e4ys ja taimikasvatus<\/h3>\n\n\n\n<p>Hemlokkeja lis\u00e4t\u00e4\u00e4n siemenest\u00e4, joka kannattaa kylm\u00e4k\u00e4sitell\u00e4 45-60 p\u00e4iv\u00e4n ajan. Useimmiten kylv\u00f6t tehd\u00e4\u00e4n syksyll\u00e4 ulos, jolloin ohuelti peitetty siemen it\u00e4\u00e4 seuraavana kev\u00e4\u00e4n\u00e4. Taimet koulitaan havupuiden kasvatuskennoihin tai potteihin ja kasvatetaan niiss\u00e4 2 vuotta. Hidaskasvuinen japaninhemlokki siirret\u00e4\u00e4n t\u00e4m\u00e4n j\u00e4lkeen peltoon, jossa sit\u00e4 kasvatetaan v\u00e4hint\u00e4\u00e4n 4 vuotta. Taimet ovat t\u00e4m\u00e4n j\u00e4lkeen valmiita istutettaviksi. Kasvunopeus kiihtyy parin ensimm\u00e4isen vuoden j\u00e4lkeen. Kasvatuspaikan on oltava suojaisa ja viile\u00e4. Kasvatus on periaatteessa hyvin helppoa, mik\u00e4li em. olosuhteet ovat olemassa.<br>&nbsp;<\/p>\n\n\n\n<h2 class=\"wp-block-heading\">Kasvin perustiedot<\/h2>\n\n\n\n<p>SukuTsugaLajiDiversifolia<\/p>\n\n\n\n<h2 class=\"wp-block-heading\">Keywords<\/h2>\n\n\n\n<ul class=\"wp-block-list\">\n<li>Tsuga<\/li>\n\n\n\n<li>Tsuga diversifolia<\/li>\n<\/ul>\n","protected":false},"excerpt":{"rendered":"<p>Luontainen levinneisyys Kotoisin Japanista, jossa sen esiintyminen rajoittuu pohjoisessa Honshun saarelle. Kotiseuduillaan japaninhemlokki kasvaa vuoristojen alaosissa yleens\u00e4 ravinteikkailla rinteill\u00e4 mets\u00e4n aluspuuna. Lajikuvaus Japaninhemlokki kasvaa luontaisesti 15-20 metrin mittaiseksi, mutta j\u00e4\u00e4 viljeltyn\u00e4 huomattavasti pienemm\u00e4ksi. Meill\u00e4 se kasvaa vain noin 5 metrin pituuteen. Japaninhemlokin neulaset ovat lyhyit\u00e4, versossa eripituisia, tasasoukkia. Ne ovat p\u00e4\u00e4lt\u00e4 hyvin tummanvihreit\u00e4 ja alta [&hellip;]<\/p>\n","protected":false},"author":2,"featured_media":0,"parent":0,"menu_order":0,"comment_status":"closed","ping_status":"closed","template":"","meta":{"iawp_total_views":41,"footnotes":""},"class_list":["post-17568","page","type-page","status-publish","hentry"],"_links":{"self":[{"href":"https:\/\/mustila.fi\/sv\/wp-json\/wp\/v2\/pages\/17568","targetHints":{"allow":["GET"]}}],"collection":[{"href":"https:\/\/mustila.fi\/sv\/wp-json\/wp\/v2\/pages"}],"about":[{"href":"https:\/\/mustila.fi\/sv\/wp-json\/wp\/v2\/types\/page"}],"author":[{"embeddable":true,"href":"https:\/\/mustila.fi\/sv\/wp-json\/wp\/v2\/users\/2"}],"replies":[{"embeddable":true,"href":"https:\/\/mustila.fi\/sv\/wp-json\/wp\/v2\/comments?post=17568"}],"version-history":[{"count":0,"href":"https:\/\/mustila.fi\/sv\/wp-json\/wp\/v2\/pages\/17568\/revisions"}],"wp:attachment":[{"href":"https:\/\/mustila.fi\/sv\/wp-json\/wp\/v2\/media?parent=17568"}],"curies":[{"name":"wp","href":"https:\/\/api.w.org\/{rel}","templated":true}]}}