{"id":17574,"date":"2023-09-26T19:30:37","date_gmt":"2023-09-26T19:30:37","guid":{"rendered":"https:\/\/mustila.fi\/?page_id=17574"},"modified":"2023-09-26T19:30:38","modified_gmt":"2023-09-26T19:30:38","slug":"ukk-13-eleutherococcus-senticosus-venajanjuuri","status":"publish","type":"page","link":"https:\/\/mustila.fi\/sv\/ukk-13-eleutherococcus-senticosus-venajanjuuri\/","title":{"rendered":"UKK: 13. Eleutherococcus senticosus &#8211; ven\u00e4j\u00e4njuuri"},"content":{"rendered":"\n<h3 class=\"wp-block-heading\">Luontainen levinneisyys<\/h3>\n\n\n\n<p>Ven\u00e4j\u00e4njuuri on kotoisin Kaukoid\u00e4st\u00e4, jossa sit\u00e4 esiintyy laajalla alueella Kiinassa, Korean niemimaalla, Ven\u00e4j\u00e4n it\u00e4osissa Ohotanmeren etel\u00e4puolella ja Sahalinin saarella sek\u00e4 Japanissa Hokkaidon saarella.<\/p>\n\n\n\n<h3 class=\"wp-block-heading\">Lajikuvaus<\/h3>\n\n\n\n<p>Laji on melko pystyhaarainen pensas, jonka haarat ovat piikkisi\u00e4. Se kasvaa 1-2 metrin pituiseksi. Lehdet ovat yleens\u00e4 5-lapaisia. Niihin kehittyy kellert\u00e4v\u00e4 syysv\u00e4ri. Kukinnot ovat melko vaatimattoman n\u00e4k\u00f6isi\u00e4 ja kukkivat kes\u00e4-hein\u00e4kuun vaihteessa. Hedelm\u00e4t sen sijaan ovat n\u00e4ytt\u00e4vi\u00e4 ja koristeellisia mustia marjoja, joita syntyy pallomaisiin nuokkuviin terttuihin.<\/p>\n\n\n\n<h3 class=\"wp-block-heading\">Menestyminen sek\u00e4 viljely meill\u00e4 ja muualla<\/h3>\n\n\n\n<p>Ven\u00e4j\u00e4njuuri on menestynyt meill\u00e4 I-II-vy\u00f6hykkeill\u00e4, mutta se saattaa menesty\u00e4 huomattavasti t\u00e4t\u00e4 pohjoisempanakin. Valitettavasti t\u00e4m\u00e4n lajin kasvit ovat meill\u00e4 tuntematonta alkuper\u00e4\u00e4, vaikka ne todenn\u00e4k\u00f6isesti ovatkin per\u00e4isin Koreasta. Joka tapauksessa olisi mielenkiintoista kokeilla jotakin hyvin pohjoista alkuper\u00e4\u00e4 ja verrata sit\u00e4 nykyisin viljelyss\u00e4 oleviin kantoihin. Meill\u00e4 ven\u00e4j\u00e4njuuri on hyvin harvinainen, ja sit\u00e4 viljell\u00e4\u00e4n l\u00e4hes yksinomaan kokoelmissa. Maailmalla se on my\u00f6s hyvin harvoin viljelty laji.<\/p>\n\n\n\n<h3 class=\"wp-block-heading\">K\u00e4ytt\u00f6<\/h3>\n\n\n\n<p>Ven\u00e4j\u00e4njuuren l\u00e4hisukulainen (<em>E. sieboldianum<\/em>) mainitaan eritt\u00e4in kest\u00e4v\u00e4ksi kaupunkisaasteita vastaan. T\u00e4t\u00e4 ominaisuutta voisi kokeilla meill\u00e4kin, sill\u00e4 sukulaislaji ei vaadi juuri lainkaan hoitoa esim. tienvarsilla. Muuten lajia voitaisiin k\u00e4ytt\u00e4\u00e4 yksitt\u00e4ispensaana.<\/p>\n\n\n\n<h3 class=\"wp-block-heading\">Kasvupaikkavaatimukset<\/h3>\n\n\n\n<p>Ven\u00e4j\u00e4njuuri on melko vaatimaton kasvupaikan valoisuuden suhteen. Se menestyy puolivarjossa ja auringossa. Kasvupaikan viljavuuden suhteen se sen sijaan on vaatelias ja haluaa syv\u00e4multaista, kuohkeaa maata menesty\u00e4kseen hyvin.<\/p>\n\n\n\n<h3 class=\"wp-block-heading\">Lis\u00e4ys ja taimikasvatus<\/h3>\n\n\n\n<p>Ven\u00e4j\u00e4njuurta voidaan lis\u00e4t\u00e4 siemenest\u00e4 tai juuripistokkaista. Siemenlis\u00e4ys on hankalaa, sill\u00e4 lajin siemen on syv\u00e4ss\u00e4 lepotilassa ja vaatii l\u00e4mmin- ja kylm\u00e4k\u00e4sittelyt per\u00e4kk\u00e4in ennen it\u00e4mist\u00e4. Siemen kylvet\u00e4\u00e4n alkukes\u00e4ll\u00e4 ulos ja kylv\u00f6s peitet\u00e4\u00e4n ohuelti niin, ett\u00e4 siemen juuri peittyy. Kylv\u00f6ksen p\u00e4\u00e4lle lis\u00e4t\u00e4\u00e4n haihtumista est\u00e4v\u00e4 kerros kuoriketta, rahkasammalta tms. Kylv\u00f6s j\u00e4tet\u00e4\u00e4n ulos suojaan paahteelta ja kuivumiselta seuraavaan kes\u00e4\u00e4n saakka. Siemen it\u00e4\u00e4 melko korkeassa l\u00e4mp\u00f6tilassa ja kylv\u00f6s kannattaa id\u00e4tt\u00e4\u00e4 kasvihuoneessa +22 \u00b0C l\u00e4mm\u00f6ss\u00e4. Taimet kehittyv\u00e4t aluksi hyvin hitaasti, eiv\u00e4tk\u00e4 ne ensimm\u00e4isen kasvukauden j\u00e4lkeen ole juuri muutamaa sentti\u00e4 korkeampia. Ne ovat my\u00f6s t\u00e4llaisina taimina talvehtineet astioissa tai kennoissa huonosti ulkona. Toisena vuonna ne kasvavat enemm\u00e4n ja selvi\u00e4v\u00e4t talvesta ulkona normaalisti. Juuripistokkaista taimia on helppo lis\u00e4t\u00e4 ja ne ovat nopeita tuottaa. Pistokkaat voidaan ottaa my\u00f6h\u00e4\u00e4n syksyll\u00e4 ja talvettaa kylm\u00e4varastossa tai kev\u00e4\u00e4ll\u00e4 heti roudan sulamisen j\u00e4lkeen, jolloin ne voidaan heti ottaa viljelyyn. Suomessa on toistaiseksi niin v\u00e4h\u00e4n emokasveja, ett\u00e4 siemenkylv\u00f6\u00e4 pit\u00e4isi jatkaa emojen tuottamiseen. Kaupallinen viljely siemenest\u00e4 lis\u00e4ttyn\u00e4 vaikuttaa j\u00e4rjett\u00f6m\u00e4lt\u00e4.<br>&nbsp;<\/p>\n\n\n\n<h2 class=\"wp-block-heading\">Kasvin perustiedot<\/h2>\n\n\n\n<p>SukuEleutherococcusLajiSenticosus<\/p>\n\n\n\n<h2 class=\"wp-block-heading\">Keywords<\/h2>\n\n\n\n<ul class=\"wp-block-list\">\n<li>Acanthopanax<\/li>\n\n\n\n<li>Acanthopanax senticosus<\/li>\n\n\n\n<li>Eleutherococcus<\/li>\n\n\n\n<li>Eleutherococcus senticosus<\/li>\n<\/ul>\n","protected":false},"excerpt":{"rendered":"<p>Luontainen levinneisyys Ven\u00e4j\u00e4njuuri on kotoisin Kaukoid\u00e4st\u00e4, jossa sit\u00e4 esiintyy laajalla alueella Kiinassa, Korean niemimaalla, Ven\u00e4j\u00e4n it\u00e4osissa Ohotanmeren etel\u00e4puolella ja Sahalinin saarella sek\u00e4 Japanissa Hokkaidon saarella. Lajikuvaus Laji on melko pystyhaarainen pensas, jonka haarat ovat piikkisi\u00e4. Se kasvaa 1-2 metrin pituiseksi. Lehdet ovat yleens\u00e4 5-lapaisia. Niihin kehittyy kellert\u00e4v\u00e4 syysv\u00e4ri. Kukinnot ovat melko vaatimattoman n\u00e4k\u00f6isi\u00e4 ja kukkivat [&hellip;]<\/p>\n","protected":false},"author":2,"featured_media":0,"parent":0,"menu_order":0,"comment_status":"closed","ping_status":"closed","template":"","meta":{"iawp_total_views":17,"footnotes":""},"class_list":["post-17574","page","type-page","status-publish","hentry"],"_links":{"self":[{"href":"https:\/\/mustila.fi\/sv\/wp-json\/wp\/v2\/pages\/17574","targetHints":{"allow":["GET"]}}],"collection":[{"href":"https:\/\/mustila.fi\/sv\/wp-json\/wp\/v2\/pages"}],"about":[{"href":"https:\/\/mustila.fi\/sv\/wp-json\/wp\/v2\/types\/page"}],"author":[{"embeddable":true,"href":"https:\/\/mustila.fi\/sv\/wp-json\/wp\/v2\/users\/2"}],"replies":[{"embeddable":true,"href":"https:\/\/mustila.fi\/sv\/wp-json\/wp\/v2\/comments?post=17574"}],"version-history":[{"count":0,"href":"https:\/\/mustila.fi\/sv\/wp-json\/wp\/v2\/pages\/17574\/revisions"}],"wp:attachment":[{"href":"https:\/\/mustila.fi\/sv\/wp-json\/wp\/v2\/media?parent=17574"}],"curies":[{"name":"wp","href":"https:\/\/api.w.org\/{rel}","templated":true}]}}