{"id":17581,"date":"2023-09-26T19:30:55","date_gmt":"2023-09-26T19:30:55","guid":{"rendered":"https:\/\/mustila.fi\/?page_id=17581"},"modified":"2023-09-26T19:30:56","modified_gmt":"2023-09-26T19:30:56","slug":"ukk-14-acer-saccharinum-hopeavaahtera","status":"publish","type":"page","link":"https:\/\/mustila.fi\/sv\/ukk-14-acer-saccharinum-hopeavaahtera\/","title":{"rendered":"UKK: 14. Acer saccharinum &#8211; hopeavaahtera"},"content":{"rendered":"\n<h3 class=\"wp-block-heading\">Luontainen levinneisyys<\/h3>\n\n\n\n<p>Hopeavaahtera on pohjoisamerikkalainen laji. Sit\u00e4 esiintyy mantereen it\u00e4osassa laajalla alueella Meksikonlahdelta etel\u00e4iseen Kanadaan sek\u00e4 Suurilta j\u00e4rvilt\u00e4 Atlantille saakka.<\/p>\n\n\n\n<h3 class=\"wp-block-heading\">Lajikuvaus<\/h3>\n\n\n\n<p>Hopeavaahtera kasvaa luontaisesti jopa 40 metrin pituiseksi, mutta j\u00e4\u00e4 yleens\u00e4 hieman pienemm\u00e4ksi. Suomessa se on j\u00e4\u00e4nyt 20 metrin pituiseksi Oksat kasvavat yl\u00e4viistoon ja latvus muodostuu melko leve\u00e4ksi. Lehdet ovat kauniin liuskaisia, p\u00e4\u00e4lt\u00e4 harmaanvihreit\u00e4 ja alta hopeansinert\u00e4vi\u00e4. Syysv\u00e4ri on keltainen, mutta se ei ole yht\u00e4 merkitt\u00e4v\u00e4 kuin useilla muilla vaahteralajeilla. Siemen on vaahteralle tyypillinen lohkohedelm\u00e4, mutta se kypsyy syksyn sijasta kes\u00e4ll\u00e4. Hopeavaahterasta on jalostettu my\u00f6s useita lajikkeita, joista useimmat ovat liuskalehtisi\u00e4. Ne ovat kantamuotoa pienempikasvuisia, mutta ovat osoittautuneet ilmastollisesti hyvin kest\u00e4viksi.<\/p>\n\n\n\n<h3 class=\"wp-block-heading\">Menestyminen sek\u00e4 viljely meill\u00e4 ja muualla<\/h3>\n\n\n\n<p>Hopeavaahteraa on meill\u00e4 viljelty pitk\u00e4\u00e4n, mutta se on j\u00e4\u00e4nyt yll\u00e4tt\u00e4v\u00e4n harvinaiseksi. Se on menestynyt I-III-vy\u00f6hykkeill\u00e4 hyvin ja se saattaisi menesty\u00e4 viel\u00e4 pohjoisempana, mik\u00e4li lis\u00e4ykseen k\u00e4ytetty siemen on sopivaa alkuper\u00e4\u00e4. Maailmalla hopeavaahtera on yleisesti k\u00e4ytetty koristepuulaji.<\/p>\n\n\n\n<h3 class=\"wp-block-heading\">K\u00e4ytt\u00f6<\/h3>\n\n\n\n<p>Hopeavaahtera sopii yksitt\u00e4ispuuksi ja pienii ryhmiin. Sen kujannepuuominaisuuksia heikent\u00e4\u00e4 hyvin hauras ja helposti murtuva puuaines, joka aiheuttaa oksien putoamista esim. myrskyiss\u00e4 ja m\u00e4r\u00e4n lumen aikaan.<\/p>\n\n\n\n<h3 class=\"wp-block-heading\">Kasvupaikkavaatimukset<\/h3>\n\n\n\n<p>Hopeavaahtera on vaatelias kasvupaikan multavuuden suhteen. Se viihtyy kosteassa, runsasravinteisessa maassa. Valoisuuden suhteen se on vaatimattomampi. Se viihtyy auringossa mutta tyytyy my\u00f6s puolivarjoon.<\/p>\n\n\n\n<h3 class=\"wp-block-heading\">Lis\u00e4ys ja taimikasvatus<\/h3>\n\n\n\n<p>Hopeavaahteraa lis\u00e4t\u00e4\u00e4n siemenest\u00e4. Lajikkeet lis\u00e4t\u00e4\u00e4n varttamalla. Siemenlis\u00e4yksen ongelma on siemenen lyhytik\u00e4isyys ja saatavuus. Siemen pit\u00e4isi kylv\u00e4\u00e4 heti sen kypsytty\u00e4, sill\u00e4 se menett\u00e4\u00e4 nopeasti it\u00e4vyytens\u00e4. Meill\u00e4 ei juuri ole istutuksia, joista voisi saada kotimaista kantaa siemeni\u00e4, vaan siement\u00e4 joudutaan tuottamaan ulkoa. T\u00e4ll\u00f6in on kuitenkin vaikea saada riitt\u00e4v\u00e4n pohjoisia alkuperi\u00e4. Viljelyss\u00e4 olevat kannat ovat tuntemattomia. Hopeavaahtera on eritt\u00e4in nopeakasvuinen laji. Amerikkalaisista vaahteroista se on kaikkein nopein ja saattaa viidess\u00e4 vuodessa kasvaa l\u00e4hes kymmenmetriseksi parhailla paikoilla. Nopeasta kasvusta on meill\u00e4 haittaa, sill\u00e4 versot ehtiv\u00e4t puutua huonosti. Taimet koulitaan lehtipuille soveltuviin kasvatuskennoihin ja kasvatetaan niiss\u00e4 1- 2 vuotta. Sen j\u00e4lkeen jatkokasvatus pellossa 2 vuotta. Kasvatus on muuten helppoa, mutta jatkuva versojen paleltuminen syksyisin on haitallista.<br>&nbsp;<\/p>\n\n\n\n<h2 class=\"wp-block-heading\">Kasvin perustiedot<\/h2>\n\n\n\n<p>SukuAcerLajiSaccharinum<\/p>\n\n\n\n<h2 class=\"wp-block-heading\">Keywords<\/h2>\n\n\n\n<ul class=\"wp-block-list\">\n<li>Acer<\/li>\n\n\n\n<li>Acer saccharinum<\/li>\n<\/ul>\n","protected":false},"excerpt":{"rendered":"<p>Luontainen levinneisyys Hopeavaahtera on pohjoisamerikkalainen laji. Sit\u00e4 esiintyy mantereen it\u00e4osassa laajalla alueella Meksikonlahdelta etel\u00e4iseen Kanadaan sek\u00e4 Suurilta j\u00e4rvilt\u00e4 Atlantille saakka. Lajikuvaus Hopeavaahtera kasvaa luontaisesti jopa 40 metrin pituiseksi, mutta j\u00e4\u00e4 yleens\u00e4 hieman pienemm\u00e4ksi. Suomessa se on j\u00e4\u00e4nyt 20 metrin pituiseksi Oksat kasvavat yl\u00e4viistoon ja latvus muodostuu melko leve\u00e4ksi. Lehdet ovat kauniin liuskaisia, p\u00e4\u00e4lt\u00e4 harmaanvihreit\u00e4 ja [&hellip;]<\/p>\n","protected":false},"author":2,"featured_media":0,"parent":0,"menu_order":0,"comment_status":"closed","ping_status":"closed","template":"","meta":{"iawp_total_views":4,"footnotes":""},"class_list":["post-17581","page","type-page","status-publish","hentry"],"_links":{"self":[{"href":"https:\/\/mustila.fi\/sv\/wp-json\/wp\/v2\/pages\/17581","targetHints":{"allow":["GET"]}}],"collection":[{"href":"https:\/\/mustila.fi\/sv\/wp-json\/wp\/v2\/pages"}],"about":[{"href":"https:\/\/mustila.fi\/sv\/wp-json\/wp\/v2\/types\/page"}],"author":[{"embeddable":true,"href":"https:\/\/mustila.fi\/sv\/wp-json\/wp\/v2\/users\/2"}],"replies":[{"embeddable":true,"href":"https:\/\/mustila.fi\/sv\/wp-json\/wp\/v2\/comments?post=17581"}],"version-history":[{"count":0,"href":"https:\/\/mustila.fi\/sv\/wp-json\/wp\/v2\/pages\/17581\/revisions"}],"wp:attachment":[{"href":"https:\/\/mustila.fi\/sv\/wp-json\/wp\/v2\/media?parent=17581"}],"curies":[{"name":"wp","href":"https:\/\/api.w.org\/{rel}","templated":true}]}}