{"id":17591,"date":"2023-09-26T19:32:43","date_gmt":"2023-09-26T19:32:43","guid":{"rendered":"https:\/\/mustila.fi\/?page_id=17591"},"modified":"2023-09-26T19:32:48","modified_gmt":"2023-09-26T19:32:48","slug":"ukk-20-cercidiphyllum-japonicum-katsura","status":"publish","type":"page","link":"https:\/\/mustila.fi\/sv\/ukk-20-cercidiphyllum-japonicum-katsura\/","title":{"rendered":"UKK: 20. Cercidiphyllum japonicum &#8211; katsura"},"content":{"rendered":"\n<h3 class=\"wp-block-heading\">Luontainen levinneisyys<\/h3>\n\n\n\n<p>Katsura on kotoisin Japanista, jossa sit\u00e4 kasvaa kaikilla saarilla.<\/p>\n\n\n\n<h3 class=\"wp-block-heading\">Lajikuvaus<\/h3>\n\n\n\n<p>Katsura on jopa 30 metrin pituiseksi kasvava lehtipuu, joka meill\u00e4 j\u00e4\u00e4 t\u00e4t\u00e4 huomattavasti pienemm\u00e4ksi, 5-8 metrin pituiseksi pikkupuuksi. Kuori on jo nuorena uurteinen, v\u00e4rilt\u00e4\u00e4n harmaa. Lehdet ovat melkein py\u00f6reit\u00e4, nyh\u00e4laitaisia, p\u00e4\u00e4lt\u00e4 vihreit\u00e4 ja alta sinivihreit\u00e4. Ne saavat keltaisen syysv\u00e4rin. Kukat ja hedelm\u00e4t ovat vaatimattomia.<\/p>\n\n\n\n<h3 class=\"wp-block-heading\">Menestyminen sek\u00e4 viljely meill\u00e4 ja muualla<\/h3>\n\n\n\n<p>Katsuraa on viljelty meill\u00e4 harvinaisena. Se on menestynyt melko hyvin I-III-vy\u00f6hykkeill\u00e4, vaikka onkin joskus pensastava. Paremmin valitulla siemenalkuper\u00e4ll\u00e4 voitaisiin saada aikaan kenties parempi emopuusto nykyiseen verrattuna. Katsura on meill\u00e4 usein tuntematonta alkuper\u00e4\u00e4. Muualla maailmassa se on yleisesti viljelty ja arvostettu koristelaji.<\/p>\n\n\n\n<h3 class=\"wp-block-heading\">K\u00e4ytt\u00f6<\/h3>\n\n\n\n<p>Katsura on sovelias yksitt\u00e4ispuuksi tai muutaman puun ryhmiin.<\/p>\n\n\n\n<h3 class=\"wp-block-heading\">Kasvupaikkavaatimukset<\/h3>\n\n\n\n<p>Menesty\u00e4kseen kunnolla katsura vaatii kosteaa, syv\u00e4multaista maata, joka ei saa routia. Se tulee toimeen kuitenkin my\u00f6s kuivemmalla paikalla, t\u00e4ll\u00f6in siit\u00e4 ei kehity kuitenkaan kaunista puuta. Valoisuuden suhteen se ei ole yht\u00e4 vaatelias, vaan siet\u00e4\u00e4 kevytt\u00e4 varjoa.<\/p>\n\n\n\n<h3 class=\"wp-block-heading\">Lis\u00e4ys ja taimikasvatus<\/h3>\n\n\n\n<p>Katsuraa lis\u00e4t\u00e4\u00e4n siemenest\u00e4 ja kasvullisesti pistokkaista. N\u00e4iden t\u00e4ytyy kuitenkin olla nuorista, l-vuotiaista taimista otettuja. Siemen on lyhytik\u00e4ist\u00e4 eik\u00e4 kest\u00e4 pitk\u00e4\u00e4 varastointia. Se it\u00e4\u00e4 ilman mink\u00e4\u00e4nlaista k\u00e4sittely\u00e4. Siement\u00e4 ei my\u00f6sk\u00e4\u00e4n peitet\u00e4. Taimet ovat hyvin nopeakasvuisia. Ne koulitaan lehtipuille soveltuviin kasvatusastioihin tai kennoihin. N\u00e4ist\u00e4 ne voidaan edelleen siirt\u00e4\u00e4 peltoon tai suurempiin astioihin. Pellossa riitt\u00e4\u00e4 jatkokasvatukseen 2-4 vuotta. Katsura muodostaa voimakkaan juuriston, eik\u00e4 sen tulisi antaa kasvaa kovin suureksi ennen lopullista istutusta.<\/p>\n\n\n\n<h2 class=\"wp-block-heading\">Kasvin perustiedot<\/h2>\n\n\n\n<p>SukuCercidiphyllumLajiJaponicum<\/p>\n\n\n\n<h2 class=\"wp-block-heading\">Keywords<\/h2>\n\n\n\n<ul class=\"wp-block-list\">\n<li>Cercidiphyllum<\/li>\n\n\n\n<li>Cercidiphyllum japonicum<\/li>\n<\/ul>\n","protected":false},"excerpt":{"rendered":"<p>Luontainen levinneisyys Katsura on kotoisin Japanista, jossa sit\u00e4 kasvaa kaikilla saarilla. Lajikuvaus Katsura on jopa 30 metrin pituiseksi kasvava lehtipuu, joka meill\u00e4 j\u00e4\u00e4 t\u00e4t\u00e4 huomattavasti pienemm\u00e4ksi, 5-8 metrin pituiseksi pikkupuuksi. Kuori on jo nuorena uurteinen, v\u00e4rilt\u00e4\u00e4n harmaa. Lehdet ovat melkein py\u00f6reit\u00e4, nyh\u00e4laitaisia, p\u00e4\u00e4lt\u00e4 vihreit\u00e4 ja alta sinivihreit\u00e4. Ne saavat keltaisen syysv\u00e4rin. Kukat ja hedelm\u00e4t ovat [&hellip;]<\/p>\n","protected":false},"author":2,"featured_media":0,"parent":0,"menu_order":0,"comment_status":"closed","ping_status":"closed","template":"","meta":{"iawp_total_views":16,"footnotes":""},"class_list":["post-17591","page","type-page","status-publish","hentry"],"_links":{"self":[{"href":"https:\/\/mustila.fi\/sv\/wp-json\/wp\/v2\/pages\/17591","targetHints":{"allow":["GET"]}}],"collection":[{"href":"https:\/\/mustila.fi\/sv\/wp-json\/wp\/v2\/pages"}],"about":[{"href":"https:\/\/mustila.fi\/sv\/wp-json\/wp\/v2\/types\/page"}],"author":[{"embeddable":true,"href":"https:\/\/mustila.fi\/sv\/wp-json\/wp\/v2\/users\/2"}],"replies":[{"embeddable":true,"href":"https:\/\/mustila.fi\/sv\/wp-json\/wp\/v2\/comments?post=17591"}],"version-history":[{"count":0,"href":"https:\/\/mustila.fi\/sv\/wp-json\/wp\/v2\/pages\/17591\/revisions"}],"wp:attachment":[{"href":"https:\/\/mustila.fi\/sv\/wp-json\/wp\/v2\/media?parent=17591"}],"curies":[{"name":"wp","href":"https:\/\/api.w.org\/{rel}","templated":true}]}}