{"id":17593,"date":"2023-09-26T19:33:13","date_gmt":"2023-09-26T19:33:13","guid":{"rendered":"https:\/\/mustila.fi\/?page_id=17593"},"modified":"2023-09-26T19:33:22","modified_gmt":"2023-09-26T19:33:22","slug":"ukk-21-fraxinus-mandshurica-mantsuriansaarni","status":"publish","type":"page","link":"https:\/\/mustila.fi\/sv\/ukk-21-fraxinus-mandshurica-mantsuriansaarni\/","title":{"rendered":"UKK: 21. Fraxinus mandshurica &#8211; mantsuriansaarni"},"content":{"rendered":"\n<h3 class=\"wp-block-heading\">Luontainen levinneisyys<\/h3>\n\n\n\n<p>Mantsuriansaarni on nimens\u00e4 mukaisesti kotoisin Kiinasta, Ven\u00e4j\u00e4n it\u00e4isimmist\u00e4 osista ja Japanista.<\/p>\n\n\n\n<h3 class=\"wp-block-heading\">Lajikuvaus<\/h3>\n\n\n\n<p>Mantsuriansaarni on luontaisilla alueillaan keskikokoinen puu, joka kasvaa 25 metrin pituiseksi. Sen lehdet muistuttavat meik\u00e4l\u00e4isen saamien lehti\u00e4, mutta lehdyk\u00e4t ovat yleens\u00e4 suurempia. Runko on harmaa, mutta ei vanhana yht\u00e4 kauniskuvioinen kuin lehtosaarnella. Hedelm\u00e4 on melko paljon kotimaisen saarnen hedelm\u00e4n kaltainen melamainen p\u00e4hkyl\u00e4.<\/p>\n\n\n\n<h3 class=\"wp-block-heading\">Menestyminen sek\u00e4 viljely meill\u00e4 ja muualla<\/h3>\n\n\n\n<p>Mantsuriansaarni on menestynyt meill\u00e4 vain aivan maan etel\u00e4isimmiss\u00e4 osissa I-vy\u00f6hykkeell\u00e4. Sit\u00e4 on viljelty oikeastaan vain kokoelmissa hyvin harvinaisena. Oikealla siemenalkuper\u00e4ll\u00e4 voidaan viljelyrajaa todenn\u00e4k\u00f6isesti siirt\u00e4\u00e4 pohjoisemmaksi, ei ehk\u00e4 kuitenkaan III-vy\u00f6hykett\u00e4 pohjoisemmaksi.<\/p>\n\n\n\n<h3 class=\"wp-block-heading\">K\u00e4ytt\u00f6<\/h3>\n\n\n\n<p>Mantsuriansaarnen viihtyminen m\u00e4rill\u00e4 ja tulvaisilla kasvualustoilla on erikoispiirre, jota voisi hy\u00f6dynt\u00e4\u00e4. Sit\u00e4 voidaan istuttaa isoiksikin ryhmiksi em. kaltaisille alueille.<\/p>\n\n\n\n<h3 class=\"wp-block-heading\">Kasvupaikkavaatimukset<\/h3>\n\n\n\n<p>Mantsuriansaarni viihtyy runsasravinteisella ja jopa m\u00e4r\u00e4ll\u00e4 maalla sek\u00e4 tulvamailla. Valoisuuden suhteen se ei ole vaatelias vaan viihtyy auringossa tai puolivarjossa.<\/p>\n\n\n\n<h3 class=\"wp-block-heading\">Lis\u00e4ys ja taimikasvatus<\/h3>\n\n\n\n<p>Lis\u00e4ys tapahtuu siemenest\u00e4, joka yleens\u00e4 on kuivaa ja syv\u00e4ss\u00e4 lepotilassa. Se vaatii pitk\u00e4n l\u00e4mp\u00f6k\u00e4sittelyn (120 vuorokautta) sek\u00e4 pitk\u00e4n kylm\u00e4k\u00e4sittelyn (90-120 vrk) ennen it\u00e4mist\u00e4. T\u00e4m\u00e4 on helpointa tehd\u00e4 kylv\u00e4m\u00e4ll\u00e4 siemen kev\u00e4\u00e4ll\u00e4 ulos ja peitt\u00e4m\u00e4ll\u00e4 se. Kylv\u00f6s sijoitetaan suojaan paahteelta ja katetaan niin, ettei se kuivu. Kylv\u00f6s j\u00e4tet\u00e4\u00e4n ulos talven yli ja se yleens\u00e4 it\u00e4\u00e4 seuraavana kev\u00e4\u00e4n\u00e4. Taimet voidaan koulia koivujen kasvatuskennoihin tai potteihin, jossa niit\u00e4 voidaan kasvattaa 2 vuotta. T\u00e4m\u00e4n j\u00e4lkeen hidaskasvuinen mantsuriansaami siirret\u00e4\u00e4n peltoon, jossa sit\u00e4 pit\u00e4\u00e4 kasvattaa 4-8 vuoden ajan riippuen halutusta koosta. Taimiin tulee runsaasti silmuvaurioita johtuen hallanarkuudesta. Muuten ne ovat helppoja kasvattaa.<br>&nbsp;<\/p>\n\n\n\n<h2 class=\"wp-block-heading\">Kasvin perustiedot<\/h2>\n\n\n\n<p>SukuFraxinusLajiMandshurica<\/p>\n\n\n\n<h2 class=\"wp-block-heading\">Keywords<\/h2>\n\n\n\n<ul class=\"wp-block-list\">\n<li>Fraxinus<\/li>\n\n\n\n<li>Fraxinus mandshurica<\/li>\n<\/ul>\n","protected":false},"excerpt":{"rendered":"<p>Luontainen levinneisyys Mantsuriansaarni on nimens\u00e4 mukaisesti kotoisin Kiinasta, Ven\u00e4j\u00e4n it\u00e4isimmist\u00e4 osista ja Japanista. Lajikuvaus Mantsuriansaarni on luontaisilla alueillaan keskikokoinen puu, joka kasvaa 25 metrin pituiseksi. Sen lehdet muistuttavat meik\u00e4l\u00e4isen saamien lehti\u00e4, mutta lehdyk\u00e4t ovat yleens\u00e4 suurempia. Runko on harmaa, mutta ei vanhana yht\u00e4 kauniskuvioinen kuin lehtosaarnella. Hedelm\u00e4 on melko paljon kotimaisen saarnen hedelm\u00e4n kaltainen melamainen [&hellip;]<\/p>\n","protected":false},"author":2,"featured_media":0,"parent":0,"menu_order":0,"comment_status":"closed","ping_status":"closed","template":"","meta":{"iawp_total_views":16,"footnotes":""},"class_list":["post-17593","page","type-page","status-publish","hentry"],"_links":{"self":[{"href":"https:\/\/mustila.fi\/sv\/wp-json\/wp\/v2\/pages\/17593","targetHints":{"allow":["GET"]}}],"collection":[{"href":"https:\/\/mustila.fi\/sv\/wp-json\/wp\/v2\/pages"}],"about":[{"href":"https:\/\/mustila.fi\/sv\/wp-json\/wp\/v2\/types\/page"}],"author":[{"embeddable":true,"href":"https:\/\/mustila.fi\/sv\/wp-json\/wp\/v2\/users\/2"}],"replies":[{"embeddable":true,"href":"https:\/\/mustila.fi\/sv\/wp-json\/wp\/v2\/comments?post=17593"}],"version-history":[{"count":0,"href":"https:\/\/mustila.fi\/sv\/wp-json\/wp\/v2\/pages\/17593\/revisions"}],"wp:attachment":[{"href":"https:\/\/mustila.fi\/sv\/wp-json\/wp\/v2\/media?parent=17593"}],"curies":[{"name":"wp","href":"https:\/\/api.w.org\/{rel}","templated":true}]}}