{"id":17598,"date":"2023-09-26T19:33:25","date_gmt":"2023-09-26T19:33:25","guid":{"rendered":"https:\/\/mustila.fi\/?page_id=17598"},"modified":"2023-09-26T19:33:34","modified_gmt":"2023-09-26T19:33:34","slug":"ukk-23-magnolia-kobus-japaninmagnolia","status":"publish","type":"page","link":"https:\/\/mustila.fi\/sv\/ukk-23-magnolia-kobus-japaninmagnolia\/","title":{"rendered":"UKK: 23. Magnolia kobus &#8211; japaninmagnolia"},"content":{"rendered":"\n<h3 class=\"wp-block-heading\">Luontainen levinneisyys<\/h3>\n\n\n\n<p>Japaninmagnoliaa esiintyy koko Japanin alueella. Pohjoisessa se ei aivan ulotu Hokkaidon pohjoisrannalle. Se kasvaa luontaisesti kosteissa suonlaidoissa ja mets\u00e4nreunoissa.<\/p>\n\n\n\n<h3 class=\"wp-block-heading\">Lajikuvaus<\/h3>\n\n\n\n<p>Japaninmagnolia on kotiseudullaan 10-12 metrin pituiseksi kasvava puu tai puumainen pensas. Se kukkii ennen lehtien puhkeamista kermanvalkoisin, jopa kymmensenttisin miedosti tuoksuvin kukin. Lehdet ovat vihre\u00e4t, ehytlaitaiset, noin 10 cm pituiset ja ne saavat pronssinvivahteisen syysv\u00e4rin. Hedelm\u00e4 on erikoinen, k\u00e4pym\u00e4inen tuppilohedelm\u00e4.<\/p>\n\n\n\n<h3 class=\"wp-block-heading\">Menestyminen sek\u00e4 viljely meill\u00e4 ja muualla<\/h3>\n\n\n\n<p>Japaninmagnolia on menestynyt Suomessa vuosikymmeni\u00e4. Sit\u00e4 viljell\u00e4\u00e4n meill\u00e4 hyvin harvinaisena. Oikeilla kasvupaikoilla se saattaa olla kest\u00e4v\u00e4 II-vy\u00f6hykkeell\u00e4, mutta tuskin t\u00e4t\u00e4 pohjoisempana. Maailmalla japaninmagnolia on kohtalaisen k\u00e4ytetty laji silloin, kun magnolialta vaaditaan erityist\u00e4 pakkasenkestoa.<\/p>\n\n\n\n<h3 class=\"wp-block-heading\">K\u00e4ytt\u00f6<\/h3>\n\n\n\n<p>Japaninmagnolia soveltuu yksitt\u00e4iskasviksi sek\u00e4 esimerkiksi perennojen yhteyteen.<\/p>\n\n\n\n<h3 class=\"wp-block-heading\">Kasvupaikkavaatimukset<\/h3>\n\n\n\n<p>Japaninmagnolia vaatii suojaisan kasvupaikan, jonka tulee olla l\u00e4mmin ja aurinkoinen. Maan tulee olla kostea ja ravinteikas.<\/p>\n\n\n\n<h3 class=\"wp-block-heading\">Lis\u00e4ys ja taimikasvatus<\/h3>\n\n\n\n<p>Magnolioita voidaan lis\u00e4t\u00e4 siemenest\u00e4, pistokkaista sek\u00e4 varttamalla. Siemen tarvitsee 120-150 p\u00e4iv\u00e4n kylm\u00e4k\u00e4sittelyn ennen it\u00e4mist\u00e4. Siemen kylvet\u00e4\u00e4n syksyll\u00e4 ulos ja suojataan jyrsij\u00f6ilt\u00e4. Kylv\u00f6ksen p\u00e4\u00e4lle seulotaan hiekkaa niin ett\u00e4 siemen peittyy. Siemenen on syyt\u00e4 olla tuoretta, sill\u00e4 magnolialajien siemen menett\u00e4\u00e4 it\u00e4vyytens\u00e4 hyvin nopeasti. Taimet koulitaan lehtipuille soveltuviin kasvatuskennoihin. N\u00e4iss\u00e4 niit\u00e4 voi kasvattaa kaksi vuotta. T\u00e4m\u00e4n j\u00e4lkeen ne koulitaan ruukkuihin, joissa ne kasvavat melko nopeasti. Yleens\u00e4 kahden vuoden kasvatus riitt\u00e4\u00e4.<\/p>\n\n\n\n<h2 class=\"wp-block-heading\">Kasvin perustiedot<\/h2>\n\n\n\n<p>SukuMagnoliaLajiKobus<\/p>\n\n\n\n<h2 class=\"wp-block-heading\">Keywords<\/h2>\n\n\n\n<ul class=\"wp-block-list\">\n<li>Magnolia<\/li>\n\n\n\n<li>Magnolia kobus<\/li>\n<\/ul>\n","protected":false},"excerpt":{"rendered":"<p>Luontainen levinneisyys Japaninmagnoliaa esiintyy koko Japanin alueella. Pohjoisessa se ei aivan ulotu Hokkaidon pohjoisrannalle. Se kasvaa luontaisesti kosteissa suonlaidoissa ja mets\u00e4nreunoissa. Lajikuvaus Japaninmagnolia on kotiseudullaan 10-12 metrin pituiseksi kasvava puu tai puumainen pensas. Se kukkii ennen lehtien puhkeamista kermanvalkoisin, jopa kymmensenttisin miedosti tuoksuvin kukin. Lehdet ovat vihre\u00e4t, ehytlaitaiset, noin 10 cm pituiset ja ne saavat [&hellip;]<\/p>\n","protected":false},"author":2,"featured_media":0,"parent":0,"menu_order":0,"comment_status":"closed","ping_status":"closed","template":"","meta":{"iawp_total_views":64,"footnotes":""},"class_list":["post-17598","page","type-page","status-publish","hentry"],"_links":{"self":[{"href":"https:\/\/mustila.fi\/sv\/wp-json\/wp\/v2\/pages\/17598","targetHints":{"allow":["GET"]}}],"collection":[{"href":"https:\/\/mustila.fi\/sv\/wp-json\/wp\/v2\/pages"}],"about":[{"href":"https:\/\/mustila.fi\/sv\/wp-json\/wp\/v2\/types\/page"}],"author":[{"embeddable":true,"href":"https:\/\/mustila.fi\/sv\/wp-json\/wp\/v2\/users\/2"}],"replies":[{"embeddable":true,"href":"https:\/\/mustila.fi\/sv\/wp-json\/wp\/v2\/comments?post=17598"}],"version-history":[{"count":0,"href":"https:\/\/mustila.fi\/sv\/wp-json\/wp\/v2\/pages\/17598\/revisions"}],"wp:attachment":[{"href":"https:\/\/mustila.fi\/sv\/wp-json\/wp\/v2\/media?parent=17598"}],"curies":[{"name":"wp","href":"https:\/\/api.w.org\/{rel}","templated":true}]}}