{"id":17604,"date":"2023-09-26T19:34:22","date_gmt":"2023-09-26T19:34:22","guid":{"rendered":"https:\/\/mustila.fi\/?page_id=17604"},"modified":"2023-09-26T19:34:23","modified_gmt":"2023-09-26T19:34:23","slug":"ukk-29-prunus-sargentii-rusokirsikka","status":"publish","type":"page","link":"https:\/\/mustila.fi\/sv\/ukk-29-prunus-sargentii-rusokirsikka\/","title":{"rendered":"UKK: 29. Prunus sargentii &#8211; rusokirsikka"},"content":{"rendered":"\n<h3 class=\"wp-block-heading\">Luontainen levinneisyys<\/h3>\n\n\n\n<p>Rusokirsikkaa esiintyy Korean niemimaalla sek\u00e4 Japanissa ja Sahalinin etel\u00e4osissa. Sit\u00e4 kasvaa l\u00e4hinn\u00e4 runsasravinteisissa lehtimetsiss\u00e4.<\/p>\n\n\n\n<h3 class=\"wp-block-heading\">Lajikuvaus<\/h3>\n\n\n\n<p>Rusokirsikka on kotiseudullaan jopa 15 metri\u00e4 pitk\u00e4 puu, joskin pohjoiset kannat ovat t\u00e4t\u00e4 pienempi\u00e4. N\u00e4ihin luetaan t\u00e4ss\u00e4 rusokirsikan pohjoinen rotu (<em>P. sargentii&nbsp;&nbsp;<\/em>var.&nbsp;<em>sachalinensis, P. sachalinensis<\/em>.) Viljelyss\u00e4 puut ovat j\u00e4\u00e4neet 5-8 metrin pituisiksi ja yht\u00e4 leveiksi puiksi. Rungon kuori on kaunis, kiilt\u00e4v\u00e4n punaruskea, jossa on vanhemmiten poikittaisia korkkihuokosia. Lehdet ovat soikeita, 7-10 cm pituisia, tummanvihreit\u00e4 ja ter\u00e4v\u00e4sti sahalaitaisia. Lehdet saavat punaisen tai oranssin-pronssinhohtoisen syysv\u00e4rin. Rusokirsikka kukkii hyvin runsaasti vaaleanpunaisin kukin ennen lehtien puhkeamista. Hedelm\u00e4 on pieni musta marja, jota ei yleens\u00e4 meill\u00e4 kehity.<\/p>\n\n\n\n<h3 class=\"wp-block-heading\">Menestyminen sek\u00e4 viljely meill\u00e4 ja muualla<\/h3>\n\n\n\n<p>Rusokirsikkaa on kasvatettu meill\u00e4 harvinaisenajo pitk\u00e4\u00e4n. Se on menestynyt I-III-vy\u00f6hykkeill\u00e4 kohtalaisesti. Viljelyss\u00e4 olevat kasvit ovat vartettuja imel\u00e4kirsikkaan. Varteoksat ovat alunperin per\u00e4isin tuntemattomista taimistoalkuperist\u00e4. Jalojuurinen, pohjoista alkuper\u00e4\u00e4 oleva kanta saattaa menesty\u00e4 nykyisi\u00e4 paremmin. Vaikka laji jostain syyst\u00e4 ei olekaan meill\u00e4 kovin yleisesti viljelty, on se muualla eritt\u00e4in yleinen, sill\u00e4 se on ilmastollisesti kaikkein kest\u00e4vin japanilainen kirsikkalaji.<\/p>\n\n\n\n<h3 class=\"wp-block-heading\">K\u00e4ytt\u00f6<\/h3>\n\n\n\n<p>Rusokirsikka on mit\u00e4 parhain yksitt\u00e4ispuu tai vaikkapa osana perennaryhm\u00e4ss\u00e4.<\/p>\n\n\n\n<h3 class=\"wp-block-heading\">Kasvupaikkavaatimukset<\/h3>\n\n\n\n<p>Rusokirsikka on vaatelias kasvupaikan suhteen. Se viihtyy l\u00e4mpim\u00e4ss\u00e4, multavassa, kosteassa maassa. Jotta kukinta muodostuisi runsaaksi, tulee kasvupaikan olla valoisa.<\/p>\n\n\n\n<h3 class=\"wp-block-heading\">Lis\u00e4ys ja taimikasvatus<\/h3>\n\n\n\n<p>Rusokirsikkaa lis\u00e4t\u00e4\u00e4n siemenest\u00e4 sek\u00e4 varttamalla. Siemen tarvitsee 90-120 vrk kylm\u00e4k\u00e4sittelyn it\u00e4\u00e4kseen. Siemen hy\u00f6tyy viel\u00e4 t\u00e4m\u00e4n lis\u00e4ksi lyhyest\u00e4 30 vrk l\u00e4mminjaksosta, vaikka kaikki siemener\u00e4t eiv\u00e4t sit\u00e4 tarvitsekaan. K\u00e4yt\u00e4nn\u00f6ss\u00e4 siemen kylvet\u00e4\u00e4n loppukes\u00e4ll\u00e4 ulos ja j\u00e4tet\u00e4\u00e4n sinne talvehtimaan. Jyrsij\u00e4suojauksesta on huolehdittava. Taimet koulitaan lehtipuiden taimille soveltuviin kennoihin ja kasvatetaan niiss\u00e4 kaksi vuotta. T\u00e4m\u00e4n j\u00e4lkeen taimet siirret\u00e4\u00e4n peltoon tai astioihin. Jatkokasvatus ei vie pitk\u00e4\u00e4n, sill\u00e4 rusokirsikka on varsin nopeakasvuinen ja sen kasvattaminen on helppoa ja ongelmatonta.<br>&nbsp;<\/p>\n\n\n\n<h2 class=\"wp-block-heading\">Kasvin perustiedot<\/h2>\n\n\n\n<p>SukuPrunusLajiSargentii<\/p>\n\n\n\n<h2 class=\"wp-block-heading\">Keywords<\/h2>\n\n\n\n<ul class=\"wp-block-list\">\n<li>Lehtipuut ja -pensaat<\/li>\n\n\n\n<li>Prunus<\/li>\n\n\n\n<li>Prunus sargentii<\/li>\n<\/ul>\n","protected":false},"excerpt":{"rendered":"<p>Luontainen levinneisyys Rusokirsikkaa esiintyy Korean niemimaalla sek\u00e4 Japanissa ja Sahalinin etel\u00e4osissa. Sit\u00e4 kasvaa l\u00e4hinn\u00e4 runsasravinteisissa lehtimetsiss\u00e4. Lajikuvaus Rusokirsikka on kotiseudullaan jopa 15 metri\u00e4 pitk\u00e4 puu, joskin pohjoiset kannat ovat t\u00e4t\u00e4 pienempi\u00e4. N\u00e4ihin luetaan t\u00e4ss\u00e4 rusokirsikan pohjoinen rotu (P. sargentii&nbsp;&nbsp;var.&nbsp;sachalinensis, P. sachalinensis.) Viljelyss\u00e4 puut ovat j\u00e4\u00e4neet 5-8 metrin pituisiksi ja yht\u00e4 leveiksi puiksi. Rungon kuori on [&hellip;]<\/p>\n","protected":false},"author":2,"featured_media":0,"parent":0,"menu_order":0,"comment_status":"closed","ping_status":"closed","template":"","meta":{"iawp_total_views":67,"footnotes":""},"class_list":["post-17604","page","type-page","status-publish","hentry"],"_links":{"self":[{"href":"https:\/\/mustila.fi\/sv\/wp-json\/wp\/v2\/pages\/17604","targetHints":{"allow":["GET"]}}],"collection":[{"href":"https:\/\/mustila.fi\/sv\/wp-json\/wp\/v2\/pages"}],"about":[{"href":"https:\/\/mustila.fi\/sv\/wp-json\/wp\/v2\/types\/page"}],"author":[{"embeddable":true,"href":"https:\/\/mustila.fi\/sv\/wp-json\/wp\/v2\/users\/2"}],"replies":[{"embeddable":true,"href":"https:\/\/mustila.fi\/sv\/wp-json\/wp\/v2\/comments?post=17604"}],"version-history":[{"count":0,"href":"https:\/\/mustila.fi\/sv\/wp-json\/wp\/v2\/pages\/17604\/revisions"}],"wp:attachment":[{"href":"https:\/\/mustila.fi\/sv\/wp-json\/wp\/v2\/media?parent=17604"}],"curies":[{"name":"wp","href":"https:\/\/api.w.org\/{rel}","templated":true}]}}