{"id":17624,"date":"2023-09-26T19:38:00","date_gmt":"2023-09-26T19:38:00","guid":{"rendered":"https:\/\/mustila.fi\/?page_id=17624"},"modified":"2023-09-26T19:38:01","modified_gmt":"2023-09-26T19:38:01","slug":"ulsike-1993-39-pinus-flexilis-kalliovuortensembra","status":"publish","type":"page","link":"https:\/\/mustila.fi\/sv\/ulsike-1993-39-pinus-flexilis-kalliovuortensembra\/","title":{"rendered":"Ulsike 1993: 39. Pinus flexilis &#8211; kalliovuortensembra"},"content":{"rendered":"\n<p><em><small>Ulkomaisten kasvilajien menestymistutkimuksessa eli Ulsike-projektissa laadittiin vuosien 1992-1997 koelajeista kuvaukset. T\u00e4m\u00e4n sivun tiedot koskevat siten tietty\u00e4 koesiemener\u00e4\u00e4 ja ovat saattaneet p\u00e4ivitty\u00e4 mm. Ulsike-projektista saatujen kokemusten perusteella.<\/small><\/em><\/p>\n\n\n\n<p>koe-er\u00e4n tunnus: K09-93-028<\/p>\n\n\n\n<p>alkuper\u00e4: Arapaho, Colorado, USA, 3 200 m.m.p.y.<br><br>Kasvaa l\u00e4hinn\u00e4 Kalliovuorten it\u00e4osissa Meksikosta aina Albertan l\u00e4nsirajalle saakka. Kasvualueen korkeus vaihtelee 1 500 metrist\u00e4 4 000 metriin. Puu on hyvin sopeutuvainen kasvupaikan ja maapohjan suhteen.<br><br><em>Pinus flexilis<\/em>&nbsp;kuuluu 5-neulasm\u00e4ntyihin. Sen neulaset ovat tavallisesti 4 &#8211; 8 cm pitki\u00e4. Puu on kotimaassaan hidaskasvuinen ia pitk\u00e4ik\u00e4inen saavuttaen tavallisesti n. 15 m pituuden. Suomessa kokeillut nuoret yksil\u00f6t ovat kasvaneet hyvin voimakkaasti muistuttaen ulkona\u00f6lt\u00e4\u00e4n l\u00e4hinn\u00e4 meille tuttua makedonianm\u00e4nty\u00e4 (<em>Pinus peuce<\/em>). Kalliovuortensembran k\u00e4vyt voivat kasvaa l\u00e4hes 20 cm pitkiksi. K\u00e4vvn voi tunnistaa keskelt\u00e4 paksuuntuneista k\u00e4pysuomuista. K\u00e4vyt eiv\u00e4t kypsin\u00e4k\u00e4\u00e4n roiku useimpien m\u00e4ntyjen tavoin alasp\u00e4in, vaan ne ovat oksissa kiinni sivuille sojottaen. Nuorilla puilla on ep\u00e4tavallisen pehme\u00e4 kuori ja hyvin taipuisat oksat.<br><br>Kalliovuortensembran siemen vaatii it\u00e4\u00e4kseen 2 &#8211; 3 kk kylm\u00e4k\u00e4sittelyn. My\u00f6s t\u00e4m\u00e4 siemen suositellaan kylvett\u00e4v\u00e4ksi syksyll\u00e4, jolloin se it\u00e4nee kylv\u00f6\u00e4 seuraavana kev\u00e4\u00e4n\u00e4.<\/p>\n\n\n\n<h2 class=\"wp-block-heading\">Kasvin perustiedot<\/h2>\n\n\n\n<p>SukuPinusLajiFlexilis<\/p>\n\n\n\n<h2 class=\"wp-block-heading\">Keywords<\/h2>\n\n\n\n<ul class=\"wp-block-list\">\n<li>Ulsike<\/li>\n\n\n\n<li>1993<\/li>\n\n\n\n<li>Pinus<\/li>\n\n\n\n<li><a href=\"https:\/\/mustila.fi\/ulsike\/1993\/39_pinus_flexilis\/\">Pinus <\/a>f<a href=\"https:\/\/mustila.fi\/ulsike\/1993\/39_pinus_flexilis\/\">lexilis<\/a><\/li>\n<\/ul>\n","protected":false},"excerpt":{"rendered":"<p>Ulkomaisten kasvilajien menestymistutkimuksessa eli Ulsike-projektissa laadittiin vuosien 1992-1997 koelajeista kuvaukset. T\u00e4m\u00e4n sivun tiedot koskevat siten tietty\u00e4 koesiemener\u00e4\u00e4 ja ovat saattaneet p\u00e4ivitty\u00e4 mm. Ulsike-projektista saatujen kokemusten perusteella. koe-er\u00e4n tunnus: K09-93-028 alkuper\u00e4: Arapaho, Colorado, USA, 3 200 m.m.p.y. Kasvaa l\u00e4hinn\u00e4 Kalliovuorten it\u00e4osissa Meksikosta aina Albertan l\u00e4nsirajalle saakka. Kasvualueen korkeus vaihtelee 1 500 metrist\u00e4 4 000 metriin. Puu [&hellip;]<\/p>\n","protected":false},"author":1,"featured_media":0,"parent":0,"menu_order":0,"comment_status":"closed","ping_status":"closed","template":"","meta":{"iawp_total_views":7,"footnotes":""},"class_list":["post-17624","page","type-page","status-publish","hentry"],"_links":{"self":[{"href":"https:\/\/mustila.fi\/sv\/wp-json\/wp\/v2\/pages\/17624","targetHints":{"allow":["GET"]}}],"collection":[{"href":"https:\/\/mustila.fi\/sv\/wp-json\/wp\/v2\/pages"}],"about":[{"href":"https:\/\/mustila.fi\/sv\/wp-json\/wp\/v2\/types\/page"}],"author":[{"embeddable":true,"href":"https:\/\/mustila.fi\/sv\/wp-json\/wp\/v2\/users\/1"}],"replies":[{"embeddable":true,"href":"https:\/\/mustila.fi\/sv\/wp-json\/wp\/v2\/comments?post=17624"}],"version-history":[{"count":0,"href":"https:\/\/mustila.fi\/sv\/wp-json\/wp\/v2\/pages\/17624\/revisions"}],"wp:attachment":[{"href":"https:\/\/mustila.fi\/sv\/wp-json\/wp\/v2\/media?parent=17624"}],"curies":[{"name":"wp","href":"https:\/\/api.w.org\/{rel}","templated":true}]}}