{"id":17646,"date":"2023-09-26T19:44:52","date_gmt":"2023-09-26T19:44:52","guid":{"rendered":"https:\/\/mustila.fi\/?page_id=17646"},"modified":"2023-09-26T19:44:53","modified_gmt":"2023-09-26T19:44:53","slug":"ulsike-1993-43-prunus-mandshurica-mantsurianaprikoosi","status":"publish","type":"page","link":"https:\/\/mustila.fi\/sv\/ulsike-1993-43-prunus-mandshurica-mantsurianaprikoosi\/","title":{"rendered":"Ulsike 1993: 43. Prunus mandshurica &#8211; mantsurianaprikoosi"},"content":{"rendered":"\n<p><em><small>Ulkomaisten kasvilajien menestymistutkimuksessa eli Ulsike-projektissa laadittiin vuosien 1992-1997 koelajeista kuvaukset. T\u00e4m\u00e4n sivun tiedot koskevat siten tietty\u00e4 koesiemener\u00e4\u00e4 ja ovat saattaneet p\u00e4ivitty\u00e4 mm. Ulsike-projektista saatujen kokemusten perusteella.<\/small><\/em><\/p>\n\n\n\n<p>koe-er\u00e4n tunnus: K09-93-007<\/p>\n\n\n\n<p>alkuper\u00e4: Habarovsk, Ven\u00e4j\u00e4<br><br>Mantsurianaprikoosi on kotoisin Kiinan koillisosasta, ns. Mantsuriasta sek\u00e4 Pohjois-Koreasta.<br><br>Laji on pieni 3 &#8211; 5 m korkea puu tai pensas. Se kukkii runsaasti vaaleanpunaisin, kirsikkamaisin kukin ja sen hedelm\u00e4 on pieni keltainen, n. 3 cm kokoinen sy\u00f6t\u00e4v\u00e4 aprikoosi.<br><br>Vaikka laajan&nbsp;<em>Prunus<\/em>&nbsp;-suvun eksoottisimpia edustajia, aprikooseja, manteleita ja persikoita pidet\u00e4\u00e4nkin meille liian arkoina saattavat er\u00e4\u00e4t lajit menesty\u00e4 my\u00f6s Suomessa. Laajamittaista kokeilua n\u00e4ill\u00e4 lajeilla ei liene aiemmin tehty. Mantsurianaprikoosi on er\u00e4s kest\u00e4vimpi\u00e4 t\u00e4m\u00e4n ryhm\u00e4n puita ja on perusteltuja toiveita sen menestymisest\u00e4 Etel\u00e4-Suomessa.<br><br>Mantsurianaprikoosin siemen ei id\u00e4 ilman esik\u00e4sittely\u00e4, joten siemen kannattaa kylv\u00e4\u00e4 syksyll\u00e4. Kylv\u00f6s peitet\u00e4\u00e4n hiekalla niin, ett\u00e4 siemen peittyy. Kylv\u00f6ksen oletetaan it\u00e4v\u00e4n kyiv\u00f6\u00e4 seuraavana kev\u00e4\u00e4n\u00e4 saatuaan tarvittavan kylm\u00e4k\u00e4sittelyn.<\/p>\n\n\n\n<h2 class=\"wp-block-heading\">Kasvin perustiedot<\/h2>\n\n\n\n<p>SukuPrunusLajiMandshurica<\/p>\n\n\n\n<h2 class=\"wp-block-heading\">Keywords<\/h2>\n\n\n\n<ul class=\"wp-block-list\">\n<li>Ulsike<\/li>\n\n\n\n<li>1993<\/li>\n\n\n\n<li>Prunus<\/li>\n\n\n\n<li>Prunus mandshurica<\/li>\n<\/ul>\n","protected":false},"excerpt":{"rendered":"<p>Ulkomaisten kasvilajien menestymistutkimuksessa eli Ulsike-projektissa laadittiin vuosien 1992-1997 koelajeista kuvaukset. T\u00e4m\u00e4n sivun tiedot koskevat siten tietty\u00e4 koesiemener\u00e4\u00e4 ja ovat saattaneet p\u00e4ivitty\u00e4 mm. Ulsike-projektista saatujen kokemusten perusteella. koe-er\u00e4n tunnus: K09-93-007 alkuper\u00e4: Habarovsk, Ven\u00e4j\u00e4 Mantsurianaprikoosi on kotoisin Kiinan koillisosasta, ns. Mantsuriasta sek\u00e4 Pohjois-Koreasta. Laji on pieni 3 &#8211; 5 m korkea puu tai pensas. Se kukkii runsaasti [&hellip;]<\/p>\n","protected":false},"author":1,"featured_media":0,"parent":0,"menu_order":0,"comment_status":"closed","ping_status":"closed","template":"","meta":{"iawp_total_views":30,"footnotes":""},"class_list":["post-17646","page","type-page","status-publish","hentry"],"_links":{"self":[{"href":"https:\/\/mustila.fi\/sv\/wp-json\/wp\/v2\/pages\/17646","targetHints":{"allow":["GET"]}}],"collection":[{"href":"https:\/\/mustila.fi\/sv\/wp-json\/wp\/v2\/pages"}],"about":[{"href":"https:\/\/mustila.fi\/sv\/wp-json\/wp\/v2\/types\/page"}],"author":[{"embeddable":true,"href":"https:\/\/mustila.fi\/sv\/wp-json\/wp\/v2\/users\/1"}],"replies":[{"embeddable":true,"href":"https:\/\/mustila.fi\/sv\/wp-json\/wp\/v2\/comments?post=17646"}],"version-history":[{"count":0,"href":"https:\/\/mustila.fi\/sv\/wp-json\/wp\/v2\/pages\/17646\/revisions"}],"wp:attachment":[{"href":"https:\/\/mustila.fi\/sv\/wp-json\/wp\/v2\/media?parent=17646"}],"curies":[{"name":"wp","href":"https:\/\/api.w.org\/{rel}","templated":true}]}}