{"id":17660,"date":"2023-09-26T19:50:10","date_gmt":"2023-09-26T19:50:10","guid":{"rendered":"https:\/\/mustila.fi\/?page_id=17660"},"modified":"2023-09-26T19:50:12","modified_gmt":"2023-09-26T19:50:12","slug":"ulsike-1994-47-gleditsia-triacanthos-kolmioka","status":"publish","type":"page","link":"https:\/\/mustila.fi\/sv\/ulsike-1994-47-gleditsia-triacanthos-kolmioka\/","title":{"rendered":"Ulsike 1994: 47. Gleditsia triacanthos &#8211; kolmioka"},"content":{"rendered":"\n<p><em><small>Ulkomaisten kasvilajien menestymistutkimuksessa eli Ulsike-projektissa laadittiin vuosien 1992-1997 koelajeista kuvaukset. T\u00e4m\u00e4n sivun tiedot koskevat siten tietty\u00e4 koesiemener\u00e4\u00e4 ja ovat saattaneet p\u00e4ivitty\u00e4 mm. Ulsike-projektista saatujen kokemusten perusteella.<\/small><\/em><\/p>\n\n\n\n<p>koe-er\u00e4n tunnus: K09-93-279<\/p>\n\n\n\n<p>alkuper\u00e4: tuntematon, lis\u00e4ysl\u00e4hde Chanhassen, Minnesota, USA 44 50&#8217;N x 93 30&#8217;W<br><br>Kolmioka on kotoisin Pohjois-Amerikan keski- ja it\u00e4osista. Sen luontainen levinneisyysalue on verraten etel\u00e4inen ulottuen pohjoisessa Michiganin ja Wisconsinin etel\u00e4osiin. Se on kuitenkin kest\u00e4v\u00e4 viljeltyn\u00e4 huomattavasti pohjoisempana ja sit\u00e4 k\u00e4ytet\u00e4\u00e4n runsaasti maisemointiin.<br><br>Nimens\u00e4 kolmioka on saanut ter\u00e4vist\u00e4, neulamaisista piikeist\u00e4, joita puun oksattomalla rungolla esiintyy yksitt\u00e4in tai tihein\u00e4 rypp\u00e4in\u00e4. Puu saavuttaa luontaisesti jopa 30 m pituuden, mutta j\u00e4\u00e4 pohjoisempana pieneksi, 10 m mittaiseksi puuksi. Kolmioka on yleens\u00e4 yksirunkoinen, ilmavalatvuksinen puu. Sen lehdet ovat n. 15 cm mittaiset. Puu saa yleens\u00e4 keltaisen syysv\u00e4rin melko aikaisin syksyll\u00e4.<br><br>Se kukkii vaatimattomin mutta voimakastuoksuisin vihrein kukin, joiden sanotaan olevan mehil\u00e4isten suosiossa. Hedelm\u00e4 on punaruskea, jopa 30 cm mittainen palko. Lajista tunnetaan piikit\u00f6n muunnos (var.&nbsp;<em>inermis<\/em>). T\u00e4st\u00e4 muunnoksesta on jalostettu viljelyyn useita lajikkeita. T\u00e4m\u00e4 siemener\u00e4 on per\u00e4isin t\u00e4llaisesta&nbsp;&#8217;Fairview&#8217; &#8211; nimisest\u00e4 lajikkeesta, jonka sanotaan olevan voimakaskasvuinen ja hyv\u00e4n syysv\u00e4rin omaava.<br><br>Kolmioka on eritt\u00e4in kest\u00e4v\u00e4 saasteita, suoloja ja kuivuutta vastaan. Niinp\u00e4 sit\u00e4 viljell\u00e4\u00e4n runsaasti mm. katupuuna Yhdysvalloissa. Puu ei sied\u00e4 varjoa ja viihtyy parhaiten kosteilla, syv\u00e4multaisilla, kalkkirikkailla mailla. Se saattaa menesty\u00e4 maamme etel\u00e4isiss\u00e4 osissa, t\u00e4h\u00e4n viittaisi my\u00f6s puun luontainen kasvurytmi: kolmioka on yksi ensimm\u00e4isist\u00e4 syysv\u00e4riin pukeutuvista lajeista kotiseudullaan.<br><br>Kolmiokan siemen ei id\u00e4 ennenkuin sen vett\u00e4l\u00e4p\u00e4isem\u00e4t\u00f6n kuori on muuttunut vett\u00e4l\u00e4p\u00e4isev\u00e4ksi. T\u00e4m\u00e4 tapahtuu liottamalla siement\u00e4 kuumassa, noin +80 C vedess\u00e4. Veden annetaan j\u00e4\u00e4hty\u00e4 huoneenl\u00e4mp\u00f6\u00f6n ja liotusta jatketaan kunnes siemen on turvonnut ja pehmennyt. T\u00e4m\u00e4n j\u00e4lkeen siemen kylvet\u00e4\u00e4n v\u00e4litt\u00f6m\u00e4sti ja se it\u00e4nee n. 10 p\u00e4iv\u00e4ss\u00e4. T\u00e4m\u00e4 siemener\u00e4 on ker\u00e4tty viljellyist\u00e4 kasveista luontaisen levinneisyysalueen ulkopuolelta.<\/p>\n\n\n\n<h2 class=\"wp-block-heading\">Kasvin perustiedot<\/h2>\n\n\n\n<p>SukuGleditsiaLajiTriacanthos<\/p>\n\n\n\n<h2 class=\"wp-block-heading\">Keywords<\/h2>\n\n\n\n<ul class=\"wp-block-list\">\n<li>Ulsike<\/li>\n\n\n\n<li>1994<\/li>\n\n\n\n<li>Gleditsia<\/li>\n\n\n\n<li>Gleditsia triacanthos<\/li>\n<\/ul>\n","protected":false},"excerpt":{"rendered":"<p>Ulkomaisten kasvilajien menestymistutkimuksessa eli Ulsike-projektissa laadittiin vuosien 1992-1997 koelajeista kuvaukset. T\u00e4m\u00e4n sivun tiedot koskevat siten tietty\u00e4 koesiemener\u00e4\u00e4 ja ovat saattaneet p\u00e4ivitty\u00e4 mm. Ulsike-projektista saatujen kokemusten perusteella. koe-er\u00e4n tunnus: K09-93-279 alkuper\u00e4: tuntematon, lis\u00e4ysl\u00e4hde Chanhassen, Minnesota, USA 44 50&#8217;N x 93 30&#8217;W Kolmioka on kotoisin Pohjois-Amerikan keski- ja it\u00e4osista. Sen luontainen levinneisyysalue on verraten etel\u00e4inen ulottuen pohjoisessa [&hellip;]<\/p>\n","protected":false},"author":1,"featured_media":0,"parent":0,"menu_order":0,"comment_status":"closed","ping_status":"closed","template":"","meta":{"iawp_total_views":86,"footnotes":""},"class_list":["post-17660","page","type-page","status-publish","hentry"],"_links":{"self":[{"href":"https:\/\/mustila.fi\/sv\/wp-json\/wp\/v2\/pages\/17660","targetHints":{"allow":["GET"]}}],"collection":[{"href":"https:\/\/mustila.fi\/sv\/wp-json\/wp\/v2\/pages"}],"about":[{"href":"https:\/\/mustila.fi\/sv\/wp-json\/wp\/v2\/types\/page"}],"author":[{"embeddable":true,"href":"https:\/\/mustila.fi\/sv\/wp-json\/wp\/v2\/users\/1"}],"replies":[{"embeddable":true,"href":"https:\/\/mustila.fi\/sv\/wp-json\/wp\/v2\/comments?post=17660"}],"version-history":[{"count":0,"href":"https:\/\/mustila.fi\/sv\/wp-json\/wp\/v2\/pages\/17660\/revisions"}],"wp:attachment":[{"href":"https:\/\/mustila.fi\/sv\/wp-json\/wp\/v2\/media?parent=17660"}],"curies":[{"name":"wp","href":"https:\/\/api.w.org\/{rel}","templated":true}]}}