{"id":17665,"date":"2023-09-26T19:51:28","date_gmt":"2023-09-26T19:51:28","guid":{"rendered":"https:\/\/mustila.fi\/?page_id=17665"},"modified":"2023-09-26T19:51:29","modified_gmt":"2023-09-26T19:51:29","slug":"ulsike-1994-48-ilex-verticillata-kesalaakeri","status":"publish","type":"page","link":"https:\/\/mustila.fi\/sv\/ulsike-1994-48-ilex-verticillata-kesalaakeri\/","title":{"rendered":"Ulsike 1994: 48. Ilex verticillata &#8211; kes\u00e4laakeri"},"content":{"rendered":"\n<p><em><small>Ulkomaisten kasvilajien menestymistutkimuksessa eli Ulsike-projektissa laadittiin vuosien 1992-1997 koelajeista kuvaukset. T\u00e4m\u00e4n sivun tiedot koskevat siten tietty\u00e4 koesiemener\u00e4\u00e4 ja ovat saattaneet p\u00e4ivitty\u00e4 mm. Ulsike-projektista saatujen kokemusten perusteella.<\/small><\/em><\/p>\n\n\n\n<p>koe-er\u00e4n tunnus: K09-93-324<\/p>\n\n\n\n<p>alkuper\u00e4: Abbotsford, Wisconsin, USA 45 00&#8217;N x 90 30&#8217;W<br><br>Kes\u00e4laakeri on kotoisin Pohjois-Amerikan it\u00e4- ja koillisosista.<br><br>Se on kes\u00e4vihanta pensas, vaikka sen sukuun kuuluu my\u00f6s ainavihantia lajeja. T\u00e4m\u00e4 pensas on hyvin muunteleva ja se vaihtelee kooltaan 1-3 metrin v\u00e4lill\u00e4. Se muodostaa tihe\u00e4n oksiston, jota sen vesaisuus viel\u00e4 tihent\u00e4\u00e4. Lehdet ovat kes\u00e4ll\u00e4 syv\u00e4nvihreit\u00e4 eik\u00e4 kasvilla ole mainittavaa syysv\u00e4ri\u00e4. Sen kukat ovat pienet ja huomaamattomat. T\u00e4m\u00e4n pensaan suurin koristearvo onkin sen punaisissa marjoissa, jotka kypsytty\u00e4\u00e4n pysyv\u00e4t oksissa pitk\u00e4lle talveen.<br><br>Kes\u00e4laakeri tuottaa runsaan marjasadon vuosittain. Se on kaksikotinen laji, joten hedelmi\u00e4 ei muodostu ilman emi- ja hedeyksil\u00f6it\u00e4. Laji suosii kosteita, happamia kasvupaikkoja. Se on kalkinkarttaja, joka k\u00e4rsii liian korkeasta maan pH-arvosta. Se menestyy jopa m\u00e4rill\u00e4 mailla, aina seisovassa vedess\u00e4kin. T\u00e4m\u00e4n ominaisuutensa vuoksi se onkin kokeilemisen arvoinen uutuus meill\u00e4kin. Pohjois-Amerikassa sit\u00e4 k\u00e4ytet\u00e4\u00e4n massaistutuksissa mm. veden \u00e4\u00e4rell\u00e4, jolloin koristeelliset marjat el\u00e4v\u00f6itt\u00e4v\u00e4t kauniisti vesielementti\u00e4. Kes\u00e4laakeri viihtyy parhaiten auringossa, mutta siet\u00e4\u00e4 voimakastakin varjoa kukinnan kustannuksella.<br><br>Kes\u00e4laakerin pieni siemen it\u00e4\u00e4 hyvin pitk\u00e4n ajan kuluessa. Se saattaa vaatia my\u00f6s kylm\u00e4k\u00e4sittelyn it\u00e4\u00e4kseen. Suositeltavampaa onkin kylv\u00e4\u00e4 se kes\u00e4ll\u00e4.juhannuksen vaiheilla kuin varhain kev\u00e4\u00e4ll\u00e4, jolloin siemen mahdollisesti it\u00e4\u00e4 loppukes\u00e4st\u00e4. Juhannuksena kylvetty siemen it\u00e4nee kylv\u00f6\u00e4 seuraavana kev\u00e4\u00e4n\u00e4.<br><br>Amerikkalaisten kest\u00e4vyysvy\u00f6hyketietojen perusteella kes\u00e4laakeri menestyy meill\u00e4 maamme etel\u00e4osissa ainakin l-ll vy\u00f6hykkeill\u00e4, mutta se saattaa olla kest\u00e4v\u00e4 my\u00f6s pohjoisempanakin.<\/p>\n\n\n\n<h2 class=\"wp-block-heading\">Kasvin perustiedot<\/h2>\n\n\n\n<p>SukuIlexLajiVerticillata<\/p>\n\n\n\n<h2 class=\"wp-block-heading\">Keywords<\/h2>\n\n\n\n<ul class=\"wp-block-list\">\n<li>Ulsike<\/li>\n\n\n\n<li>1994<\/li>\n\n\n\n<li>Ilex<\/li>\n\n\n\n<li>Ilex verticillata<\/li>\n<\/ul>\n","protected":false},"excerpt":{"rendered":"<p>Ulkomaisten kasvilajien menestymistutkimuksessa eli Ulsike-projektissa laadittiin vuosien 1992-1997 koelajeista kuvaukset. T\u00e4m\u00e4n sivun tiedot koskevat siten tietty\u00e4 koesiemener\u00e4\u00e4 ja ovat saattaneet p\u00e4ivitty\u00e4 mm. Ulsike-projektista saatujen kokemusten perusteella. koe-er\u00e4n tunnus: K09-93-324 alkuper\u00e4: Abbotsford, Wisconsin, USA 45 00&#8217;N x 90 30&#8217;W Kes\u00e4laakeri on kotoisin Pohjois-Amerikan it\u00e4- ja koillisosista. Se on kes\u00e4vihanta pensas, vaikka sen sukuun kuuluu my\u00f6s ainavihantia [&hellip;]<\/p>\n","protected":false},"author":1,"featured_media":0,"parent":0,"menu_order":0,"comment_status":"closed","ping_status":"closed","template":"","meta":{"iawp_total_views":3,"footnotes":""},"class_list":["post-17665","page","type-page","status-publish","hentry"],"_links":{"self":[{"href":"https:\/\/mustila.fi\/sv\/wp-json\/wp\/v2\/pages\/17665","targetHints":{"allow":["GET"]}}],"collection":[{"href":"https:\/\/mustila.fi\/sv\/wp-json\/wp\/v2\/pages"}],"about":[{"href":"https:\/\/mustila.fi\/sv\/wp-json\/wp\/v2\/types\/page"}],"author":[{"embeddable":true,"href":"https:\/\/mustila.fi\/sv\/wp-json\/wp\/v2\/users\/1"}],"replies":[{"embeddable":true,"href":"https:\/\/mustila.fi\/sv\/wp-json\/wp\/v2\/comments?post=17665"}],"version-history":[{"count":0,"href":"https:\/\/mustila.fi\/sv\/wp-json\/wp\/v2\/pages\/17665\/revisions"}],"wp:attachment":[{"href":"https:\/\/mustila.fi\/sv\/wp-json\/wp\/v2\/media?parent=17665"}],"curies":[{"name":"wp","href":"https:\/\/api.w.org\/{rel}","templated":true}]}}