{"id":17719,"date":"2023-09-26T20:03:39","date_gmt":"2023-09-26T20:03:39","guid":{"rendered":"https:\/\/mustila.fi\/?page_id=17719"},"modified":"2023-09-26T20:03:41","modified_gmt":"2023-09-26T20:03:41","slug":"ulsike-1994-58-ptelea-trifoliata-ptelea","status":"publish","type":"page","link":"https:\/\/mustila.fi\/sv\/ulsike-1994-58-ptelea-trifoliata-ptelea\/","title":{"rendered":"Ulsike 1994: 58. Ptelea trifoliata &#8211; Ptelea"},"content":{"rendered":"\n<p><em><small>Ulkomaisten kasvilajien menestymistutkimuksessa eli Ulsike-projektissa laadittiin vuosien 1992-1997 koelajeista kuvaukset. T\u00e4m\u00e4n sivun tiedot koskevat siten tietty\u00e4 koesiemener\u00e4\u00e4 ja ovat saattaneet p\u00e4ivitty\u00e4 mm. Ulsike-projektista saatujen kokemusten perusteella.<\/small><\/em><\/p>\n\n\n\n<p>koe-er\u00e4n tunnus: K09-93-277<\/p>\n\n\n\n<p>alkuper\u00e4: tuntematon, lis\u00e4ysl\u00e4hde Chanhassen, Minnesota, USA<br><br>Ptelea on aromaattinen pensas tai pieni puu. Se on kotoisin Pohjois-Amerikan keski- ja kaakkoisosista. Sen luontainen levinneisyysalue ulottuu Meksikosta aina Suurten j\u00e4rvien etel\u00e4rannoille. Viljeltyn\u00e4 sit\u00e4 on jopa Kanadassa.<br><br>Ptelean kukinta on huomaamatonta, sill\u00e4 kukat ovat mit\u00e4tt\u00f6m\u00e4t kellanvihre\u00e4t ja tuoksuttomat. Sen hedelm\u00e4 on kuin suuri, kovakuorinen jalavan hedelm\u00e4, sen voidaan sanoa muistuttavan my\u00f6s perunalastua. Ptelean lehdet muodostuvat kolmesta lehdyk\u00e4st\u00e4. Lehdyk\u00e4t saattavat olla varsin kookkaita ja kiilt\u00e4v\u00e4nvihreit\u00e4. Niiden syysv\u00e4ri on keltainen.<br><br>Ptelea vaihtelee kooltaan hyvin paljon. Kotiseuduillaan se voi olla 5-6 m mittainen pieni puu tai 2 m mittainen pensas. Meill\u00e4 se j\u00e4\u00e4nee pensaaksi, mutta se voidaan leikata pikku puuksi.<br><br>Siemen vaatii kylm\u00e4k\u00e4sittelyn it\u00e4\u00e4kseen. Siemen suositellaan kylvett\u00e4v\u00e4ksi syksyll\u00e4 ulos, jolloin se it\u00e4\u00e4 kylv\u00f6\u00e4 seuraavana kev\u00e4\u00e4n\u00e4.<br><br>Ptelea on meill\u00e4 viljeltyn\u00e4 arka, mutta sen toivotaan menestyv\u00e4n ainakin I-vy\u00f6hykkeell\u00e4. Se viihtyy parhaiten hyvin l\u00e4p\u00e4isevill\u00e4 hiekkamailla, mutta saattaa meill\u00e4 vaatia lihavampaa kasvualustaa.<\/p>\n\n\n\n<h2 class=\"wp-block-heading\">Kasvin perustiedot<\/h2>\n\n\n\n<p>SukuPteleaLajiTrifoliata<\/p>\n\n\n\n<h2 class=\"wp-block-heading\">Keywords<\/h2>\n\n\n\n<ul class=\"wp-block-list\">\n<li>Ulsike<\/li>\n\n\n\n<li>1994<\/li>\n\n\n\n<li>Ptelea<\/li>\n\n\n\n<li>Ptelea trifoliata<\/li>\n<\/ul>\n","protected":false},"excerpt":{"rendered":"<p>Ulkomaisten kasvilajien menestymistutkimuksessa eli Ulsike-projektissa laadittiin vuosien 1992-1997 koelajeista kuvaukset. T\u00e4m\u00e4n sivun tiedot koskevat siten tietty\u00e4 koesiemener\u00e4\u00e4 ja ovat saattaneet p\u00e4ivitty\u00e4 mm. Ulsike-projektista saatujen kokemusten perusteella. koe-er\u00e4n tunnus: K09-93-277 alkuper\u00e4: tuntematon, lis\u00e4ysl\u00e4hde Chanhassen, Minnesota, USA Ptelea on aromaattinen pensas tai pieni puu. Se on kotoisin Pohjois-Amerikan keski- ja kaakkoisosista. Sen luontainen levinneisyysalue ulottuu Meksikosta aina [&hellip;]<\/p>\n","protected":false},"author":1,"featured_media":0,"parent":0,"menu_order":0,"comment_status":"closed","ping_status":"closed","template":"","meta":{"iawp_total_views":7,"footnotes":""},"class_list":["post-17719","page","type-page","status-publish","hentry"],"_links":{"self":[{"href":"https:\/\/mustila.fi\/sv\/wp-json\/wp\/v2\/pages\/17719","targetHints":{"allow":["GET"]}}],"collection":[{"href":"https:\/\/mustila.fi\/sv\/wp-json\/wp\/v2\/pages"}],"about":[{"href":"https:\/\/mustila.fi\/sv\/wp-json\/wp\/v2\/types\/page"}],"author":[{"embeddable":true,"href":"https:\/\/mustila.fi\/sv\/wp-json\/wp\/v2\/users\/1"}],"replies":[{"embeddable":true,"href":"https:\/\/mustila.fi\/sv\/wp-json\/wp\/v2\/comments?post=17719"}],"version-history":[{"count":0,"href":"https:\/\/mustila.fi\/sv\/wp-json\/wp\/v2\/pages\/17719\/revisions"}],"wp:attachment":[{"href":"https:\/\/mustila.fi\/sv\/wp-json\/wp\/v2\/media?parent=17719"}],"curies":[{"name":"wp","href":"https:\/\/api.w.org\/{rel}","templated":true}]}}