{"id":17836,"date":"2023-09-27T07:33:22","date_gmt":"2023-09-27T07:33:22","guid":{"rendered":"https:\/\/mustila.fi\/?page_id=17836"},"modified":"2024-02-22T13:05:36","modified_gmt":"2024-02-22T13:05:36","slug":"ulsike-1995-77-crataegus-chlorosarca-idanorapihlaja","status":"publish","type":"page","link":"https:\/\/mustila.fi\/sv\/ulsike-1995-77-crataegus-chlorosarca-idanorapihlaja\/","title":{"rendered":"Ulsike 1995: 77. Crataegus chlorosarca &#8211; id\u00e4norapihlaja"},"content":{"rendered":"\n<p><em><small>Ulkomaisten kasvilajien menestymistutkimuksessa eli Ulsike-projektissa laadittiin vuosien 1992-1997 koelajeista kuvaukset. T\u00e4m\u00e4n sivun tiedot koskevat siten tietty\u00e4 koesiemener\u00e4\u00e4 ja ovat saattaneet p\u00e4ivitty\u00e4 mm. Ulsike-projektista saatujen kokemusten perusteella.<\/small><\/em><\/p>\n\n\n\n<p>koe-er\u00e4n tunnus: K09-95-049<\/p>\n\n\n\n<p>alkuper\u00e4: Etel\u00e4-Sahalin, Ven\u00e4j\u00e4<br><br>Id\u00e4norapihlaja on kotoisin Kaukoid\u00e4st\u00e4. Sit\u00e4 esiintyy luonnonvaraisena Hokkaidolla, Sahalinilla ja Kamtsatkan niemimaalla. Sit\u00e4 pidet\u00e4\u00e4n yhten\u00e4 kest\u00e4vimmist\u00e4 orapihlajalajeista. T\u00e4m\u00e4 siemener\u00e4 edustaa varsin pohjoista esiintymisaluetta ja antaa toiveita kest\u00e4vyydest\u00e4 my\u00f6s syvemm\u00e4ll\u00e4 Suomessa.<br><br>T\u00e4m\u00e4 laji on olemukseltaan pieni puu. Se on leve\u00e4n kartiomainen, noin 3 metrin pituinen. Id\u00e4norapihlaja kukkii kes\u00e4kuussa ja syksyll\u00e4 kypsyv\u00e4t marjat ovat v\u00e4rilt\u00e4\u00e4n mustia. T\u00e4m\u00e4n orapihlajalajin orat ovat lyhyit\u00e4, vain 2 cm mittaisia, tai ne saattavat puuttua t\u00e4ysin. Id\u00e4norapihlaja on meill\u00e4 hyvin harvoin viljelty laji. Se on menestynyt hyvin maamme eri osissa. Pieni\u00e4, kukkivia puita ei meill\u00e4 koskaan ole liikaa, joten id\u00e4norapihlaja on vieh\u00e4tt\u00e4v\u00e4 lis\u00e4 koristekasvivalikoimiimme.<br><br>Orapihlajat ovat kasvualustansa suhteen vaatimattomia ja siet\u00e4v\u00e4t hyvin kuivuutta. Valon suhteen ne ovat vaateliaita ja viihtyv\u00e4t auringossa.<br><br>Orapihlajalajien siemen on hitaasti it\u00e4v\u00e4\u00e4. It\u00e4mist\u00e4 est\u00e4\u00e4 kova siemenkuori, kehittym\u00e4t\u00f6n alkio ja alkiolepotila. Kes\u00e4ll\u00e4 kylvetyt siemenet it\u00e4v\u00e4t yleens\u00e4 kylv\u00f6\u00e4 seuraavana kev\u00e4\u00e4n\u00e4, mutta it\u00e4minen saattaa viiv\u00e4sty\u00e4 viel\u00e4kin my\u00f6hemm\u00e4ksi.<\/p>\n\n\n\n<h2 class=\"wp-block-heading\">Kasvin perustiedot<\/h2>\n\n\n\n<p>SukuCrataegusLajiChlorosarca<\/p>\n\n\n\n<h2 class=\"wp-block-heading\">Keywords<\/h2>\n\n\n\n<ul class=\"wp-block-list\">\n<li>Ulsike<\/li>\n\n\n\n<li>1995<\/li>\n\n\n\n<li>Crataegus<\/li>\n\n\n\n<li>Crataegus chlorosarca<\/li>\n<\/ul>\n","protected":false},"excerpt":{"rendered":"<p>Ulkomaisten kasvilajien menestymistutkimuksessa eli Ulsike-projektissa laadittiin vuosien 1992-1997 koelajeista kuvaukset. T\u00e4m\u00e4n sivun tiedot koskevat siten tietty\u00e4 koesiemener\u00e4\u00e4 ja ovat saattaneet p\u00e4ivitty\u00e4 mm. Ulsike-projektista saatujen kokemusten perusteella. koe-er\u00e4n tunnus: K09-95-049 alkuper\u00e4: Etel\u00e4-Sahalin, Ven\u00e4j\u00e4 Id\u00e4norapihlaja on kotoisin Kaukoid\u00e4st\u00e4. Sit\u00e4 esiintyy luonnonvaraisena Hokkaidolla, Sahalinilla ja Kamtsatkan niemimaalla. Sit\u00e4 pidet\u00e4\u00e4n yhten\u00e4 kest\u00e4vimmist\u00e4 orapihlajalajeista. T\u00e4m\u00e4 siemener\u00e4 edustaa varsin pohjoista esiintymisaluetta [&hellip;]<\/p>\n","protected":false},"author":1,"featured_media":0,"parent":0,"menu_order":0,"comment_status":"closed","ping_status":"closed","template":"","meta":{"iawp_total_views":3,"footnotes":""},"class_list":["post-17836","page","type-page","status-publish","hentry"],"_links":{"self":[{"href":"https:\/\/mustila.fi\/sv\/wp-json\/wp\/v2\/pages\/17836","targetHints":{"allow":["GET"]}}],"collection":[{"href":"https:\/\/mustila.fi\/sv\/wp-json\/wp\/v2\/pages"}],"about":[{"href":"https:\/\/mustila.fi\/sv\/wp-json\/wp\/v2\/types\/page"}],"author":[{"embeddable":true,"href":"https:\/\/mustila.fi\/sv\/wp-json\/wp\/v2\/users\/1"}],"replies":[{"embeddable":true,"href":"https:\/\/mustila.fi\/sv\/wp-json\/wp\/v2\/comments?post=17836"}],"version-history":[{"count":0,"href":"https:\/\/mustila.fi\/sv\/wp-json\/wp\/v2\/pages\/17836\/revisions"}],"wp:attachment":[{"href":"https:\/\/mustila.fi\/sv\/wp-json\/wp\/v2\/media?parent=17836"}],"curies":[{"name":"wp","href":"https:\/\/api.w.org\/{rel}","templated":true}]}}