{"id":17840,"date":"2023-09-27T07:35:43","date_gmt":"2023-09-27T07:35:43","guid":{"rendered":"https:\/\/mustila.fi\/?page_id=17840"},"modified":"2024-02-22T13:06:05","modified_gmt":"2024-02-22T13:06:05","slug":"ulsike-1995-79-magnolia-denudata-kiinanmagnolia","status":"publish","type":"page","link":"https:\/\/mustila.fi\/sv\/ulsike-1995-79-magnolia-denudata-kiinanmagnolia\/","title":{"rendered":"Ulsike 1995: 79. Magnolia denudata &#8211; kiinanmagnolia"},"content":{"rendered":"\n<p><em><small>Ulkomaisten kasvilajien menestymistutkimuksessa eli Ulsike-projektissa laadittiin vuosien 1992-1997 koelajeista kuvaukset. T\u00e4m\u00e4n sivun tiedot koskevat siten tietty\u00e4 koesiemener\u00e4\u00e4 ja ovat saattaneet p\u00e4ivitty\u00e4 mm. Ulsike-projektista saatujen kokemusten perusteella.<\/small><\/em><\/p>\n\n\n\n<p>koe-er\u00e4n tunnus: K09-95-055<\/p>\n\n\n\n<p>alkuper\u00e4: Pohjois- Kiina<br><br>T\u00e4m\u00e4 koristekasvina melko harvinainen magnolialaji on kotoisin Kiinan keskiosista. Sit\u00e4 k\u00e4ytet\u00e4\u00e4n luontaisen alueensa ulkopuolella koristekasvina vastaavilla ilmastollisilla alueilla l\u00e4hinn\u00e4 Ven\u00e4j\u00e4ll\u00e4 ja Pohjois-Amerikassa.<br><br>Kiinanmagnolia on kasvutavaltaan selke\u00e4sti puumainen ja saavuttaa parhaimmillaan 10 metrin pituuden latvuksen levitess\u00e4 i\u00e4n my\u00f6t\u00e4 l\u00e4hes samanmittaiseksi. Muiden magnolialajien tapaan se on verraten hidaskasvuinen. Sen lehdet ovat kookkaat, jopa 15 cm mittaiset. T\u00e4m\u00e4n lajin suurin etu on sen tavattoman kookkaat, tuoksuvat valkoiset kukat, jotka saattavat olla jopa 15 cm l\u00e4pimitaltaan.<br><br>Kiinanmagnolia kukkii lehdett\u00f6m\u00e4n\u00e4. Suurin vaikeus onkin saada kiinanmagnolia menestym\u00e4\u00e4n meill\u00e4, sill\u00e4 sit\u00e4 pidet\u00e4\u00e4n hyvin kylm\u00e4narkana nuppuvaiheessa. Lis\u00e4ksi se reagoi nopeasti korkeisiin p\u00e4iv\u00e4l\u00e4mp\u00f6tiloihin. T\u00e4m\u00e4 laji vaatii toisaalta suojaisan kasvupaikan, toisaalta runsaasti l\u00e4mp\u00f6\u00e4.<br><br>Magnoliat viihtyv\u00e4t happamassa, runsaasti orgaanista maatuvaa ainesta sis\u00e4lt\u00e4v\u00e4ss\u00e4 maassa. Mik\u00e4li n\u00e4m\u00e4 tekij\u00e4t toteutuvat, saattaa kiinanmagnolia ilahduttaa kasvattajaansa menestym\u00e4ll\u00e4. Suosittelemme t\u00e4m\u00e4n lajin kasvattamista esim. l\u00e4mpim\u00e4ll\u00e4 seinustalla.<br><br>Kiinanmagnolian siemen on lepotilassa ja vaatii it\u00e4\u00e4kseen jopa 6 kk kylm\u00e4k\u00e4sittelyn. Siemen tulisi kylv\u00e4\u00e4 heti, jolloin se ei kuiva ja it\u00e4\u00e4 kylv\u00f6\u00e4 seuraavana kev\u00e4\u00e4n\u00e4 luonnon kylm\u00e4k\u00e4sittelyn saatuaan.<\/p>\n\n\n\n<h2 class=\"wp-block-heading\">Kasvin perustiedot<\/h2>\n\n\n\n<p>SukuMagnoliaLajiDenudata<\/p>\n\n\n\n<h2 class=\"wp-block-heading\">Keywords<\/h2>\n\n\n\n<ul class=\"wp-block-list\">\n<li>Ulsike<\/li>\n\n\n\n<li>1995<\/li>\n\n\n\n<li>Magnolia<\/li>\n\n\n\n<li>Magnolia denudata<\/li>\n<\/ul>\n","protected":false},"excerpt":{"rendered":"<p>Ulkomaisten kasvilajien menestymistutkimuksessa eli Ulsike-projektissa laadittiin vuosien 1992-1997 koelajeista kuvaukset. T\u00e4m\u00e4n sivun tiedot koskevat siten tietty\u00e4 koesiemener\u00e4\u00e4 ja ovat saattaneet p\u00e4ivitty\u00e4 mm. Ulsike-projektista saatujen kokemusten perusteella. koe-er\u00e4n tunnus: K09-95-055 alkuper\u00e4: Pohjois- Kiina T\u00e4m\u00e4 koristekasvina melko harvinainen magnolialaji on kotoisin Kiinan keskiosista. Sit\u00e4 k\u00e4ytet\u00e4\u00e4n luontaisen alueensa ulkopuolella koristekasvina vastaavilla ilmastollisilla alueilla l\u00e4hinn\u00e4 Ven\u00e4j\u00e4ll\u00e4 ja Pohjois-Amerikassa. Kiinanmagnolia [&hellip;]<\/p>\n","protected":false},"author":1,"featured_media":0,"parent":0,"menu_order":0,"comment_status":"closed","ping_status":"closed","template":"","meta":{"iawp_total_views":2,"footnotes":""},"class_list":["post-17840","page","type-page","status-publish","hentry"],"_links":{"self":[{"href":"https:\/\/mustila.fi\/sv\/wp-json\/wp\/v2\/pages\/17840","targetHints":{"allow":["GET"]}}],"collection":[{"href":"https:\/\/mustila.fi\/sv\/wp-json\/wp\/v2\/pages"}],"about":[{"href":"https:\/\/mustila.fi\/sv\/wp-json\/wp\/v2\/types\/page"}],"author":[{"embeddable":true,"href":"https:\/\/mustila.fi\/sv\/wp-json\/wp\/v2\/users\/1"}],"replies":[{"embeddable":true,"href":"https:\/\/mustila.fi\/sv\/wp-json\/wp\/v2\/comments?post=17840"}],"version-history":[{"count":0,"href":"https:\/\/mustila.fi\/sv\/wp-json\/wp\/v2\/pages\/17840\/revisions"}],"wp:attachment":[{"href":"https:\/\/mustila.fi\/sv\/wp-json\/wp\/v2\/media?parent=17840"}],"curies":[{"name":"wp","href":"https:\/\/api.w.org\/{rel}","templated":true}]}}