{"id":17846,"date":"2023-09-27T07:39:26","date_gmt":"2023-09-27T07:39:26","guid":{"rendered":"https:\/\/mustila.fi\/?page_id=17846"},"modified":"2024-02-22T13:06:23","modified_gmt":"2024-02-22T13:06:23","slug":"ulsike-1995-82-prunus-ssiori","status":"publish","type":"page","link":"https:\/\/mustila.fi\/sv\/ulsike-1995-82-prunus-ssiori\/","title":{"rendered":"Ulsike 1995: 82. Prunus ssiori"},"content":{"rendered":"\n<p><em><small>Ulkomaisten kasvilajien menestymistutkimuksessa eli Ulsike-projektissa laadittiin vuosien 1992-1997 koelajeista kuvaukset. T\u00e4m\u00e4n sivun tiedot koskevat siten tietty\u00e4 koesiemener\u00e4\u00e4 ja ovat saattaneet p\u00e4ivitty\u00e4 mm. Ulsike-projektista saatujen kokemusten perusteella.<\/small><\/em><\/p>\n\n\n\n<p>koe-er\u00e4n tunnus: K09-94-078<\/p>\n\n\n\n<p>alkuper\u00e4: Ven\u00e4j\u00e4<\/p>\n\n\n\n<p>T\u00e4m\u00e4 laji on l\u00e4hinn\u00e4 tuomiin lukeutuva suurikasvuinen puu, josta on hyvin v\u00e4h\u00e4n tietoja tarjolla. Se on kotoisin Mantsuriasta ja Japanin pohjoisosista. Sit\u00e4 on ilmeisesti viljelty vain harvoin luontaisen alueensa ulkopuolella, koska l\u00e4hdekirjallisuudessa ei ole tietoja t\u00e4st\u00e4 lajista. Kasvupaikkatiedot antavat viitteit\u00e4 lajin menestymisest\u00e4 etel\u00e4isess\u00e4 Suomessa.<\/p>\n\n\n\n<p>Huomio kiinnittyy lajin suurikasvuisuuteen. Sen mainitaan saavuttavan jopa 25 metrin pituuden. N\u00e4in ollen se olisi hieno lis\u00e4 kukkivien koristepuiden valikoimaamme. Sen lehdet ovat pitk\u00e4nomaisia, tihe\u00e4\u00e4n hammaslaitaisia, noin 10 cm mittaisia. Puu kukkii pienin valkoisin tertuissa esiintyvin kukin ja tuottaa mustia marjoja.<br>&nbsp;<br><em>Prunus<\/em>-suvun siemen ei id\u00e4 ilman esik\u00e4sittely\u00e4. Todenn\u00e4k\u00f6isesti laji vaatii l\u00e4mmin- ja kylm\u00e4k\u00e4sittelyn it\u00e4\u00e4kseen. Siemenet voi n\u00e4in ollen kylv\u00e4\u00e4 alkukes\u00e4st\u00e4.<br>&nbsp;<\/p>\n\n\n\n<h2 class=\"wp-block-heading\">Kasvin perustiedot<\/h2>\n\n\n\n<p>SukuPrunusLajiSsiori<\/p>\n\n\n\n<h2 class=\"wp-block-heading\">Keywords<\/h2>\n\n\n\n<ul class=\"wp-block-list\">\n<li>Ulsike<\/li>\n\n\n\n<li>1995<\/li>\n\n\n\n<li>Lehtipuut ja -pensaat<\/li>\n\n\n\n<li>Prunus<\/li>\n\n\n\n<li>Prunus ssiori<\/li>\n<\/ul>\n","protected":false},"excerpt":{"rendered":"<p>Ulkomaisten kasvilajien menestymistutkimuksessa eli Ulsike-projektissa laadittiin vuosien 1992-1997 koelajeista kuvaukset. T\u00e4m\u00e4n sivun tiedot koskevat siten tietty\u00e4 koesiemener\u00e4\u00e4 ja ovat saattaneet p\u00e4ivitty\u00e4 mm. Ulsike-projektista saatujen kokemusten perusteella. koe-er\u00e4n tunnus: K09-94-078 alkuper\u00e4: Ven\u00e4j\u00e4 T\u00e4m\u00e4 laji on l\u00e4hinn\u00e4 tuomiin lukeutuva suurikasvuinen puu, josta on hyvin v\u00e4h\u00e4n tietoja tarjolla. Se on kotoisin Mantsuriasta ja Japanin pohjoisosista. Sit\u00e4 on ilmeisesti [&hellip;]<\/p>\n","protected":false},"author":1,"featured_media":0,"parent":0,"menu_order":0,"comment_status":"closed","ping_status":"closed","template":"","meta":{"iawp_total_views":14,"footnotes":""},"class_list":["post-17846","page","type-page","status-publish","hentry"],"_links":{"self":[{"href":"https:\/\/mustila.fi\/sv\/wp-json\/wp\/v2\/pages\/17846","targetHints":{"allow":["GET"]}}],"collection":[{"href":"https:\/\/mustila.fi\/sv\/wp-json\/wp\/v2\/pages"}],"about":[{"href":"https:\/\/mustila.fi\/sv\/wp-json\/wp\/v2\/types\/page"}],"author":[{"embeddable":true,"href":"https:\/\/mustila.fi\/sv\/wp-json\/wp\/v2\/users\/1"}],"replies":[{"embeddable":true,"href":"https:\/\/mustila.fi\/sv\/wp-json\/wp\/v2\/comments?post=17846"}],"version-history":[{"count":0,"href":"https:\/\/mustila.fi\/sv\/wp-json\/wp\/v2\/pages\/17846\/revisions"}],"wp:attachment":[{"href":"https:\/\/mustila.fi\/sv\/wp-json\/wp\/v2\/media?parent=17846"}],"curies":[{"name":"wp","href":"https:\/\/api.w.org\/{rel}","templated":true}]}}