{"id":17850,"date":"2023-09-27T07:41:47","date_gmt":"2023-09-27T07:41:47","guid":{"rendered":"https:\/\/mustila.fi\/?page_id=17850"},"modified":"2024-02-22T13:09:57","modified_gmt":"2024-02-22T13:09:57","slug":"ulsike-1995-84-maackia-amurensis-maakkia","status":"publish","type":"page","link":"https:\/\/mustila.fi\/sv\/ulsike-1995-84-maackia-amurensis-maakkia\/","title":{"rendered":"Ulsike 1995: 84. Maackia amurensis &#8211; maakkia"},"content":{"rendered":"\n<p><em><small>Ulkomaisten kasvilajien menestymistutkimuksessa eli Ulsike-projektissa laadittiin vuosien 1992-1997 koelajeista kuvaukset. T\u00e4m\u00e4n sivun tiedot koskevat siten tietty\u00e4 koesiemener\u00e4\u00e4 ja ovat saattaneet p\u00e4ivitty\u00e4 mm. Ulsike-projektista saatujen kokemusten perusteella.<\/small><\/em><\/p>\n\n\n\n<p>koe-er\u00e4n tunnus: K09-95-100<\/p>\n\n\n\n<p>alkuper\u00e4: Vladivostok, Ven\u00e4j\u00e4<\/p>\n\n\n\n<p>Maakkia on kotoisin Amurilta ja Japanista. Se on hernekasveihin lukeutuva puu, joka on eritt\u00e4in suosittu koristekasvi varsinkin Pohjois-Amerikassa.<br><br>Maakkia saavuttaa luonnossa 15 metrin pituuden, mutta j\u00e4\u00e4 viljeltyn\u00e4 pienemm\u00e4ksi, meill\u00e4 5\u20138 m pituiseksi. Sit\u00e4 on viljelty meill\u00e4 yll\u00e4tt\u00e4v\u00e4n v\u00e4h\u00e4n ja n\u00e4iden kokemusten valossa sen on todettu olevan kest\u00e4v\u00e4 ainakin II-vy\u00f6hykkeell\u00e4, mahdollisesti pohjoisempanakin, sill\u00e4 se on &#8221;hernepuista&#8221; ainoa, jolla ei ole taimivaiheessakaan ilmennyt tuleentumisongelmista johtuvia pakkasvaurioita.&nbsp;<br><br>Maakkian lehdet ovat parilehdykk\u00e4isi\u00e4, 20\u201330 cm mittaisia. Niill\u00e4 ei ole erityist\u00e4 syysv\u00e4ri\u00e4. Sen sijaan kev\u00e4\u00e4ll\u00e4 puhjetessaan ne ovat n\u00e4ytt\u00e4v\u00e4sti hopeanharmaan karvoituksen peitt\u00e4m\u00e4t. Maakkia kukkii Suomessa hein\u00e4-elokuussa valkein pienin kukin. Se ei yleens\u00e4 ehdi kypsytt\u00e4\u00e4 meill\u00e4 siement\u00e4, joka syntyy karvaisiin palkoihin. T\u00e4m\u00e4 vieh\u00e4tt\u00e4v\u00e4 pikku puu on ainoita meill\u00e4 kest\u00e4vi\u00e4 hernekasvien heimoon lukeutuvia koristepuita. Sit\u00e4 tulisi k\u00e4ytt\u00e4\u00e4 enemm\u00e4n kun halutaan pienikokoista, kompaktia puuta alueelle.<br><br>Maakkia on kasvupaikan suhteen verraten vaatelias, sill\u00e4 se viihtyy parhaiten tuoreilla, kosteilla mailla. Se siet\u00e4\u00e4 jonkin verran varjoa, mutta istutuspaikan tulisi kuitenkin olla l\u00e4mmin ja hyvin l\u00e4p\u00e4isev\u00e4.<br><br>Maakkian, kuten useimpien hernekasvien siemenet it\u00e4v\u00e4t kunhan siemenkuori on saatettu vett\u00e4l\u00e4p\u00e4isev\u00e4ksi. T\u00e4m\u00e4 tapahtuu liottamalla siemeni\u00e4 hetken l\u00e4hes kiehuvassa vedess\u00e4 niin, ett\u00e4&nbsp;veden annetaan j\u00e4\u00e4hty\u00e4 huoneenl\u00e4mp\u00f6\u00f6n. Liotusta jatketaan vuorokauden ajan. Siemen on yleens\u00e4 turvonnut huomattavasti t\u00e4m\u00e4n j\u00e4lkeen. Turpoamattomat siemenet it\u00e4v\u00e4t kun siemenkuori esim. mikrobitoiminnan ansiosta maassa ollessaan muuttuu vett\u00e4l\u00e4p\u00e4isev\u00e4ksi. Kuumavesik\u00e4sittelyn voi siis korvata kylv\u00e4m\u00e4ll\u00e4 siemenet ulos. T\u00e4ll\u00f6in it\u00e4miseen saattaa kuitenkin kulua jopa useita vuosia.<\/p>\n\n\n\n<h2 class=\"wp-block-heading\">Kasvin perustiedot<\/h2>\n\n\n\n<p>SukuMaackiaLajiAmurensis<\/p>\n\n\n\n<h2 class=\"wp-block-heading\">Keywords<\/h2>\n\n\n\n<ul class=\"wp-block-list\">\n<li>Ulsike<\/li>\n\n\n\n<li>1995<\/li>\n\n\n\n<li>Maackia<\/li>\n\n\n\n<li>Maackia amurensis<\/li>\n<\/ul>\n","protected":false},"excerpt":{"rendered":"<p>Ulkomaisten kasvilajien menestymistutkimuksessa eli Ulsike-projektissa laadittiin vuosien 1992-1997 koelajeista kuvaukset. T\u00e4m\u00e4n sivun tiedot koskevat siten tietty\u00e4 koesiemener\u00e4\u00e4 ja ovat saattaneet p\u00e4ivitty\u00e4 mm. Ulsike-projektista saatujen kokemusten perusteella. koe-er\u00e4n tunnus: K09-95-100 alkuper\u00e4: Vladivostok, Ven\u00e4j\u00e4 Maakkia on kotoisin Amurilta ja Japanista. Se on hernekasveihin lukeutuva puu, joka on eritt\u00e4in suosittu koristekasvi varsinkin Pohjois-Amerikassa. Maakkia saavuttaa luonnossa 15 metrin [&hellip;]<\/p>\n","protected":false},"author":1,"featured_media":0,"parent":0,"menu_order":0,"comment_status":"closed","ping_status":"closed","template":"","meta":{"iawp_total_views":21,"footnotes":""},"class_list":["post-17850","page","type-page","status-publish","hentry"],"_links":{"self":[{"href":"https:\/\/mustila.fi\/sv\/wp-json\/wp\/v2\/pages\/17850","targetHints":{"allow":["GET"]}}],"collection":[{"href":"https:\/\/mustila.fi\/sv\/wp-json\/wp\/v2\/pages"}],"about":[{"href":"https:\/\/mustila.fi\/sv\/wp-json\/wp\/v2\/types\/page"}],"author":[{"embeddable":true,"href":"https:\/\/mustila.fi\/sv\/wp-json\/wp\/v2\/users\/1"}],"replies":[{"embeddable":true,"href":"https:\/\/mustila.fi\/sv\/wp-json\/wp\/v2\/comments?post=17850"}],"version-history":[{"count":0,"href":"https:\/\/mustila.fi\/sv\/wp-json\/wp\/v2\/pages\/17850\/revisions"}],"wp:attachment":[{"href":"https:\/\/mustila.fi\/sv\/wp-json\/wp\/v2\/media?parent=17850"}],"curies":[{"name":"wp","href":"https:\/\/api.w.org\/{rel}","templated":true}]}}