{"id":17876,"date":"2023-09-27T07:58:20","date_gmt":"2023-09-27T07:58:20","guid":{"rendered":"https:\/\/mustila.fi\/?page_id=17876"},"modified":"2023-09-27T07:58:23","modified_gmt":"2023-09-27T07:58:23","slug":"ulsike-1996-96-pinus-koraiensis-koreanmanty-koreansembra","status":"publish","type":"page","link":"https:\/\/mustila.fi\/sv\/ulsike-1996-96-pinus-koraiensis-koreanmanty-koreansembra\/","title":{"rendered":"Ulsike 1996: 96. Pinus koraiensis &#8211; koreanm\u00e4nty, koreansembra"},"content":{"rendered":"\n<p><em><small>Ulkomaisten kasvilajien menestymistutkimuksessa eli Ulsike-projektissa laadittiin vuosien 1992-1997 koelajeista kuvaukset. T\u00e4m\u00e4n sivun tiedot koskevat siten tietty\u00e4 koesiemener\u00e4\u00e4 ja ovat saattaneet p\u00e4ivitty\u00e4 mm. Ulsike-projektista saatujen kokemusten perusteella.<\/small><\/em><\/p>\n\n\n\n<p>koe-er\u00e4n tunnus: K09-95-267 (=K04-94-850)<\/p>\n\n\n\n<p>alkuper\u00e4: Kiina, Jilin Provinssi, Mt. Changbai, 42 20&#8217;N x 129 10&#8217;E, 830-865 m m.p.y.<\/p>\n\n\n\n<p>Lajista on kuvaus vuoden 1993 koelajeissa. Helsingin yliopiston siemenker\u00e4\u00e4j\u00e4t ostivat n\u00e4m\u00e4 siemenet paikallisilta siemenker\u00e4\u00e4jilt\u00e4.<\/p>\n\n\n\n<p>Koreansembran suuret siemenet ovat maukkaita ja arvostettua kauppatavaraa.<\/p>\n\n\n\n<p>Siemen kylvet\u00e4\u00e4n alkukes\u00e4st\u00e4 seuraavana kev\u00e4\u00e4n\u00e4 tapahtuvaa it\u00e4mist\u00e4 odottelemaan.<br>&nbsp;<\/p>\n\n\n\n<h2 class=\"wp-block-heading\">Kasvin perustiedot<\/h2>\n\n\n\n<p>SukuPinusLajiKoraiensis<\/p>\n\n\n\n<h2 class=\"wp-block-heading\">Keywords<\/h2>\n\n\n\n<ul class=\"wp-block-list\">\n<li>Ulsike<\/li>\n\n\n\n<li>1996<\/li>\n\n\n\n<li>Pinus<\/li>\n\n\n\n<li>Pinus koraiensis<\/li>\n<\/ul>\n","protected":false},"excerpt":{"rendered":"<p>Ulkomaisten kasvilajien menestymistutkimuksessa eli Ulsike-projektissa laadittiin vuosien 1992-1997 koelajeista kuvaukset. T\u00e4m\u00e4n sivun tiedot koskevat siten tietty\u00e4 koesiemener\u00e4\u00e4 ja ovat saattaneet p\u00e4ivitty\u00e4 mm. Ulsike-projektista saatujen kokemusten perusteella. koe-er\u00e4n tunnus: K09-95-267 (=K04-94-850) alkuper\u00e4: Kiina, Jilin Provinssi, Mt. Changbai, 42 20&#8217;N x 129 10&#8217;E, 830-865 m m.p.y. Lajista on kuvaus vuoden 1993 koelajeissa. Helsingin yliopiston siemenker\u00e4\u00e4j\u00e4t ostivat n\u00e4m\u00e4 [&hellip;]<\/p>\n","protected":false},"author":1,"featured_media":0,"parent":0,"menu_order":0,"comment_status":"closed","ping_status":"closed","template":"","meta":{"iawp_total_views":13,"footnotes":""},"class_list":["post-17876","page","type-page","status-publish","hentry"],"_links":{"self":[{"href":"https:\/\/mustila.fi\/sv\/wp-json\/wp\/v2\/pages\/17876","targetHints":{"allow":["GET"]}}],"collection":[{"href":"https:\/\/mustila.fi\/sv\/wp-json\/wp\/v2\/pages"}],"about":[{"href":"https:\/\/mustila.fi\/sv\/wp-json\/wp\/v2\/types\/page"}],"author":[{"embeddable":true,"href":"https:\/\/mustila.fi\/sv\/wp-json\/wp\/v2\/users\/1"}],"replies":[{"embeddable":true,"href":"https:\/\/mustila.fi\/sv\/wp-json\/wp\/v2\/comments?post=17876"}],"version-history":[{"count":0,"href":"https:\/\/mustila.fi\/sv\/wp-json\/wp\/v2\/pages\/17876\/revisions"}],"wp:attachment":[{"href":"https:\/\/mustila.fi\/sv\/wp-json\/wp\/v2\/media?parent=17876"}],"curies":[{"name":"wp","href":"https:\/\/api.w.org\/{rel}","templated":true}]}}