{"id":17883,"date":"2023-09-27T08:03:17","date_gmt":"2023-09-27T08:03:17","guid":{"rendered":"https:\/\/mustila.fi\/?page_id=17883"},"modified":"2023-09-27T08:03:19","modified_gmt":"2023-09-27T08:03:19","slug":"ulsike-1996-99-fraxinus-chinensis-var-rhynchophylla","status":"publish","type":"page","link":"https:\/\/mustila.fi\/sv\/ulsike-1996-99-fraxinus-chinensis-var-rhynchophylla\/","title":{"rendered":"Ulsike 1996: 99. Fraxinus chinensis var. rhynchophylla"},"content":{"rendered":"\n<p><em><small>Ulkomaisten kasvilajien menestymistutkimuksessa eli Ulsike-projektissa laadittiin vuosien 1992-1997 koelajeista kuvaukset. T\u00e4m\u00e4n sivun tiedot koskevat siten tietty\u00e4 koesiemener\u00e4\u00e4 ja ovat saattaneet p\u00e4ivitty\u00e4 mm. Ulsike-projektista saatujen kokemusten perusteella.<\/small><\/em><\/p>\n\n\n\n<p>koe-er\u00e4n tunnus: K04-94-1078<\/p>\n\n\n\n<p>alkuper\u00e4: Kiina, Liaoning Prov. 40\u00b020&#8217;N x 125\u00b010&#8217;E, 520-680 m. m.p.y.<\/p>\n\n\n\n<p>Koillisaasialainen, l\u00e4nness\u00e4 v\u00e4h\u00e4n viljelty saarnilaji. Laji kasvaa yli 20 metri\u00e4 pitk\u00e4ksi, ja sill\u00e4 on yleens\u00e4 5-lehdykk\u00e4iset lehdet.<\/p>\n\n\n\n<p>Saarnen siementen it\u00e4minen vaihtelee paljon. Suosittelemme siementen kylv\u00f6\u00e4 heti, jolloin osa siemenist\u00e4 saattaa it\u00e4\u00e4 varsin pian. Oletettavaa on ett\u00e4 suurin osa it\u00e4misest\u00e4 tapahtuu esik\u00e4sittelem\u00e4tt\u00f6mill\u00e4 siemenill\u00e4 vasta seuraavana kev\u00e4\u00e4n\u00e4. Siemeni\u00e4 kannattaa liottaa vedess\u00e4 pari p\u00e4iv\u00e4\u00e4 ennen niiden kylv\u00e4mist\u00e4.<br>&nbsp;<\/p>\n\n\n\n<h2 class=\"wp-block-heading\">Kasvin perustiedot<\/h2>\n\n\n\n<p>SukuFraxinusLajiChinensis var. rhynchophylla<\/p>\n\n\n\n<h2 class=\"wp-block-heading\">Keywords<\/h2>\n\n\n\n<ul class=\"wp-block-list\">\n<li>Ulsike<\/li>\n\n\n\n<li>1996<\/li>\n\n\n\n<li>Lehtipuut ja -pensaat<\/li>\n\n\n\n<li>Fraxinus<\/li>\n\n\n\n<li>Fraxinus chinensis var. rhynchophylla<\/li>\n<\/ul>\n","protected":false},"excerpt":{"rendered":"<p>Ulkomaisten kasvilajien menestymistutkimuksessa eli Ulsike-projektissa laadittiin vuosien 1992-1997 koelajeista kuvaukset. T\u00e4m\u00e4n sivun tiedot koskevat siten tietty\u00e4 koesiemener\u00e4\u00e4 ja ovat saattaneet p\u00e4ivitty\u00e4 mm. Ulsike-projektista saatujen kokemusten perusteella. koe-er\u00e4n tunnus: K04-94-1078 alkuper\u00e4: Kiina, Liaoning Prov. 40\u00b020&#8217;N x 125\u00b010&#8217;E, 520-680 m. m.p.y. Koillisaasialainen, l\u00e4nness\u00e4 v\u00e4h\u00e4n viljelty saarnilaji. Laji kasvaa yli 20 metri\u00e4 pitk\u00e4ksi, ja sill\u00e4 on yleens\u00e4 5-lehdykk\u00e4iset [&hellip;]<\/p>\n","protected":false},"author":1,"featured_media":0,"parent":0,"menu_order":0,"comment_status":"closed","ping_status":"closed","template":"","meta":{"iawp_total_views":10,"footnotes":""},"class_list":["post-17883","page","type-page","status-publish","hentry"],"_links":{"self":[{"href":"https:\/\/mustila.fi\/sv\/wp-json\/wp\/v2\/pages\/17883","targetHints":{"allow":["GET"]}}],"collection":[{"href":"https:\/\/mustila.fi\/sv\/wp-json\/wp\/v2\/pages"}],"about":[{"href":"https:\/\/mustila.fi\/sv\/wp-json\/wp\/v2\/types\/page"}],"author":[{"embeddable":true,"href":"https:\/\/mustila.fi\/sv\/wp-json\/wp\/v2\/users\/1"}],"replies":[{"embeddable":true,"href":"https:\/\/mustila.fi\/sv\/wp-json\/wp\/v2\/comments?post=17883"}],"version-history":[{"count":0,"href":"https:\/\/mustila.fi\/sv\/wp-json\/wp\/v2\/pages\/17883\/revisions"}],"wp:attachment":[{"href":"https:\/\/mustila.fi\/sv\/wp-json\/wp\/v2\/media?parent=17883"}],"curies":[{"name":"wp","href":"https:\/\/api.w.org\/{rel}","templated":true}]}}