{"id":17896,"date":"2023-09-27T08:10:53","date_gmt":"2023-09-27T08:10:53","guid":{"rendered":"https:\/\/mustila.fi\/?page_id=17896"},"modified":"2023-09-27T08:10:55","modified_gmt":"2023-09-27T08:10:55","slug":"ulsike-1997-104-hamamelis-virginiana-amerikantaikapahkina","status":"publish","type":"page","link":"https:\/\/mustila.fi\/sv\/ulsike-1997-104-hamamelis-virginiana-amerikantaikapahkina\/","title":{"rendered":"Ulsike 1997: 104. Hamamelis virginiana &#8211; amerikantaikap\u00e4hkin\u00e4"},"content":{"rendered":"\n<p><em><small>Ulkomaisten kasvilajien menestymistutkimuksessa eli Ulsike-projektissa laadittiin vuosien 1992-1997 koelajeista kuvaukset. T\u00e4m\u00e4n sivun tiedot koskevat siten tietty\u00e4 koesiemener\u00e4\u00e4 ja ovat saattaneet p\u00e4ivitty\u00e4 mm. Ulsike-projektista saatujen kokemusten perusteella.<\/small><\/em><\/p>\n\n\n\n<p>koe-er\u00e4n tunnus: K09-96-301<\/p>\n\n\n\n<p>lis\u00e4ysl\u00e4hde: Parc d&#8217;Oka, Quebec, Kanada, 45\u00b045&#8217;N, 74\u00b010&#8217;W<br><br>Taikap\u00e4hkin\u00e4t ovat pensaita, joita esiintyy luontaisesti vain Kiinassa ja Pohjois-Amerikassa. Lajeista kest\u00e4vimp\u00e4n\u00e4 pidet\u00e4\u00e4n amerikantaikap\u00e4hkin\u00e4\u00e4, joka on kotoisin Pohjois-Amerikan it\u00e4osista. Se kasvaa aina Meksikonlahdelta etel\u00e4iseen Quebeciin saakka harvalukuisena yleens\u00e4 lehtipuumetsiss\u00e4 ja niiden laiteilla.<br><br>Amerikantaikap\u00e4hkin\u00e4 kasvaa luontaisilla alueillaan noin 2 metrin korkuiseksi. Pensaan erikoinen ominaisuus on se, ett\u00e4 se kukkii my\u00f6h\u00e4\u00e4n syksyll\u00e4, syys-lokakuussa keltaisin kukin. Hedelm\u00e4 on kaksiosastoinen p\u00e4hkyl\u00e4, joka kuivuessaan aukeaa er\u00e4\u00e4nlaiseksi &#8217;kidaksi&#8221;&nbsp; lenn\u00e4tt\u00e4en siemenet jopa 10 metrin p\u00e4\u00e4h\u00e4n. Amerikantaikap\u00e4hkin\u00e4 saa kauniin vaaleankeltaisen syysv\u00e4rin. Nimens\u00e4 t\u00e4m\u00e4 laji on saanut siit\u00e4, ett\u00e4 Pohjois-Amerikassa sen varpua pidet\u00e4\u00e4n perinteisen\u00e4 kaivonkatsomisvarpuna.<br><br>Laji viihtyy kosteilla ja runsasravinteisilla kasvupaikoilla ja menestyy hyvin varjostavan mets\u00e4n alla. Se tulisikin istuttaa sellaiseen kasvupaikkaan, joka olisi mahdollisimman suojainen syyshalloja vastaan. Amerikantaikap\u00e4hkin\u00e4\u00e4 on meill\u00e4 viljelty hyvin v\u00e4h\u00e4n, l\u00e4hinn\u00e4 vain kokoelmissa. Saatujen kokemusten perusteella sit\u00e4 on pidetty kest\u00e4v\u00e4n\u00e4 vain l-ll &#8211; vy\u00f6hykkeill\u00e4. Nyt kokeiltava siemener\u00e4 on ker\u00e4tty emokasveista, jotka ovat menestyneet ankarissa talviolosuhteissa lajin luontaisen esiintymisalueen pohjoisosassa, joten ne todenn\u00e4k\u00f6isesti edustavat talvenkestoltaan eritt\u00e4in hyv\u00e4\u00e4 kantaa.<br><br>Amerikantaikap\u00e4hkin\u00e4n siemen on lepotilassa, joka purkautuu vasta l\u00e4mmin- ja kylm\u00e4k\u00e4sittelyn j\u00e4lkeen. Kev\u00e4\u00e4ll\u00e4 tai alkukes\u00e4st\u00e4 kylvetty siemen it\u00e4\u00e4 kylv\u00f6\u00e4 seuraavana kev\u00e4\u00e4n\u00e4 saatuaan luonnossa mainitut k\u00e4sittelyt. Taimia tulisi kasvattaa tuulilta ja paahteelta suojatussa paikassa ja lopullisen istutuspaikan tulisi olla suojaisa.<\/p>\n\n\n\n<h2 class=\"wp-block-heading\">Kasvin perustiedot<\/h2>\n\n\n\n<p>SukuHamamelisLajiVirginiana<\/p>\n\n\n\n<h2 class=\"wp-block-heading\">Keywords<\/h2>\n\n\n\n<ul class=\"wp-block-list\">\n<li>Ulsike<\/li>\n\n\n\n<li>1997<\/li>\n\n\n\n<li>Hamamelis<\/li>\n\n\n\n<li>Hamamelis virginiana<\/li>\n<\/ul>\n","protected":false},"excerpt":{"rendered":"<p>Ulkomaisten kasvilajien menestymistutkimuksessa eli Ulsike-projektissa laadittiin vuosien 1992-1997 koelajeista kuvaukset. T\u00e4m\u00e4n sivun tiedot koskevat siten tietty\u00e4 koesiemener\u00e4\u00e4 ja ovat saattaneet p\u00e4ivitty\u00e4 mm. Ulsike-projektista saatujen kokemusten perusteella. koe-er\u00e4n tunnus: K09-96-301 lis\u00e4ysl\u00e4hde: Parc d&#8217;Oka, Quebec, Kanada, 45\u00b045&#8217;N, 74\u00b010&#8217;W Taikap\u00e4hkin\u00e4t ovat pensaita, joita esiintyy luontaisesti vain Kiinassa ja Pohjois-Amerikassa. Lajeista kest\u00e4vimp\u00e4n\u00e4 pidet\u00e4\u00e4n amerikantaikap\u00e4hkin\u00e4\u00e4, joka on kotoisin Pohjois-Amerikan it\u00e4osista. [&hellip;]<\/p>\n","protected":false},"author":1,"featured_media":0,"parent":0,"menu_order":0,"comment_status":"closed","ping_status":"closed","template":"","meta":{"iawp_total_views":10,"footnotes":""},"class_list":["post-17896","page","type-page","status-publish","hentry"],"_links":{"self":[{"href":"https:\/\/mustila.fi\/sv\/wp-json\/wp\/v2\/pages\/17896","targetHints":{"allow":["GET"]}}],"collection":[{"href":"https:\/\/mustila.fi\/sv\/wp-json\/wp\/v2\/pages"}],"about":[{"href":"https:\/\/mustila.fi\/sv\/wp-json\/wp\/v2\/types\/page"}],"author":[{"embeddable":true,"href":"https:\/\/mustila.fi\/sv\/wp-json\/wp\/v2\/users\/1"}],"replies":[{"embeddable":true,"href":"https:\/\/mustila.fi\/sv\/wp-json\/wp\/v2\/comments?post=17896"}],"version-history":[{"count":0,"href":"https:\/\/mustila.fi\/sv\/wp-json\/wp\/v2\/pages\/17896\/revisions"}],"wp:attachment":[{"href":"https:\/\/mustila.fi\/sv\/wp-json\/wp\/v2\/media?parent=17896"}],"curies":[{"name":"wp","href":"https:\/\/api.w.org\/{rel}","templated":true}]}}