{"id":17902,"date":"2023-09-27T08:16:22","date_gmt":"2023-09-27T08:16:22","guid":{"rendered":"https:\/\/mustila.fi\/?page_id=17902"},"modified":"2023-09-27T08:16:25","modified_gmt":"2023-09-27T08:16:25","slug":"ulsike-1997-107-fraxinus-nigra-mustasaarni","status":"publish","type":"page","link":"https:\/\/mustila.fi\/sv\/ulsike-1997-107-fraxinus-nigra-mustasaarni\/","title":{"rendered":"Ulsike 1997: 107. Fraxinus nigra &#8211; mustasaarni"},"content":{"rendered":"\n<p><em><small>Ulkomaisten kasvilajien menestymistutkimuksessa eli Ulsike-projektissa laadittiin vuosien 1992-1997 koelajeista kuvaukset. T\u00e4m\u00e4n sivun tiedot koskevat siten tietty\u00e4 koesiemener\u00e4\u00e4 ja ovat saattaneet p\u00e4ivitty\u00e4 mm. Ulsike-projektista saatujen kokemusten perusteella.<\/small><\/em><\/p>\n\n\n\n<p>koe-er\u00e4n tunnus: K09-96-231<\/p>\n\n\n\n<p>alkuper\u00e4: Ville-Marie, Qu\u00e9bec, Kanada 47\u00b030\u2019N, 78\u00b040\u2019W<\/p>\n\n\n\n<p>Mustasaarni on levitt\u00e4ytynyt Amerikan mantereen koillisosiin ja se on levinneisyysalueeltaan mantereen pohjoisin saarnilaji. Lajia tavataan Manitobassa, Ontariossa ja Qu\u00e9beciss\u00e4, olosuhteissa, jotka vastaavat ilmastollisesti hyvin Etel\u00e4-Suomea.<\/p>\n\n\n\n<p>Mustasaami kasvaa keskikokoiseksi, 15-20 metrin mittaiseksi puuksi. Mustasaami on kosteiden, jopa m\u00e4rkien kasvupaikkojen puulaji. Luontaisesti se kasvaa tulvakorvissa sek\u00e4 niukkaravinteisilla ja kylmill\u00e4 turvemailla, ja siet\u00e4\u00e4 hyvin jopa seisovaa vett\u00e4 juurillaan. Kasvualueesta riippuen se kasvaa yhdess\u00e4 mm. kanadantuijan (<em>Thuja occidentalis<\/em>), punavaahteran (<em>Acer rubrum<\/em>), palsamikuusen (<em>Abies balsamea<\/em>) sek\u00e4 kanadanhemlokin kanssa. Puu on yleens\u00e4 melkoisen suorarunkoinen toisin kuin haaroittuvamman kasvutavan omaava punasaarni (<em>Fraxinus pennsylvanica<\/em>).<\/p>\n\n\n\n<p>Meill\u00e4 k\u00e4sitt\u00e4m\u00e4tt\u00f6m\u00e4n harvinainen mustasaarni saattaa olla kest\u00e4v\u00e4 hyvinkin pohjoisessa. Lajia on viljelty l\u00e4hes yksinomaan tutkimusasemilla tai kasvitieteellisiss\u00e4 kokoelmissa. Se ei ole yleistynyt esimerkiksi toisen pohjoisamerikkalaisen saarnilajin, punasaarnen tavoin. Mustasaarnella olisi kuitenkin k\u00e4ytt\u00f6arvoa viherrakentamisessa nimenomaan kosteilla kasvupaikoilla. Monista kotoper\u00e4isist\u00e4 kosteiden kasvupaikkojen lajeistamme poiketen sill\u00e4 on my\u00f6s keltainen syysv\u00e4ri. Lehdet tosin varisevat oman saarnemme tapaan jo ensimm\u00e4isten lehtien joukossa.<\/p>\n\n\n\n<p>Saarnilajien siemen vaatii yleens\u00e4 kylm\u00e4k\u00e4sittelyn it\u00e4\u00e4kseen. Siemenerien lepotilan syvyys kuitenkin vaihtelee, ja paras tulos saavutetaan kylv\u00e4m\u00e4ll\u00e4 siemen v\u00e4litt\u00f6m\u00e4sti ulos, jolloin se l\u00e4mmin- ja kylm\u00e4k\u00e4sittelyn saatuaan it\u00e4\u00e4 viimeist\u00e4\u00e4n kylv\u00f6\u00e4 seuraavana kev\u00e4\u00e4n\u00e4.<br>&nbsp;<\/p>\n\n\n\n<h2 class=\"wp-block-heading\">Kasvin perustiedot<\/h2>\n\n\n\n<p>SukuFraxinusLajiNigra<\/p>\n\n\n\n<h2 class=\"wp-block-heading\">Keywords<\/h2>\n\n\n\n<ul class=\"wp-block-list\">\n<li>Ulsike<\/li>\n\n\n\n<li>1997<\/li>\n\n\n\n<li>Fraxinus<\/li>\n\n\n\n<li>Fraxinus nigra<\/li>\n<\/ul>\n","protected":false},"excerpt":{"rendered":"<p>Ulkomaisten kasvilajien menestymistutkimuksessa eli Ulsike-projektissa laadittiin vuosien 1992-1997 koelajeista kuvaukset. T\u00e4m\u00e4n sivun tiedot koskevat siten tietty\u00e4 koesiemener\u00e4\u00e4 ja ovat saattaneet p\u00e4ivitty\u00e4 mm. Ulsike-projektista saatujen kokemusten perusteella. koe-er\u00e4n tunnus: K09-96-231 alkuper\u00e4: Ville-Marie, Qu\u00e9bec, Kanada 47\u00b030\u2019N, 78\u00b040\u2019W Mustasaarni on levitt\u00e4ytynyt Amerikan mantereen koillisosiin ja se on levinneisyysalueeltaan mantereen pohjoisin saarnilaji. Lajia tavataan Manitobassa, Ontariossa ja Qu\u00e9beciss\u00e4, olosuhteissa, [&hellip;]<\/p>\n","protected":false},"author":1,"featured_media":0,"parent":0,"menu_order":0,"comment_status":"closed","ping_status":"closed","template":"","meta":{"iawp_total_views":20,"footnotes":""},"class_list":["post-17902","page","type-page","status-publish","hentry"],"_links":{"self":[{"href":"https:\/\/mustila.fi\/sv\/wp-json\/wp\/v2\/pages\/17902","targetHints":{"allow":["GET"]}}],"collection":[{"href":"https:\/\/mustila.fi\/sv\/wp-json\/wp\/v2\/pages"}],"about":[{"href":"https:\/\/mustila.fi\/sv\/wp-json\/wp\/v2\/types\/page"}],"author":[{"embeddable":true,"href":"https:\/\/mustila.fi\/sv\/wp-json\/wp\/v2\/users\/1"}],"replies":[{"embeddable":true,"href":"https:\/\/mustila.fi\/sv\/wp-json\/wp\/v2\/comments?post=17902"}],"version-history":[{"count":0,"href":"https:\/\/mustila.fi\/sv\/wp-json\/wp\/v2\/pages\/17902\/revisions"}],"wp:attachment":[{"href":"https:\/\/mustila.fi\/sv\/wp-json\/wp\/v2\/media?parent=17902"}],"curies":[{"name":"wp","href":"https:\/\/api.w.org\/{rel}","templated":true}]}}