{"id":18238,"date":"2024-02-22T10:37:38","date_gmt":"2024-02-22T10:37:38","guid":{"rendered":"https:\/\/mustila.fi\/?page_id=18238"},"modified":"2026-03-01T17:16:06","modified_gmt":"2026-03-01T15:16:06","slug":"haat-ja-juhlat-mustilassa","status":"publish","type":"page","link":"https:\/\/mustila.fi\/sv\/haat-ja-juhlat-mustilassa\/","title":{"rendered":"H\u00e4\u00e4t ja juhlat Mustilassa"},"content":{"rendered":"\t\t<div data-elementor-type=\"wp-page\" data-elementor-id=\"18238\" class=\"elementor elementor-18238\" data-elementor-post-type=\"page\">\n\t\t\t\t<div class=\"elementor-element elementor-element-57739d04 e-flex e-con-boxed e-con e-parent\" data-id=\"57739d04\" data-element_type=\"container\" data-e-type=\"container\" data-settings=\"{&quot;jet_parallax_layout_list&quot;:[]}\">\n\t\t\t\t\t<div class=\"e-con-inner\">\n\t\t\t\t<div class=\"elementor-element elementor-element-4ff2b95f elementor-widget elementor-widget-text-editor\" data-id=\"4ff2b95f\" data-element_type=\"widget\" data-e-type=\"widget\" data-widget_type=\"text-editor.default\">\n\t\t\t\t<div class=\"elementor-widget-container\">\n\t\t\t\t\t\t\t\t\t<p><\/p>\n<p>Arboretum Mustilassa on jo monipuolisesti erityyppisiin juhlaviin tai vapaamuotoisiin tilaisuuksiin soveltuvia paikkoja. Ulkotiloista mainittakoon 1991 rakennettu Juhlapaikka, Ketunm\u00e4en raunion piknik-paikka, 2013 valmistunut Mets\u00e4kirkko ja 2022 valmistunut Hemlokkimets\u00e4n konserttisali , joista viime mainittu on katettu isolla telttakankaalla sateen varalta.<\/p>\n<p><\/p>\n<p>Arboretumilla ei ole ymp\u00e4rivuotisesti l\u00e4mpimi\u00e4 sis\u00e4tiloja yleis\u00f6k\u00e4ytt\u00f6\u00f6n, mutta Puistokahvilan tunnelmallinen yl\u00e4kerta, jonne mahtuu noin 30 henke\u00e4, pidet\u00e4\u00e4n l\u00e4mpim\u00e4n\u00e4 toukokuun alusta syyskuun loppuun. Tallinvintin museotilat ovat k\u00e4ytett\u00e4viss\u00e4 kes\u00e4aikaan, ja niihin mahtuu maksimissaan noin 80 henke\u00e4.<\/p>\n<p><\/p>\n<p>Tapauskohtaisesti sovittavaa kohtuullista korvausta vastaan kaikki n\u00e4m\u00e4 tilat ovat varattavissa yksityistilaisuuksiin. Tilavaraukset <strong><u><a href=\"\/ota_yhteytta\/\">arboretumin toimistosta<\/a><\/u><\/strong>. Ruoka- kahvi- tai pikniktarjoilun voi tilata erikseen sopimalla arboretumin <strong><u><a href=\"\/puistokahvila\/\">Puistokahvilan<\/a><\/u><\/strong> tai <strong><u>Mustila Viinin<\/u><\/strong> kanssa.<\/p>\n<p><\/p>\n<p>Arboretumissa on kaksi nuotiopaikkaa, joita saa k\u00e4ytt\u00e4\u00e4 ennakkoon asiasta sopimalla, ilman erillist\u00e4 maksua omilla polttopuilla, tai pient\u00e4 korvausta vastaan arboretumin toimittamilla polttopuilla.<\/p>\n<p><\/p>\n<p><\/p>\t\t\t\t\t\t\t\t<\/div>\n\t\t\t\t<\/div>\n\t\t\t\t\t<\/div>\n\t\t\t\t<\/div>\n\t\t<div class=\"elementor-element elementor-element-ca47aab e-flex e-con-boxed e-con e-parent\" data-id=\"ca47aab\" data-element_type=\"container\" data-e-type=\"container\" data-settings=\"{&quot;jet_parallax_layout_list&quot;:[]}\">\n\t\t\t\t\t<div class=\"e-con-inner\">\n\t\t\t\t<div class=\"elementor-element elementor-element-897c98f elementor-widget elementor-widget-image\" data-id=\"897c98f\" data-element_type=\"widget\" data-e-type=\"widget\" data-widget_type=\"image.default\">\n\t\t\t\t<div class=\"elementor-widget-container\">\n\t\t\t\t\t\t\t\t\t\t\t\t<figure class=\"wp-caption\">\n\t\t\t\t\t\t\t\t\t\t<img fetchpriority=\"high\" decoding=\"async\" width=\"800\" height=\"600\" src=\"https:\/\/mustila.fi\/wp-content\/uploads\/2026\/03\/Raakku-hemlokkimetsassa-1024x768.jpg\" class=\"attachment-large size-large wp-image-25268\" alt=\"\" srcset=\"https:\/\/mustila.fi\/wp-content\/uploads\/2026\/03\/Raakku-hemlokkimetsassa-1024x768.jpg 1024w, https:\/\/mustila.fi\/wp-content\/uploads\/2026\/03\/Raakku-hemlokkimetsassa-300x225.jpg 300w, https:\/\/mustila.fi\/wp-content\/uploads\/2026\/03\/Raakku-hemlokkimetsassa-768x576.jpg 768w, https:\/\/mustila.fi\/wp-content\/uploads\/2026\/03\/Raakku-hemlokkimetsassa-1536x1152.jpg 1536w, https:\/\/mustila.fi\/wp-content\/uploads\/2026\/03\/Raakku-hemlokkimetsassa-scaled.jpg 2048w\" sizes=\"(max-width: 800px) 100vw, 800px\" \/>\t\t\t\t\t\t\t\t\t\t\t<figcaption class=\"widget-image-caption wp-caption-text\">Kyl\u00e4orkesteri Raakku Hemlokkimets\u00e4ss\u00e4<\/figcaption>\n\t\t\t\t\t\t\t\t\t\t<\/figure>\n\t\t\t\t\t\t\t\t\t<\/div>\n\t\t\t\t<\/div>\n\t\t\t\t\t<\/div>\n\t\t\t\t<\/div>\n\t\t\t\t<\/div>\n\t\t","protected":false},"excerpt":{"rendered":"<p>Arboretum Mustilassa on jo monipuolisesti erityyppisiin juhlaviin tai vapaamuotoisiin tilaisuuksiin soveltuvia paikkoja. Ulkotiloista mainittakoon 1991 rakennettu Juhlapaikka, Ketunm\u00e4en raunion piknik-paikka, 2013 valmistunut Mets\u00e4kirkko ja 2022 valmistunut Hemlokkimets\u00e4n konserttisali , joista viime mainittu on katettu isolla telttakankaalla sateen varalta. Arboretumilla ei ole ymp\u00e4rivuotisesti l\u00e4mpimi\u00e4 sis\u00e4tiloja yleis\u00f6k\u00e4ytt\u00f6\u00f6n, mutta Puistokahvilan tunnelmallinen yl\u00e4kerta, jonne mahtuu noin 30 henke\u00e4, pidet\u00e4\u00e4n [&hellip;]<\/p>\n","protected":false},"author":2,"featured_media":0,"parent":0,"menu_order":0,"comment_status":"closed","ping_status":"closed","template":"","meta":{"iawp_total_views":286,"footnotes":""},"class_list":["post-18238","page","type-page","status-publish","hentry"],"_links":{"self":[{"href":"https:\/\/mustila.fi\/sv\/wp-json\/wp\/v2\/pages\/18238","targetHints":{"allow":["GET"]}}],"collection":[{"href":"https:\/\/mustila.fi\/sv\/wp-json\/wp\/v2\/pages"}],"about":[{"href":"https:\/\/mustila.fi\/sv\/wp-json\/wp\/v2\/types\/page"}],"author":[{"embeddable":true,"href":"https:\/\/mustila.fi\/sv\/wp-json\/wp\/v2\/users\/2"}],"replies":[{"embeddable":true,"href":"https:\/\/mustila.fi\/sv\/wp-json\/wp\/v2\/comments?post=18238"}],"version-history":[{"count":0,"href":"https:\/\/mustila.fi\/sv\/wp-json\/wp\/v2\/pages\/18238\/revisions"}],"wp:attachment":[{"href":"https:\/\/mustila.fi\/sv\/wp-json\/wp\/v2\/media?parent=18238"}],"curies":[{"name":"wp","href":"https:\/\/api.w.org\/{rel}","templated":true}]}}