{"id":18275,"date":"2024-02-22T13:02:59","date_gmt":"2024-02-22T13:02:59","guid":{"rendered":"https:\/\/mustila.fi\/?page_id=18275"},"modified":"2024-02-22T13:03:01","modified_gmt":"2024-02-22T13:03:01","slug":"ulsike-1995-72-pinus-ponderosa-ponderosamanty-keltamanty","status":"publish","type":"page","link":"https:\/\/mustila.fi\/sv\/ulsike-1995-72-pinus-ponderosa-ponderosamanty-keltamanty\/","title":{"rendered":"Ulsike 1995: 72. Pinus ponderosa &#8211; ponderosam\u00e4nty, keltam\u00e4nty"},"content":{"rendered":"\n<figure class=\"wp-block-image size-full\"><img fetchpriority=\"high\" decoding=\"async\" width=\"280\" height=\"463\" src=\"https:\/\/mustila.fi\/wp-content\/uploads\/2024\/02\/Ulsike-1995-Pinus-pondeosa-kuva.jpg\" alt=\"\" class=\"wp-image-18276\" srcset=\"https:\/\/mustila.fi\/wp-content\/uploads\/2024\/02\/Ulsike-1995-Pinus-pondeosa-kuva.jpg 280w, https:\/\/mustila.fi\/wp-content\/uploads\/2024\/02\/Ulsike-1995-Pinus-pondeosa-kuva-181x300.jpg 181w\" sizes=\"(max-width: 280px) 100vw, 280px\" \/><\/figure>\n\n\n\n<p><strong>Ulsike &#8211; lajit 1995<\/strong><\/p>\n\n\n\n<p><strong>72. Pinus ponderosa &#8211; ponderosam\u00e4nty, keltam\u00e4nty<\/strong><\/p>\n\n\n\n<p>alkuper\u00e4: Black Hills, Etel\u00e4-Dakota, USA<\/p>\n\n\n\n<p>Vuonna 1992 toimitettiin harrastajarenkaan j\u00e4senille Britti\u00e4isen Kolumbian etel\u00e4osista Clintonista ker\u00e4tty alkuper\u00e4 ponderosam\u00e4nty\u00e4. Hyvin mielenkiintoinen pitk\u00e4neulainen laji on menestynyt monilla oikein hyvin varsinkin l\u00e4mpimill\u00e4 hiekkarinteill\u00e4, jotka l\u00e4p\u00e4isev\u00e4t hyvin kosteutta<\/p>\n\n\n\n<p>Levinneisyysalueen pohjoisreunaa edustavan Clintonin lis\u00e4ksi halusimme kokeilla my\u00f6s lajin mantereisinta \u00e4\u00e4rireunaa, jota t\u00e4m\u00e4 koe-er\u00e4 edustaa. Olemme hankkineet alkuper\u00e4kokeiluja t\u00e4ydent\u00e4m\u00e4\u00e4n my\u00f6s yhden etel\u00e4isen alkuper\u00e4n korkealta Coloradosta, jota tosin ei ole n\u00e4iss\u00e4 koesiemeniss\u00e4 mukana.<\/p>\n\n\n\n<p>Nyt k\u00e4sill\u00e4 oleva siemener\u00e4 edustaa maantieteellist\u00e4 alalajia Pinus ponderosa var. scopulorum. Se kasvaa etel\u00e4ss\u00e4 Meksikosta aina t\u00e4m\u00e4n er\u00e4n keruupaikalle Etel\u00e4-Dakotaan saakka. Mustien Vuorten alueella laji muodostaa laajoja puhtaita metsi\u00e4. Yleisimm\u00e4t sekapuulajit metsiss\u00e4 ovat valkokuusi (<em>Picea glauca<\/em>), haapa (<em>Populus tremuloides<\/em>) ja paperikoivu (<em>Betula paperifera<\/em>). Alueella sataa 410\u2013710 mm paikasta riippuen ja sateesta puolet tulee touko-elokuussa. Kuulostaa varsin hyv\u00e4lt\u00e4 Suomea ajatellen.<\/p>\n\n\n\n<p>P\u00e4\u00e4lajista (jota my\u00f6s aiempi Clintonin alkuper\u00e4 vastoin -92 papereihin lipsahtanutta tietoa edustaa) nyt kokeiltavana oleva mantereisempi rotu eroaa hieman lyhyempien neulasten ja pienemm\u00e4n k\u00e4vyn suhteen. My\u00f6s itse puu j\u00e4\u00e4 t\u00e4\u00e4ll\u00e4 kauempana sis\u00e4maassa hieman pienemm\u00e4ksi.<\/p>\n\n\n\n<p>Ponderosam\u00e4nty el\u00e4\u00e4 kotimaassaan jopa yli 500 v vanhaksi saavuttaen varsin yleisesti 30\u201340 m pituuden alueesta riippuen. Suurin mitattu puu lienee ollut 70 pitk\u00e4! Laji on hyvin arvostettu sek\u00e4 puutavaran l\u00e4hteen\u00e4, ett\u00e4 maisemapuuna. Kolmineulainen laji tekee hyvin pitk\u00e4t neulaset ja vanhemmiten punertavanruskean kilpikaarnan joka tekee siit\u00e4 hyvin kest\u00e4v\u00e4n mm. mets\u00e4paloja ajatellen.<\/p>\n\n\n\n<p>Vuoden 1992 ponderosam\u00e4nty iti hyvin ja yll\u00e4tt\u00e4v\u00e4n nopeasti. N\u00e4in my\u00f6s t\u00e4m\u00e4 er\u00e4 saattaa it\u00e4\u00e4 ilman esik\u00e4sittelyj\u00e4, ja sen voi heti kylv\u00e4\u00e4 parin p\u00e4iv\u00e4n vesiliotuksen j\u00e4lkeen.<\/p>\n","protected":false},"excerpt":{"rendered":"<p>Ulsike &#8211; lajit 1995 72. Pinus ponderosa &#8211; ponderosam\u00e4nty, keltam\u00e4nty alkuper\u00e4: Black Hills, Etel\u00e4-Dakota, USA Vuonna 1992 toimitettiin harrastajarenkaan j\u00e4senille Britti\u00e4isen Kolumbian etel\u00e4osista Clintonista ker\u00e4tty alkuper\u00e4 ponderosam\u00e4nty\u00e4. Hyvin mielenkiintoinen pitk\u00e4neulainen laji on menestynyt monilla oikein hyvin varsinkin l\u00e4mpimill\u00e4 hiekkarinteill\u00e4, jotka l\u00e4p\u00e4isev\u00e4t hyvin kosteutta Levinneisyysalueen pohjoisreunaa edustavan Clintonin lis\u00e4ksi halusimme kokeilla my\u00f6s lajin mantereisinta \u00e4\u00e4rireunaa, jota [&hellip;]<\/p>\n","protected":false},"author":2,"featured_media":0,"parent":0,"menu_order":0,"comment_status":"closed","ping_status":"closed","template":"","meta":{"iawp_total_views":18,"footnotes":""},"class_list":["post-18275","page","type-page","status-publish","hentry"],"_links":{"self":[{"href":"https:\/\/mustila.fi\/sv\/wp-json\/wp\/v2\/pages\/18275","targetHints":{"allow":["GET"]}}],"collection":[{"href":"https:\/\/mustila.fi\/sv\/wp-json\/wp\/v2\/pages"}],"about":[{"href":"https:\/\/mustila.fi\/sv\/wp-json\/wp\/v2\/types\/page"}],"author":[{"embeddable":true,"href":"https:\/\/mustila.fi\/sv\/wp-json\/wp\/v2\/users\/2"}],"replies":[{"embeddable":true,"href":"https:\/\/mustila.fi\/sv\/wp-json\/wp\/v2\/comments?post=18275"}],"version-history":[{"count":0,"href":"https:\/\/mustila.fi\/sv\/wp-json\/wp\/v2\/pages\/18275\/revisions"}],"wp:attachment":[{"href":"https:\/\/mustila.fi\/sv\/wp-json\/wp\/v2\/media?parent=18275"}],"curies":[{"name":"wp","href":"https:\/\/api.w.org\/{rel}","templated":true}]}}