{"id":18516,"date":"2023-05-14T09:32:00","date_gmt":"2023-05-14T06:32:00","guid":{"rendered":"https:\/\/mustila.fi\/etusivu\/"},"modified":"2026-04-11T22:49:41","modified_gmt":"2026-04-11T19:49:41","slug":"toimintaa-ja-tiedotteita-2","status":"publish","type":"page","link":"https:\/\/mustila.fi\/sv\/","title":{"rendered":"Etusivu"},"content":{"rendered":"\t\t<div data-elementor-type=\"wp-page\" data-elementor-id=\"18516\" class=\"elementor elementor-18516 elementor-25\" data-elementor-post-type=\"page\">\n\t\t\t\t<div class=\"elementor-element elementor-element-f02a33f e-flex e-con-boxed e-con e-parent\" data-id=\"f02a33f\" data-element_type=\"container\" data-e-type=\"container\" data-settings=\"{&quot;background_background&quot;:&quot;classic&quot;,&quot;jet_parallax_layout_list&quot;:[]}\">\n\t\t\t\t\t<div class=\"e-con-inner\">\n\t\t\t\t<div class=\"elementor-element elementor-element-6488799 elementor-widget elementor-widget-heading\" data-id=\"6488799\" data-element_type=\"widget\" data-e-type=\"widget\" data-widget_type=\"heading.default\">\n\t\t\t\t<div class=\"elementor-widget-container\">\n\t\t\t\t\t<h1 class=\"elementor-heading-title elementor-size-default\">\u2002ARBORETUM MUSTILA<\/h1>\t\t\t\t<\/div>\n\t\t\t\t<\/div>\n\t\t\t\t<div class=\"elementor-element elementor-element-2b56526 elementor-widget elementor-widget-text-editor\" data-id=\"2b56526\" data-element_type=\"widget\" data-e-type=\"widget\" data-widget_type=\"text-editor.default\">\n\t\t\t\t<div class=\"elementor-widget-container\">\n\t\t\t\t\t\t\t\t\t<p>Tulevaisuuden puiden etsint\u00e4\u00e4 vuodesta 1902<\/p>\t\t\t\t\t\t\t\t<\/div>\n\t\t\t\t<\/div>\n\t\t\t\t<div class=\"elementor-element elementor-element-8aae5a9 elementor-mobile-align-justify elementor-widget elementor-widget-button\" data-id=\"8aae5a9\" data-element_type=\"widget\" data-e-type=\"widget\" data-widget_type=\"button.default\">\n\t\t\t\t<div class=\"elementor-widget-container\">\n\t\t\t\t\t\t\t\t\t<div class=\"elementor-button-wrapper\">\n\t\t\t\t\t<a class=\"elementor-button elementor-button-link elementor-size-lg\" href=\"#ilmoitukset\">\n\t\t\t\t\t\t<span class=\"elementor-button-content-wrapper\">\n\t\t\t\t\t\t<span class=\"elementor-button-icon\">\n\t\t\t\t<i aria-hidden=\"true\" class=\"fas fa-long-arrow-alt-right\"><\/i>\t\t\t<\/span>\n\t\t\t\t\t\t\t\t\t<span class=\"elementor-button-text\">Ilmoitustaulu<\/span>\n\t\t\t\t\t<\/span>\n\t\t\t\t\t<\/a>\n\t\t\t\t<\/div>\n\t\t\t\t\t\t\t\t<\/div>\n\t\t\t\t<\/div>\n\t\t\t\t\t<\/div>\n\t\t\t\t<\/div>\n\t\t<div class=\"elementor-element elementor-element-46f8aae e-grid e-con-boxed e-con e-parent\" data-id=\"46f8aae\" data-element_type=\"container\" data-e-type=\"container\" id=\"ilmoitukset\" data-settings=\"{&quot;jet_parallax_layout_list&quot;:[]}\">\n\t\t\t\t\t<div class=\"e-con-inner\">\n\t\t<div class=\"elementor-element elementor-element-309a500 e-con-full e-flex e-con e-child\" data-id=\"309a500\" data-element_type=\"container\" data-e-type=\"container\" data-settings=\"{&quot;background_background&quot;:&quot;classic&quot;,&quot;jet_parallax_layout_list&quot;:[]}\">\n\t\t\t\t<div class=\"elementor-element elementor-element-5c2c5a5 elementor-widget elementor-widget-heading\" data-id=\"5c2c5a5\" data-element_type=\"widget\" data-e-type=\"widget\" data-widget_type=\"heading.default\">\n\t\t\t\t<div class=\"elementor-widget-container\">\n\t\t\t\t\t<h2 class=\"elementor-heading-title elementor-size-default\">Kev\u00e4t Mustilassa (tiedote 11.4.2027)<\/h2>\t\t\t\t<\/div>\n\t\t\t\t<\/div>\n\t\t\t\t<div class=\"elementor-element elementor-element-a2a3a19 elementor-widget elementor-widget-text-editor\" data-id=\"a2a3a19\" data-element_type=\"widget\" data-e-type=\"widget\" data-widget_type=\"text-editor.default\">\n\t\t\t\t<div class=\"elementor-widget-container\">\n\t\t\t\t\t\t\t\t\t<p>Varhainen kev\u00e4t on her\u00e4tt\u00e4nyt arboretumin kev\u00e4tkukkijat metsien pohjalla. Sinivuokot, lumikellot ja jouluruusut ovat jo n\u00e4ytt\u00e4v\u00e4sti kukassa. Polut ovat kuivuneet mukavaan k\u00e4velykuntoon.<\/p><p>Arboretumin henkil\u00f6kunta ty\u00f6st\u00e4\u00e4 syksyn taimi-inventaarioita. Kev\u00e4\u00e4n taimien saatavuuksiin p\u00e4\u00e4see tutustumaan aivan l\u00e4hip\u00e4ivin\u00e4 inventaarioitten valmistuttua.<\/p>\t\t\t\t\t\t\t\t<\/div>\n\t\t\t\t<\/div>\n\t\t\t\t<\/div>\n\t\t<div class=\"elementor-element elementor-element-ae77585 e-con-full e-flex e-con e-child\" data-id=\"ae77585\" data-element_type=\"container\" data-e-type=\"container\" data-settings=\"{&quot;background_background&quot;:&quot;classic&quot;,&quot;jet_parallax_layout_list&quot;:[]}\">\n\t\t\t\t<div class=\"elementor-element elementor-element-89a4269 elementor-widget elementor-widget-heading\" data-id=\"89a4269\" data-element_type=\"widget\" data-e-type=\"widget\" data-widget_type=\"heading.default\">\n\t\t\t\t<div class=\"elementor-widget-container\">\n\t\t\t\t\t<h2 class=\"elementor-heading-title elementor-size-default\">Puistokahvila talvitauolla<\/h2>\t\t\t\t<\/div>\n\t\t\t\t<\/div>\n\t\t\t\t<div class=\"elementor-element elementor-element-e2c5818 elementor-widget elementor-widget-text-editor\" data-id=\"e2c5818\" data-element_type=\"widget\" data-e-type=\"widget\" data-widget_type=\"text-editor.default\">\n\t\t\t\t<div class=\"elementor-widget-container\">\n\t\t\t\t\t\t\t\t\t<p>Puistokahvila avautuu j\u00e4lleen vappuna 2026. Kahvilan ollessa suljettuna p\u00e4\u00e4symaksut ja taimet maksetaan kahvilan ovessa olevaan luukkuun tai Mustilan Kotikunnas S\u00e4\u00e4ti\u00f6n tilille IBAN FI81 5016 0620 0153 89 (maksun viestiosaan tieto maksun aiheesta).<\/p>\t\t\t\t\t\t\t\t<\/div>\n\t\t\t\t<\/div>\n\t\t\t\t<\/div>\n\t\t<div class=\"elementor-element elementor-element-cba175e e-con-full e-flex e-con e-child\" data-id=\"cba175e\" data-element_type=\"container\" data-e-type=\"container\" data-settings=\"{&quot;background_background&quot;:&quot;classic&quot;,&quot;jet_parallax_layout_list&quot;:[]}\">\n\t\t\t\t<div class=\"elementor-element elementor-element-4aa5f20 elementor-widget elementor-widget-heading\" data-id=\"4aa5f20\" data-element_type=\"widget\" data-e-type=\"widget\" data-widget_type=\"heading.default\">\n\t\t\t\t<div class=\"elementor-widget-container\">\n\t\t\t\t\t<h2 class=\"elementor-heading-title elementor-size-default\">Uusia siemeni\u00e4 saatavilla (27.3.2026)<\/h2>\t\t\t\t<\/div>\n\t\t\t\t<\/div>\n\t\t\t\t<div class=\"elementor-element elementor-element-004a6f0 elementor-widget elementor-widget-text-editor\" data-id=\"004a6f0\" data-element_type=\"widget\" data-e-type=\"widget\" data-widget_type=\"text-editor.default\">\n\t\t\t\t<div class=\"elementor-widget-container\">\n\t\t\t\t\t\t\t\t\t<p>Arboretum on hankkinut tavallista enemm\u00e4n uusia siemeneri\u00e4 kansainv\u00e4listen kontaktiensa avulla. Kaikki uudet myyt\u00e4v\u00e4t siemener\u00e4t on nyt p\u00e4ivitetty hinnastoon. En\u00e4\u00e4 jokunen alkuper\u00e4tieto puuttuu.<\/p><p>Siemenet ovat v\u00e4litt\u00f6m\u00e4sti tilattaessa <strong><a href=\"https:\/\/mustila.fi\/wp-content\/uploads\/2026\/03\/siemenhinnasto-27-03-2026-1.pdf\">siemenhinnaston<\/a><\/strong> ohjeitten mukaan. Toimitusaika noin 2 viikkoa. Taimien toimitukset jatkuvat j\u00e4lleen kev\u00e4\u00e4ll\u00e4 roudan sulettua.\u00a0<\/p>\t\t\t\t\t\t\t\t<\/div>\n\t\t\t\t<\/div>\n\t\t\t\t<\/div>\n\t\t\t\t\t<\/div>\n\t\t\t\t<\/div>\n\t\t<div class=\"elementor-element elementor-element-13e9476 e-flex e-con-boxed e-con e-parent\" data-id=\"13e9476\" data-element_type=\"container\" data-e-type=\"container\" data-settings=\"{&quot;jet_parallax_layout_list&quot;:[]}\">\n\t\t\t\t\t<div class=\"e-con-inner\">\n\t\t\t\t<div class=\"elementor-element elementor-element-8838632 elementor-widget elementor-widget-heading\" data-id=\"8838632\" data-element_type=\"widget\" data-e-type=\"widget\" data-widget_type=\"heading.default\">\n\t\t\t\t<div class=\"elementor-widget-container\">\n\t\t\t\t\t<h3 class=\"elementor-heading-title elementor-size-default\">Instagram @arboretum_mustila<\/h3>\t\t\t\t<\/div>\n\t\t\t\t<\/div>\n\t\t\t\t<div class=\"elementor-element elementor-element-a88e678 elementor-shape-rounded elementor-grid-0 e-grid-align-center elementor-widget elementor-widget-social-icons\" data-id=\"a88e678\" data-element_type=\"widget\" data-e-type=\"widget\" data-widget_type=\"social-icons.default\">\n\t\t\t\t<div class=\"elementor-widget-container\">\n\t\t\t\t\t\t\t<div class=\"elementor-social-icons-wrapper elementor-grid\" role=\"list\">\n\t\t\t\t\t\t\t<span class=\"elementor-grid-item\" role=\"listitem\">\n\t\t\t\t\t<a class=\"elementor-icon elementor-social-icon elementor-social-icon-facebook elementor-repeater-item-df61614\" href=\"https:\/\/m.facebook.com\/profile.php?id=100064757433992\" target=\"_blank\" rel=\"noopener\">\n\t\t\t\t\t\t<span class=\"elementor-screen-only\">Facebook<\/span>\n\t\t\t\t\t\t<i aria-hidden=\"true\" class=\"fab fa-facebook\"><\/i>\t\t\t\t\t<\/a>\n\t\t\t\t<\/span>\n\t\t\t\t\t\t\t<span class=\"elementor-grid-item\" role=\"listitem\">\n\t\t\t\t\t<a class=\"elementor-icon elementor-social-icon elementor-social-icon-instagram elementor-repeater-item-c0ffb66\" href=\"https:\/\/www.instagram.com\/arboretum_mustila\/\" target=\"_blank\" rel=\"noopener\">\n\t\t\t\t\t\t<span class=\"elementor-screen-only\">Instagram<\/span>\n\t\t\t\t\t\t<i aria-hidden=\"true\" class=\"fab fa-instagram\"><\/i>\t\t\t\t\t<\/a>\n\t\t\t\t<\/span>\n\t\t\t\t\t\t\t<span class=\"elementor-grid-item\" role=\"listitem\">\n\t\t\t\t\t<a class=\"elementor-icon elementor-social-icon elementor-social-icon-youtube elementor-repeater-item-5abd7ae\" href=\"https:\/\/www.youtube.com\/@arboretummustila6815\" target=\"_blank\" rel=\"noopener\">\n\t\t\t\t\t\t<span class=\"elementor-screen-only\">Youtube<\/span>\n\t\t\t\t\t\t<i aria-hidden=\"true\" class=\"fab fa-youtube\"><\/i>\t\t\t\t\t<\/a>\n\t\t\t\t<\/span>\n\t\t\t\t\t<\/div>\n\t\t\t\t\t\t<\/div>\n\t\t\t\t<\/div>\n\t\t\t\t\t<\/div>\n\t\t\t\t<\/div>\n\t\t<div class=\"elementor-element elementor-element-f049fed e-flex e-con-boxed e-con e-parent\" data-id=\"f049fed\" data-element_type=\"container\" data-e-type=\"container\" data-settings=\"{&quot;jet_parallax_layout_list&quot;:[],&quot;background_background&quot;:&quot;classic&quot;}\">\n\t\t\t\t\t<div class=\"e-con-inner\">\n\t\t<div class=\"elementor-element elementor-element-9178acc e-flex e-con-boxed e-con e-child\" data-id=\"9178acc\" data-element_type=\"container\" data-e-type=\"container\" data-settings=\"{&quot;background_background&quot;:&quot;classic&quot;,&quot;jet_parallax_layout_list&quot;:[]}\">\n\t\t\t\t\t<div class=\"e-con-inner\">\n\t\t\t\t<div class=\"elementor-element elementor-element-e624550 elementor-widget elementor-widget-heading\" data-id=\"e624550\" data-element_type=\"widget\" data-e-type=\"widget\" data-widget_type=\"heading.default\">\n\t\t\t\t<div class=\"elementor-widget-container\">\n\t\t\t\t\t<h2 class=\"elementor-heading-title elementor-size-default\">Arboretum on avoinna vuoden jokaisena p\u00e4iv\u00e4n\u00e4<\/h2>\t\t\t\t<\/div>\n\t\t\t\t<\/div>\n\t\t\t\t<div class=\"elementor-element elementor-element-65949a2 elementor-widget elementor-widget-text-editor\" data-id=\"65949a2\" data-element_type=\"widget\" data-e-type=\"widget\" data-widget_type=\"text-editor.default\">\n\t\t\t\t<div class=\"elementor-widget-container\">\n\t\t\t\t\t\t\t\t\t<p>Puistokahvila on avoinna toukokuun alusta lokakuun puoliv\u00e4liin normaalien aukioloaikojensa puitteissa. Arboretum on avoinna my\u00f6s kahvilan sulkeuduttua niin kauan kuin valoa riitt\u00e4\u00e4. Kahvilan ollessa suljettuna p\u00e4\u00e4syliput ja taimiostokset voi maksaa k\u00e4teisell\u00e4 kahvilan ovessa olevaan luukkuun tai suoraan Mustilan Kotikunnas S\u00e4\u00e4ti\u00f6n tilille IBAN\u00a0 FI81 5016 0620 0153 89\u00a0 (maksun viestiosaan tieto maksun aiheesta).<\/p>\t\t\t\t\t\t\t\t<\/div>\n\t\t\t\t<\/div>\n\t\t\t\t<div class=\"elementor-element elementor-element-8a48fbd elementor-align-center elementor-mobile-align-justify elementor-widget elementor-widget-button\" data-id=\"8a48fbd\" data-element_type=\"widget\" data-e-type=\"widget\" data-widget_type=\"button.default\">\n\t\t\t\t<div class=\"elementor-widget-container\">\n\t\t\t\t\t\t\t\t\t<div class=\"elementor-button-wrapper\">\n\t\t\t\t\t<a class=\"elementor-button elementor-button-link elementor-size-lg\" href=\"\/aukioloajat-ja-paasymaksut\/\">\n\t\t\t\t\t\t<span class=\"elementor-button-content-wrapper\">\n\t\t\t\t\t\t<span class=\"elementor-button-icon\">\n\t\t\t\t<i aria-hidden=\"true\" class=\"fas fa-long-arrow-alt-right\"><\/i>\t\t\t<\/span>\n\t\t\t\t\t\t\t\t\t<span class=\"elementor-button-text\">Aukioloajat<\/span>\n\t\t\t\t\t<\/span>\n\t\t\t\t\t<\/a>\n\t\t\t\t<\/div>\n\t\t\t\t\t\t\t\t<\/div>\n\t\t\t\t<\/div>\n\t\t\t\t\t<\/div>\n\t\t\t\t<\/div>\n\t\t\t\t\t<\/div>\n\t\t\t\t<\/div>\n\t\t\t\t<\/div>\n\t\t","protected":false},"excerpt":{"rendered":"<p>\u2002ARBORETUM MUSTILA Tulevaisuuden puiden etsint\u00e4\u00e4 vuodesta 1902 Ilmoitustaulu Kev\u00e4t Mustilassa (tiedote 11.4.2027) Varhainen kev\u00e4t on her\u00e4tt\u00e4nyt arboretumin kev\u00e4tkukkijat metsien pohjalla. Sinivuokot, lumikellot ja jouluruusut ovat jo n\u00e4ytt\u00e4v\u00e4sti kukassa. Polut ovat kuivuneet mukavaan k\u00e4velykuntoon. Arboretumin henkil\u00f6kunta ty\u00f6st\u00e4\u00e4 syksyn taimi-inventaarioita. Kev\u00e4\u00e4n taimien saatavuuksiin p\u00e4\u00e4see tutustumaan aivan l\u00e4hip\u00e4ivin\u00e4 inventaarioitten valmistuttua. Puistokahvila talvitauolla Puistokahvila avautuu j\u00e4lleen vappuna 2026. Kahvilan [&hellip;]<\/p>\n","protected":false},"author":1,"featured_media":0,"parent":0,"menu_order":0,"comment_status":"closed","ping_status":"closed","template":"","meta":{"iawp_total_views":687,"footnotes":""},"class_list":["post-18516","page","type-page","status-publish","hentry"],"_links":{"self":[{"href":"https:\/\/mustila.fi\/sv\/wp-json\/wp\/v2\/pages\/18516","targetHints":{"allow":["GET"]}}],"collection":[{"href":"https:\/\/mustila.fi\/sv\/wp-json\/wp\/v2\/pages"}],"about":[{"href":"https:\/\/mustila.fi\/sv\/wp-json\/wp\/v2\/types\/page"}],"author":[{"embeddable":true,"href":"https:\/\/mustila.fi\/sv\/wp-json\/wp\/v2\/users\/1"}],"replies":[{"embeddable":true,"href":"https:\/\/mustila.fi\/sv\/wp-json\/wp\/v2\/comments?post=18516"}],"version-history":[{"count":6,"href":"https:\/\/mustila.fi\/sv\/wp-json\/wp\/v2\/pages\/18516\/revisions"}],"predecessor-version":[{"id":25366,"href":"https:\/\/mustila.fi\/sv\/wp-json\/wp\/v2\/pages\/18516\/revisions\/25366"}],"wp:attachment":[{"href":"https:\/\/mustila.fi\/sv\/wp-json\/wp\/v2\/media?parent=18516"}],"curies":[{"name":"wp","href":"https:\/\/api.w.org\/{rel}","templated":true}]}}