{"id":6495,"date":"2023-07-25T10:26:53","date_gmt":"2023-07-25T10:26:53","guid":{"rendered":"https:\/\/mustila.fi\/?page_id=6495"},"modified":"2025-06-04T16:04:13","modified_gmt":"2025-06-04T13:04:13","slug":"esittely","status":"publish","type":"page","link":"https:\/\/mustila.fi\/sv\/esittely\/","title":{"rendered":"Esittely"},"content":{"rendered":"\n<p>Arboretum Mustila on vuonna 1902 perustettu, Kymenlaakson Elim\u00e4ell\u00e4 sijaitseva Suomen suurin arboretum eli puulajipuisto. Yleis\u00f6lle avoimessa, 120 hehtaarin puistomets\u00e4ss\u00e4 ja mets\u00e4puutarhassa kasvaa satoja ulkomaisia ja kotimaisia puita ja pensaita tunnelmallisina kokonaisuuksina. Arboretumia yll\u00e4pit\u00e4v\u00e4 Mustilan Kotikunnass\u00e4\u00e4ti\u00f6 tutkii edelleen puuvartisten kasvien viljely\u00e4 ja kasvatusta, ja my\u00f6s myy harvinaisten kasvien siemeni\u00e4 ja taimia.<br><\/p>\n\n\n\n<figure class=\"wp-block-table\"><table><tbody><tr><td><a href=\"https:\/\/mustila.fi\/aukioloajat_ja_paasymaksut\">Aukioloajat<\/a><\/td><td><a href=\"https:\/\/mustila.fi\/sijainti_ja_yhteydet\">Ajo-ohjeet<\/a><\/td><\/tr><tr><td><a href=\"https:\/\/mustila.fi\/tapahtumakalenteri\">Tapahtumat<\/a><\/td><td><a href=\"https:\/\/mustila.fi\/yhteystiedot\">Yhteystiedot<\/a><\/td><\/tr><\/tbody><\/table><\/figure>\n\n\n\n<figure class=\"wp-block-image\"><img decoding=\"async\" src=\"https:\/\/mustila-html.uudetnettisivut.fi\/files\/tammimetsa_1.jpg\" alt=\"\"\/><\/figure>\n\n\n\n<p>Arboretum Mustilan perusti todellinen valtioneuvos A. F. Tigerstedt Mustilan kartanon l\u00e4nsipuolella sijaitsevalle Kotikunnaan m\u00e4elle. Ensimm\u00e4iset istutukset tehtiin 1902.&nbsp;Tarkoituksena oli tutkia ulkomaisten havupuiden viihtymist\u00e4 mets\u00e4puuna verrattuna kotimaisiin puulajeihin. &nbsp;<a href=\"https:\/\/mustila.fi\/mustilan_historia\">Arboretumin historian<\/a>&nbsp;alusta asti Tigerstedt oli kuitenkin kiinnostunut puista my\u00f6s esteettisesti ja koetoiminta laajeni nopeasti my\u00f6s lehtipuihin ja koristepensaisiin. Valtioneuvoksen apuna oli h\u00e4nen poikansa&nbsp;C. G. Tigerstedt, joka jatkoi is\u00e4ns\u00e4 ty\u00f6t\u00e4 ja perusti&nbsp;<a href=\"https:\/\/mustila.fi\/alueet\">Arboretumiin uusia alueita<\/a>, mm. kuuluisan Alppiruusulaakson, &#8221;puutarhataiteen kokeilualueen&#8221;.<\/p>\n\n\n\n<p>Vuodesta 1984 l\u00e4htien Arboretum Mustilaa on hoitanut ja yll\u00e4pit\u00e4nyt Mustilan kotikunnass\u00e4\u00e4ti\u00f6. S\u00e4\u00e4ti\u00f6n aikana koetoiminta on puhjennut uuteen kukoistukseen ja Arboretum on avattu yleis\u00f6lle julkiseksi&nbsp;<a href=\"https:\/\/mustila.fi\/aukioloajat_ja_paasymaksut\">retkikohteeksi<\/a>.<\/p>\n\n\n\n<p><a href=\"https:\/\/mustila.fi\/mustila_kasvupaikkana\">Kasvupaikkana<\/a>&nbsp;Arboretum Mustila on monipuolinen, ja 120 hehtaarin alueelta l\u00f6ytyy runsaasti erilaisia kasvupaikkoja kunkin kasvin erityisvaatimuksia varten. Elim\u00e4ki kuuluu menestymisvy\u00f6hykkeeseen III, mutta pienilmastoltaan edullinen Arboretum on suurelta osin laskettavissa pikemminkin II-vy\u00f6hykkeeseen.<\/p>\n\n\n\n<p><\/p>\n","protected":false},"excerpt":{"rendered":"<p>Arboretum Mustila on vuonna 1902 perustettu, Kymenlaakson Elim\u00e4ell\u00e4 sijaitseva Suomen suurin arboretum eli puulajipuisto. Yleis\u00f6lle avoimessa, 120 hehtaarin puistomets\u00e4ss\u00e4 ja mets\u00e4puutarhassa kasvaa satoja ulkomaisia ja kotimaisia puita ja pensaita tunnelmallisina kokonaisuuksina. Arboretumia yll\u00e4pit\u00e4v\u00e4 Mustilan Kotikunnass\u00e4\u00e4ti\u00f6 tutkii edelleen puuvartisten kasvien viljely\u00e4 ja kasvatusta, ja my\u00f6s myy harvinaisten kasvien siemeni\u00e4 ja taimia. Aukioloajat Ajo-ohjeet Tapahtumat Yhteystiedot Arboretum [&hellip;]<\/p>\n","protected":false},"author":2,"featured_media":0,"parent":0,"menu_order":0,"comment_status":"closed","ping_status":"closed","template":"","meta":{"iawp_total_views":2931,"footnotes":""},"class_list":["post-6495","page","type-page","status-publish","hentry"],"_links":{"self":[{"href":"https:\/\/mustila.fi\/sv\/wp-json\/wp\/v2\/pages\/6495","targetHints":{"allow":["GET"]}}],"collection":[{"href":"https:\/\/mustila.fi\/sv\/wp-json\/wp\/v2\/pages"}],"about":[{"href":"https:\/\/mustila.fi\/sv\/wp-json\/wp\/v2\/types\/page"}],"author":[{"embeddable":true,"href":"https:\/\/mustila.fi\/sv\/wp-json\/wp\/v2\/users\/2"}],"replies":[{"embeddable":true,"href":"https:\/\/mustila.fi\/sv\/wp-json\/wp\/v2\/comments?post=6495"}],"version-history":[{"count":0,"href":"https:\/\/mustila.fi\/sv\/wp-json\/wp\/v2\/pages\/6495\/revisions"}],"wp:attachment":[{"href":"https:\/\/mustila.fi\/sv\/wp-json\/wp\/v2\/media?parent=6495"}],"curies":[{"name":"wp","href":"https:\/\/api.w.org\/{rel}","templated":true}]}}