{"id":6507,"date":"2023-07-27T09:16:57","date_gmt":"2023-07-27T09:16:57","guid":{"rendered":"https:\/\/mustila.fi\/?page_id=6507"},"modified":"2023-07-27T09:16:58","modified_gmt":"2023-07-27T09:16:58","slug":"mista-kestavat-kasvit-tulevat","status":"publish","type":"page","link":"https:\/\/mustila.fi\/sv\/mista-kestavat-kasvit-tulevat\/","title":{"rendered":"Mist\u00e4 kest\u00e4v\u00e4t kasvit tulevat?"},"content":{"rendered":"\n<p>Yli sadan vuoden aikana Mustilaan on tuotu tuhansia siemen- ja taimieri\u00e4 kasveja eri puolilta maailmaa. Kaikki n\u00e4ist\u00e4 kasveista eiv\u00e4t suinkaan ole menestyneet toivotulla tavalla. Parhaiten menestyv\u00e4t puut ovat per\u00e4isin alueilta, joiden ilmasto muistuttaa mahdollisimman paljon Suomea. Mit\u00e4 enemm\u00e4n alkuper\u00e4alueen ilmasto poikkeaa Suomen oloista, sit\u00e4 huonommin kasvit ovat menestyneet. T\u00e4m\u00e4 on osoittautunut yli sadan vuoden kokemuksella eritt\u00e4in hyv\u00e4ksi nyrkkis\u00e4\u00e4nn\u00f6ksi, vaikka siit\u00e4 on joitain poikkeuksia, mm. refugioalueiden j\u00e4\u00e4kausireliktit, joissa on j\u00e4ljell\u00e4 geneettisesti ohjelmoitu kest\u00e4vyys nykyisi\u00e4 kasvupaikkoja huomattavasti kylmemm\u00e4ss\u00e4 ilmastossa.<\/p>\n\n\n\n<p>Oikea alkuper\u00e4 on ollut ehdoton edellytys monen arkana pidetyn kasvin hyv\u00e4lle viihtymiselle Mustilassa. Sama kasvilaji ker\u00e4ttyn\u00e4 etel\u00e4iselt\u00e4 rannikkoalueelta saattaa olla toivottoman arka, kun taas sis\u00e4maasta, pohjoisempaa tai vuoristosta ker\u00e4tty alkuper\u00e4 aivan samasta lajista menestyy erinomaisesti. Valitettavasti oikeat ilmastoalueet ovat usein syrj\u00e4isi\u00e4 ja vaikeakulkuisia seutuja. Monesti hyvien siementen hankintaan on tarvittu pitk\u00e4j\u00e4nteist\u00e4 ty\u00f6t\u00e4 ja paikallisia asiantuntijoita.<\/p>\n\n\n\n<p>Mustilaa vastaavat ilmastoalueet ovat pohjoisen havumets\u00e4vy\u00f6hykkeen ja lauhkean lehtomets\u00e4vy\u00f6hykkeen vaihettumisalueita (etel\u00e4boreaalinen ja hemiboreaalinen vy\u00f6hyke). Ilmasto Suomessa vaihtelee liev\u00e4sti mereisen ja liev\u00e4sti mantereisen v\u00e4lill\u00e4. Materiaalinhankinnassa on siksi keskitytt\u00e4v\u00e4 niihin vy\u00f6hykkeiden osiin, joissa ilmasto ei ole liian mereinen eik\u00e4 liian mantereinen. Suomeen ei siksi kannata ker\u00e4t\u00e4 siemeni\u00e4 hyvin mereisest\u00e4 boreaalisesta vy\u00f6hykkeest\u00e4 (esimerkiksi Skotlannista, Vancouverin saarelta tai Uudesta-Seelannista), eik\u00e4 liioin hyvin mantereisilta boreaalisilta alueilta (esimerkiksi It\u00e4-Siperian yl\u00e4ng\u00f6lt\u00e4).<\/p>\n\n\n\n<p>Mustilan kannalta keskeisi\u00e4 alkuper\u00e4alueita ovat:<\/p>\n\n\n\n<h3 class=\"wp-block-heading\"><a href=\"https:\/\/mustila.fi\/pohjois_amerikka\">Pohjois-Amerikka<\/a><\/h3>\n\n\n\n<h3 class=\"wp-block-heading\"><a href=\"https:\/\/mustila.fi\/eurooppa\">Eurooppa<\/a><\/h3>\n\n\n\n<h3 class=\"wp-block-heading\"><a href=\"https:\/\/mustila.fi\/kaukoita\">Kaukoit\u00e4<\/a><\/h3>\n\n\n\n<h3 class=\"wp-block-heading\"><a href=\"https:\/\/mustila.fi\/muut_alueet\">Muut alueet<\/a><\/h3>\n","protected":false},"excerpt":{"rendered":"<p>Yli sadan vuoden aikana Mustilaan on tuotu tuhansia siemen- ja taimieri\u00e4 kasveja eri puolilta maailmaa. Kaikki n\u00e4ist\u00e4 kasveista eiv\u00e4t suinkaan ole menestyneet toivotulla tavalla. Parhaiten menestyv\u00e4t puut ovat per\u00e4isin alueilta, joiden ilmasto muistuttaa mahdollisimman paljon Suomea. Mit\u00e4 enemm\u00e4n alkuper\u00e4alueen ilmasto poikkeaa Suomen oloista, sit\u00e4 huonommin kasvit ovat menestyneet. T\u00e4m\u00e4 on osoittautunut yli sadan vuoden kokemuksella [&hellip;]<\/p>\n","protected":false},"author":2,"featured_media":0,"parent":0,"menu_order":0,"comment_status":"closed","ping_status":"closed","template":"","meta":{"iawp_total_views":54,"footnotes":""},"class_list":["post-6507","page","type-page","status-publish","hentry"],"_links":{"self":[{"href":"https:\/\/mustila.fi\/sv\/wp-json\/wp\/v2\/pages\/6507","targetHints":{"allow":["GET"]}}],"collection":[{"href":"https:\/\/mustila.fi\/sv\/wp-json\/wp\/v2\/pages"}],"about":[{"href":"https:\/\/mustila.fi\/sv\/wp-json\/wp\/v2\/types\/page"}],"author":[{"embeddable":true,"href":"https:\/\/mustila.fi\/sv\/wp-json\/wp\/v2\/users\/2"}],"replies":[{"embeddable":true,"href":"https:\/\/mustila.fi\/sv\/wp-json\/wp\/v2\/comments?post=6507"}],"version-history":[{"count":0,"href":"https:\/\/mustila.fi\/sv\/wp-json\/wp\/v2\/pages\/6507\/revisions"}],"wp:attachment":[{"href":"https:\/\/mustila.fi\/sv\/wp-json\/wp\/v2\/media?parent=6507"}],"curies":[{"name":"wp","href":"https:\/\/api.w.org\/{rel}","templated":true}]}}