{"id":6510,"date":"2025-04-24T06:00:00","date_gmt":"2025-04-24T06:00:00","guid":{"rendered":"https:\/\/mustila.fi\/?page_id=6510"},"modified":"2025-04-24T19:40:50","modified_gmt":"2025-04-24T19:40:50","slug":"pohjois-amerikka","status":"publish","type":"page","link":"https:\/\/mustila.fi\/sv\/pohjois-amerikka\/","title":{"rendered":"Pohjois-Amerikka"},"content":{"rendered":"\n<p>Pohjois-Amerikka on t\u00e4rkeimpi\u00e4 Mustilaan tuotujen kasvien alkuper\u00e4alueita. Manteren l\u00e4nsiosista on tuotu paljon havupuita, it\u00e4osista enimm\u00e4kseen lehtipuita ja -pensaita.<\/p>\n\n\n\n<p>Kanadan l\u00e4ntisimm\u00e4n maakunnan Brittil\u00e4isen Kolumbian keskiosissa ilmasto vastaa l\u00e4hes t\u00e4ysin suomalaisia olosohteita. N\u00e4ilt\u00e4 alueilta per\u00e4isin ovat useimmat Mustilan t\u00e4rkeimmist\u00e4 havupuista: douglaskuusi (<em>Pseudotsuga menziesii<\/em>), kontortam\u00e4nty (<em>Pinus contorta<\/em>&nbsp;var.&nbsp;<em>latifolia<\/em>), j\u00e4ttituija (<em>Thuja plicata<\/em>), l\u00e4nnenhemlokki (<em>Tsuga heterophylla<\/em>) sek\u00e4 purppurapihta (<em>Abies amabilis<\/em>).<\/p>\n\n\n\n<p>Koillisen Pohjois-Amerikan lauhkean ilmastovy\u00f6hykkeen pohjoisreunalta, jossa talvet vastaavat suomalaisia olosuhteita kesien ollessa hieman meik\u00e4l\u00e4ist\u00e4 l\u00e4mpim\u00e4mpi\u00e4, eritoten lehtipuuvalikoima on runsas Pohjois-Eurooppaan verrattuna. Merkitt\u00e4vimm\u00e4t sielt\u00e4 tuoduista lehtipuista ovat punatammi (<em>Quercus rubra<\/em>), amerikanjalop\u00e4hkin\u00e4 (<em>Juglans cinerea<\/em>), punasaarni (<em>Fraxinus pennsylvanica<\/em>), punavaahtera (<em>Acer rubrum<\/em>) ja sokerivaahtera (<em>Acer saccharum<\/em>). Muutamat Mustilan keskeisimmist\u00e4 havupuulajeista, mm. palsamipihta (<em>Abies balsamea<\/em>) sek\u00e4 kanadantuija (<em>Thuja occidentalis<\/em>), ovat Kanadan it\u00e4osista. N\u00e4ill\u00e4 seuduilla esiintyv\u00e4t my\u00f6s mm. talvenkest\u00e4vin atselealaji kanadanatsalea (<em>Rhododendron canadense<\/em>) ja pensasmainen t\u00e4hk\u00e4vaahtera (<em>Acer spicatum<\/em>), jota arboretumiin istutettiin 2000-luvun alussa runsaasti.<\/p>\n\n\n\n<p>Pienemmiss\u00e4 m\u00e4\u00e4rin on tuotu kasveja my\u00f6s etel\u00e4mp\u00e4\u00e4 It\u00e4-Yhdysvaltain Appalakkien vuoristosta, joka on er\u00e4s lauhkean vy\u00f6hykkeen kasvien monimuotoisuuskeskuksista. Vanhoista Mustilan kasveista ovat Appalakeilta per\u00e4isin muun muassa uhanalainen lakkipuu (<em>Cladrastis kentukea<\/em>) sek\u00e4 vuoristojen yl\u00e4rinteill\u00e4 laajoja kasvustoja muodostava virginianalppiruusu (<em>Rhododendron catawbiense<\/em>), klassisten puistoalppiruusulajikkeiden kanta\u00e4iti. Appalakeille tehtiin vuonna 2017 siemenkeruumatka, jonka saalis suurelta osin viel\u00e4 odottaa istutustaan arboretumiin. Jo istutettuja keruumatkan helmi\u00e4 ovat mm. hein\u00e4kuussa kukkivat leve\u00e4lehtikalmia (<em>Kalmia latifolia<\/em>) ja appalakkienalppiruusu (<em>Rhododendron maximum<\/em>). <\/p>\n\n\n\n<p>Etel\u00e4-Yhdysvaltain Kalliovuorilta kotoisin olevat harmaapihta (<em>Abies concolor<\/em>) ja korkkipihta (<em>Abies lasiocarpa<\/em>\u00a0var.\u00a0<em>arizonica<\/em>) menestyv\u00e4t mets\u00e4puina vain v\u00e4ltt\u00e4v\u00e4sti, mutta ovat sit\u00e4kin arvokkaampia puistopuita hopeanharmaine neulasineen. Kyseinen vuoristoalue ei ole puuvartisten kasvien osalta yht\u00e4 rikas kuin Appalakit, mutta siell\u00e4kin lukuisat kiinnostavat j\u00e4\u00e4kausireliktit ovat odottaneet suomalaista siementen ker\u00e4\u00e4j\u00e4\u00e4. Lounais-Yhdysvaltoihin tehtiin 2023 pohjoismais-amerikkalainen siemenkeruumatka, johon osallistui my\u00f6s Jaakko Saarinen Mustilasta.<\/p>\n","protected":false},"excerpt":{"rendered":"<p>Pohjois-Amerikka on t\u00e4rkeimpi\u00e4 Mustilaan tuotujen kasvien alkuper\u00e4alueita. Manteren l\u00e4nsiosista on tuotu paljon havupuita, it\u00e4osista enimm\u00e4kseen lehtipuita ja -pensaita. Kanadan l\u00e4ntisimm\u00e4n maakunnan Brittil\u00e4isen Kolumbian keskiosissa ilmasto vastaa l\u00e4hes t\u00e4ysin suomalaisia olosohteita. N\u00e4ilt\u00e4 alueilta per\u00e4isin ovat useimmat Mustilan t\u00e4rkeimmist\u00e4 havupuista: douglaskuusi (Pseudotsuga menziesii), kontortam\u00e4nty (Pinus contorta&nbsp;var.&nbsp;latifolia), j\u00e4ttituija (Thuja plicata), l\u00e4nnenhemlokki (Tsuga heterophylla) sek\u00e4 purppurapihta (Abies amabilis). Koillisen [&hellip;]<\/p>\n","protected":false},"author":9,"featured_media":0,"parent":0,"menu_order":0,"comment_status":"closed","ping_status":"closed","template":"","meta":{"iawp_total_views":87,"footnotes":""},"class_list":["post-6510","page","type-page","status-publish","hentry"],"_links":{"self":[{"href":"https:\/\/mustila.fi\/sv\/wp-json\/wp\/v2\/pages\/6510","targetHints":{"allow":["GET"]}}],"collection":[{"href":"https:\/\/mustila.fi\/sv\/wp-json\/wp\/v2\/pages"}],"about":[{"href":"https:\/\/mustila.fi\/sv\/wp-json\/wp\/v2\/types\/page"}],"author":[{"embeddable":true,"href":"https:\/\/mustila.fi\/sv\/wp-json\/wp\/v2\/users\/9"}],"replies":[{"embeddable":true,"href":"https:\/\/mustila.fi\/sv\/wp-json\/wp\/v2\/comments?post=6510"}],"version-history":[{"count":0,"href":"https:\/\/mustila.fi\/sv\/wp-json\/wp\/v2\/pages\/6510\/revisions"}],"wp:attachment":[{"href":"https:\/\/mustila.fi\/sv\/wp-json\/wp\/v2\/media?parent=6510"}],"curies":[{"name":"wp","href":"https:\/\/api.w.org\/{rel}","templated":true}]}}