{"id":6539,"date":"2023-07-27T09:50:28","date_gmt":"2023-07-27T09:50:28","guid":{"rendered":"https:\/\/mustila.fi\/?page_id=6539"},"modified":"2023-09-26T18:51:15","modified_gmt":"2023-09-26T18:51:15","slug":"projektit-ulsike","status":"publish","type":"page","link":"https:\/\/mustila.fi\/sv\/projektit-ulsike\/","title":{"rendered":"Projektit: Ulsike"},"content":{"rendered":"\n<p>Arboretum Mustila aloitti vuonna 1992 ulkomaisten kasvilajien menestymist\u00e4 selvitt\u00e4v\u00e4n kasvatuskokeiluprojektin. Kasviharrastajat ymp\u00e4ri Suomen tilasivat Mustilan Arboretumilta ennest\u00e4\u00e4n v\u00e4h\u00e4n tai ei lainkaan viljeltyj\u00e4 kasvilajeja jokakev\u00e4isen\u00e4 siemenkirjeenvaihtona vuosina 1992\u20131997. Kasvien menestymist\u00e4 seurattiin seurantaraporttien avulla vuosituhannen vaihteeseen asti. Kasviharrastajien arvokkaat raportit muodostavat omalta osaltaan kuvaa siit\u00e4, miten projektiin valitut lajit soveltuvat Suomen ilmastoon.<\/p>\n\n\n\n<p>Allaolevat kasvikuvaukset jaettiin siemenkirjeiden yhteydess\u00e4 koekasvattajille, ja vastaavat aikansa eli 1990-luvun k\u00e4sityksi\u00e4, samoin loppuraportti. Ulsike-lajien tilanne 30 vuotta hankkeen j\u00e4lkeen olisi kiinnostava tutkimusaihe esim. graduntekij\u00e4lle. Hankkeen koekasvattajat eiv\u00e4t kaikki en\u00e4\u00e4 ole elossa tai tavoitettavissa, mutta hankekasveista tulee edelleen menstymistietoa ja havaintoja.<\/p>\n\n\n\n<p><a href=\"https:\/\/mustila.fi\/1992-2\/\" data-type=\"page\" data-id=\"6654\">Koelajit 1992<\/a><\/p>\n\n\n\n<p><a href=\"https:\/\/mustila.fi\/1993-2\/\" data-type=\"page\" data-id=\"6656\">Koelajit 1993<\/a><\/p>\n\n\n\n<p><a href=\"https:\/\/mustila.fi\/1994-2\/\" data-type=\"page\" data-id=\"6658\">Koelajit 1994<\/a><\/p>\n\n\n\n<p><a href=\"https:\/\/mustila.fi\/1995-2\/\" data-type=\"page\" data-id=\"6660\">Koelajit 1995<\/a><\/p>\n\n\n\n<p><a href=\"https:\/\/mustila.fi\/1996-2\/\" data-type=\"page\" data-id=\"6662\">Koelajit 1996<\/a><\/p>\n\n\n\n<p><a href=\"https:\/\/mustila.fi\/1997-2\/\" data-type=\"page\" data-id=\"6664\">Koelajit 1997<\/a><\/p>\n\n\n\n<p>Loppuraportti<\/p>\n","protected":false},"excerpt":{"rendered":"<p>Arboretum Mustila aloitti vuonna 1992 ulkomaisten kasvilajien menestymist\u00e4 selvitt\u00e4v\u00e4n kasvatuskokeiluprojektin. Kasviharrastajat ymp\u00e4ri Suomen tilasivat Mustilan Arboretumilta ennest\u00e4\u00e4n v\u00e4h\u00e4n tai ei lainkaan viljeltyj\u00e4 kasvilajeja jokakev\u00e4isen\u00e4 siemenkirjeenvaihtona vuosina 1992\u20131997. Kasvien menestymist\u00e4 seurattiin seurantaraporttien avulla vuosituhannen vaihteeseen asti. Kasviharrastajien arvokkaat raportit muodostavat omalta osaltaan kuvaa siit\u00e4, miten projektiin valitut lajit soveltuvat Suomen ilmastoon. Allaolevat kasvikuvaukset jaettiin siemenkirjeiden yhteydess\u00e4 [&hellip;]<\/p>\n","protected":false},"author":2,"featured_media":0,"parent":0,"menu_order":0,"comment_status":"closed","ping_status":"closed","template":"","meta":{"iawp_total_views":32,"footnotes":""},"class_list":["post-6539","page","type-page","status-publish","hentry"],"_links":{"self":[{"href":"https:\/\/mustila.fi\/sv\/wp-json\/wp\/v2\/pages\/6539","targetHints":{"allow":["GET"]}}],"collection":[{"href":"https:\/\/mustila.fi\/sv\/wp-json\/wp\/v2\/pages"}],"about":[{"href":"https:\/\/mustila.fi\/sv\/wp-json\/wp\/v2\/types\/page"}],"author":[{"embeddable":true,"href":"https:\/\/mustila.fi\/sv\/wp-json\/wp\/v2\/users\/2"}],"replies":[{"embeddable":true,"href":"https:\/\/mustila.fi\/sv\/wp-json\/wp\/v2\/comments?post=6539"}],"version-history":[{"count":0,"href":"https:\/\/mustila.fi\/sv\/wp-json\/wp\/v2\/pages\/6539\/revisions"}],"wp:attachment":[{"href":"https:\/\/mustila.fi\/sv\/wp-json\/wp\/v2\/media?parent=6539"}],"curies":[{"name":"wp","href":"https:\/\/api.w.org\/{rel}","templated":true}]}}