{"id":6561,"date":"2023-07-28T07:42:58","date_gmt":"2023-07-28T07:42:58","guid":{"rendered":"https:\/\/mustila.fi\/?page_id=6561"},"modified":"2026-03-08T00:08:37","modified_gmt":"2026-03-07T22:08:37","slug":"mustilan-ystavat","status":"publish","type":"page","link":"https:\/\/mustila.fi\/sv\/mustilan-ystavat\/","title":{"rendered":"Mustilan yst\u00e4v\u00e4t"},"content":{"rendered":"\n<figure class=\"wp-block-image\"><img decoding=\"async\" src=\"\/wp-content\/uploads\/tiedostot\/mustilassa_10-06-2007.jpg\" alt=\"mustilassa_10-06-2007.jpg\"\/><\/figure>\n\n\n\n<figure class=\"wp-block-image\"><img decoding=\"async\" src=\"\/wp-content\/uploads\/tiedostot\/logo_suomi_ruotsi_transparent_500pix.gif\" alt=\"Arboretum Mustilan Yst\u00e4v\u00e4t ry - Arboretum Mustilas V\u00e4nner rf\"\/><\/figure>\n\n\n\n<p><strong>Arboretum Mustilan Yst\u00e4v\u00e4t ry<\/strong>&nbsp;kokoaa yhteen henkil\u00f6t ja yhteis\u00f6t, jotka haluavat j\u00e4senyydell\u00e4\u00e4n tukea arboretumia ja sen tekem\u00e4\u00e4 ty\u00f6t\u00e4 elinymp\u00e4rist\u00f6mme kasvilajiston monipuolistamiseksi. J\u00e4senet p\u00e4\u00e4sev\u00e4t yhdistyksen kautta my\u00f6s osallistumaan arboretumin ja sen toiminnan kehitt\u00e4miseen. Tukiyhdistys ohjaa ker\u00e4\u00e4mi\u00e4\u00e4n varoja mm. uuden kasvimateriaalin hankintaan, uusien painotuotteiden tekemiseen tai tarvittaessa my\u00f6s itse arboretumin hoitoon. J\u00e4senille Mustilan Kotikunnass\u00e4\u00e4ti\u00f6 on luvannut maksuttoman sis\u00e4\u00e4np\u00e4\u00e4syn arboretumiin, alennuksen myyt\u00e4v\u00e4st\u00e4 taimimateriaalista sek\u00e4 mahdollisuuden hankkia vain yst\u00e4v\u00e4yhdistyksen j\u00e4senille tarjottavia, l\u00e4hinn\u00e4 tutkimusk\u00e4ytt\u00f6\u00f6n tarkoitettuja taimi- ja siemeneri\u00e4. Yhdistys j\u00e4rjest\u00e4\u00e4 my\u00f6s j\u00e4senilleen retkeilyj\u00e4, luentoja sek\u00e4 kiertok\u00e4velyj\u00e4 arboretumissa.<\/p>\n\n\n\n<p>Yhdistyksen hallituksen puheenjohtajana toimii Matti Huotari, varapuheenjohtajana Helj\u00e4 Korkeala, sihteerin\u00e4 Jukka-Pekka Viitanen ja varainhoitajana Sami Kananoja.<\/p>\n\n\n\n<p>Yhteyden toimihenkil\u00f6ihin saa parhaiten s\u00e4hk\u00f6postitse&nbsp;<a href=\"mailto:mustilan.ystavat@mustila.fi\">mustilan.ystavat@mustila.fi<\/a><\/p>\n\n\n\n<p><a href=\"\/liity-jaseneksi\/\">Liity j\u00e4seneksi<\/a><\/p>\n","protected":false},"excerpt":{"rendered":"<p>Arboretum Mustilan Yst\u00e4v\u00e4t ry&nbsp;kokoaa yhteen henkil\u00f6t ja yhteis\u00f6t, jotka haluavat j\u00e4senyydell\u00e4\u00e4n tukea arboretumia ja sen tekem\u00e4\u00e4 ty\u00f6t\u00e4 elinymp\u00e4rist\u00f6mme kasvilajiston monipuolistamiseksi. J\u00e4senet p\u00e4\u00e4sev\u00e4t yhdistyksen kautta my\u00f6s osallistumaan arboretumin ja sen toiminnan kehitt\u00e4miseen. Tukiyhdistys ohjaa ker\u00e4\u00e4mi\u00e4\u00e4n varoja mm. uuden kasvimateriaalin hankintaan, uusien painotuotteiden tekemiseen tai tarvittaessa my\u00f6s itse arboretumin hoitoon. J\u00e4senille Mustilan Kotikunnass\u00e4\u00e4ti\u00f6 on luvannut maksuttoman sis\u00e4\u00e4np\u00e4\u00e4syn [&hellip;]<\/p>\n","protected":false},"author":2,"featured_media":0,"parent":0,"menu_order":0,"comment_status":"closed","ping_status":"closed","template":"","meta":{"iawp_total_views":1093,"footnotes":""},"class_list":["post-6561","page","type-page","status-publish","hentry"],"_links":{"self":[{"href":"https:\/\/mustila.fi\/sv\/wp-json\/wp\/v2\/pages\/6561","targetHints":{"allow":["GET"]}}],"collection":[{"href":"https:\/\/mustila.fi\/sv\/wp-json\/wp\/v2\/pages"}],"about":[{"href":"https:\/\/mustila.fi\/sv\/wp-json\/wp\/v2\/types\/page"}],"author":[{"embeddable":true,"href":"https:\/\/mustila.fi\/sv\/wp-json\/wp\/v2\/users\/2"}],"replies":[{"embeddable":true,"href":"https:\/\/mustila.fi\/sv\/wp-json\/wp\/v2\/comments?post=6561"}],"version-history":[{"count":0,"href":"https:\/\/mustila.fi\/sv\/wp-json\/wp\/v2\/pages\/6561\/revisions"}],"wp:attachment":[{"href":"https:\/\/mustila.fi\/sv\/wp-json\/wp\/v2\/media?parent=6561"}],"curies":[{"name":"wp","href":"https:\/\/api.w.org\/{rel}","templated":true}]}}